{"id":24592,"date":"2022-09-22T13:24:29","date_gmt":"2022-09-22T11:24:29","guid":{"rendered":"https:\/\/ztove.com\/product\/ztove-pan-24-cm\/"},"modified":"2025-11-16T16:27:30","modified_gmt":"2025-11-16T15:27:30","slug":"ztove-stekpanna-24-cm","status":"publish","type":"product","link":"https:\/\/ztove.com\/sv\/produkt\/ztove-stekpanna-24-cm\/","title":{"rendered":"Ztove stekpanna \u2013 24 cm"},"content":{"rendered":"","protected":false},"excerpt":{"rendered":"<p>Ztove Smart K\u00f6ksredskap sp\u00e5rar temperaturen med 1 \u00baC precision. Anslut det till Ztove Induktionsh\u00e4ll f\u00f6r att styra temperaturen fr\u00e5n 0\u2013250 \u00b0C. Ingenting br\u00e4nns. Ingenting kokar \u00f6ver.<\/p>\n<ul>\n<li><strong>Inbyggd temperatursensor:<\/strong> M\u00e4ts med \u00b1 1 \u00b0C precision.<\/li>\n<li><strong>Tjock botten av st\u00e5l och aluminium:<\/strong> Ger perfekt v\u00e4rmef\u00f6rdelning.<\/li>\n<li><strong>H\u00e5ll under 220 \u00b0C:<\/strong> S\u00e4kerst\u00e4ller l\u00e5ngvarig non-stick-prestanda.<\/li>\n<\/ul>\n<p>Ztove Panna \u2013 24 cm \u00e4r perfekt f\u00f6r vardagsanv\u00e4ndning. Non-stick-bel\u00e4ggningen ser till att inget fastnar i pannan. Den levereras med ett glaslock.<\/p>\n","protected":false},"featured_media":20544,"template":"","meta":{"_acf_changed":false},"product_brand":[],"product_cat":[837],"product_tag":[],"class_list":{"0":"post-24592","1":"product","2":"type-product","3":"status-publish","4":"has-post-thumbnail","6":"product_cat-kogegrej-mix-match-sv","8":"first","9":"instock","10":"taxable","11":"shipping-taxable","12":"purchasable","13":"product-type-simple"},"acf":[],"yoast_head":"<!-- This site is optimized with the Yoast SEO plugin v27.2 - https:\/\/yoast.com\/product\/yoast-seo-wordpress\/ -->\n<title>Stekpanna 24 cm fr\u00e5n Ztove \u2013 H\u00e5llbar non-stick-bel\u00e4ggning<\/title>\n<meta name=\"description\" content=\"Denna stekpanna fr\u00e5n Ztove har en non-stick-bel\u00e4ggning och kan inte v\u00e4rmas till mer \u00e4n 250 \u00baC p\u00e5 en Ztove-h\u00e4ll. Detta \u00f6kar h\u00e5llbarheten avsev\u00e4rt.\" \/>\n<meta name=\"robots\" content=\"index, follow, max-snippet:-1, max-image-preview:large, max-video-preview:-1\" \/>\n<link rel=\"canonical\" href=\"https:\/\/ztove.com\/produkt\/ztove-pan-24-cm\/\" \/>\n<meta property=\"og:locale\" content=\"en_US\" \/>\n<meta property=\"og:type\" content=\"article\" \/>\n<meta property=\"og:title\" content=\"Stekpanna 24 cm fr\u00e5n Ztove \u2013 H\u00e5llbar non-stick-bel\u00e4ggning\" \/>\n<meta property=\"og:description\" content=\"Denna stekpanna fr\u00e5n Ztove har en non-stick-bel\u00e4ggning och kan inte v\u00e4rmas till mer \u00e4n 250 \u00baC p\u00e5 en Ztove-h\u00e4ll. Detta \u00f6kar h\u00e5llbarheten avsev\u00e4rt.\" \/>\n<meta property=\"og:url\" content=\"https:\/\/ztove.com\/produkt\/ztove-pan-24-cm\/\" \/>\n<meta property=\"og:site_name\" content=\"Ztove\" \/>\n<meta property=\"article:publisher\" content=\"https:\/\/www.facebook.com\/Ztove\/\" \/>\n<meta property=\"article:modified_time\" content=\"2025-11-16T15:27:30+00:00\" \/>\n<meta property=\"og:image\" content=\"https:\/\/ztove.com\/wp-content\/uploads\/2022\/09\/24-cm-pan-scaled.jpeg\" \/>\n\t<meta property=\"og:image:width\" content=\"2560\" \/>\n\t<meta property=\"og:image:height\" content=\"1707\" \/>\n\t<meta property=\"og:image:type\" content=\"image\/jpeg\" \/>\n<meta name=\"twitter:card\" content=\"summary_large_image\" \/>\n<meta name=\"twitter:label1\" content=\"Est. reading time\" \/>\n\t<meta name=\"twitter:data1\" content=\"1 minute\" \/>\n<script type=\"application\/ld+json\" class=\"yoast-schema-graph\">{\"@context\":\"https:\/\/schema.org\",\"@graph\":[{\"@type\":\"WebPage\",\"@id\":\"https:\/\/ztove.com\/produkt\/ztove-pan-24-cm\/\",\"url\":\"https:\/\/ztove.com\/produkt\/ztove-pan-24-cm\/\",\"name\":\"Stekpanna 24 cm fr\u00e5n Ztove \u2013 H\u00e5llbar non-stick-bel\u00e4ggning\",\"isPartOf\":{\"@id\":\"https:\/\/ztove.com\/#website\"},\"primaryImageOfPage\":{\"@id\":\"https:\/\/ztove.com\/produkt\/ztove-pan-24-cm\/#primaryimage\"},\"image\":{\"@id\":\"https:\/\/ztove.com\/produkt\/ztove-pan-24-cm\/#primaryimage\"},\"thumbnailUrl\":\"https:\/\/ztove.com\/wp-content\/uploads\/2022\/09\/24-cm-pan-scaled.jpeg\",\"datePublished\":\"2022-09-22T11:24:29+00:00\",\"dateModified\":\"2025-11-16T15:27:30+00:00\",\"description\":\"Denna stekpanna fr\u00e5n Ztove har en non-stick-bel\u00e4ggning och kan inte v\u00e4rmas till mer \u00e4n 250 \u00baC p\u00e5 en Ztove-h\u00e4ll. Detta \u00f6kar h\u00e5llbarheten avsev\u00e4rt.\",\"breadcrumb\":{\"@id\":\"https:\/\/ztove.com\/produkt\/ztove-pan-24-cm\/#breadcrumb\"},\"inLanguage\":\"se-SE\",\"potentialAction\":[{\"@type\":\"ReadAction\",\"target\":[\"https:\/\/ztove.com\/produkt\/ztove-pan-24-cm\/\"]}]},{\"@type\":\"ImageObject\",\"inLanguage\":\"se-SE\",\"@id\":\"https:\/\/ztove.com\/produkt\/ztove-pan-24-cm\/#primaryimage\",\"url\":\"https:\/\/ztove.com\/wp-content\/uploads\/2022\/09\/24-cm-pan-scaled.jpeg\",\"contentUrl\":\"https:\/\/ztove.com\/wp-content\/uploads\/2022\/09\/24-cm-pan-scaled.jpeg\",\"width\":2560,\"height\":1707},{\"@type\":\"BreadcrumbList\",\"@id\":\"https:\/\/ztove.com\/produkt\/ztove-pan-24-cm\/#breadcrumb\",\"itemListElement\":[{\"@type\":\"ListItem\",\"position\":1,\"name\":\"Hjem\",\"item\":\"https:\/\/ztove.com\/\"},{\"@type\":\"ListItem\",\"position\":2,\"name\":\"Products\",\"item\":\"https:\/\/ztove.com\/products\/\"},{\"@type\":\"ListItem\",\"position\":3,\"name\":\"Ztove stekpanna \u2013 24 cm\"}]},{\"@type\":\"WebSite\",\"@id\":\"https:\/\/ztove.com\/#website\",\"url\":\"https:\/\/ztove.com\/\",\"name\":\"Ztove\",\"description\":\"Upplev precis temperaturstyrning\\n\",\"publisher\":{\"@id\":\"https:\/\/ztove.com\/#organization\"},\"potentialAction\":[{\"@type\":\"SearchAction\",\"target\":{\"@type\":\"EntryPoint\",\"urlTemplate\":\"https:\/\/ztove.com\/?s={search_term_string}\"},\"query-input\":{\"@type\":\"PropertyValueSpecification\",\"valueRequired\":true,\"valueName\":\"search_term_string\"}}],\"inLanguage\":\"se-SE\"},{\"@type\":\"Organization\",\"@id\":\"https:\/\/ztove.com\/#organization\",\"name\":\"Ztove\",\"url\":\"https:\/\/ztove.com\/\",\"logo\":{\"@type\":\"ImageObject\",\"inLanguage\":\"se-SE\",\"@id\":\"https:\/\/ztove.com\/#\/schema\/logo\/image\/\",\"url\":\"https:\/\/ztove.com\/wp-content\/uploads\/2022\/10\/Ztove-Full-Brand-Horizontal-RGB.png\",\"contentUrl\":\"https:\/\/ztove.com\/wp-content\/uploads\/2022\/10\/Ztove-Full-Brand-Horizontal-RGB.png\",\"width\":2560,\"height\":801,\"caption\":\"Ztove\"},\"image\":{\"@id\":\"https:\/\/ztove.com\/#\/schema\/logo\/image\/\"},\"sameAs\":[\"https:\/\/www.facebook.com\/Ztove\/\"]}]}<\/script>\n<!-- \/ Yoast SEO plugin. -->","yoast_head_json":{"title":"Stekpanna 24 cm fr\u00e5n Ztove \u2013 H\u00e5llbar non-stick-bel\u00e4ggning","description":"Denna stekpanna fr\u00e5n Ztove har en non-stick-bel\u00e4ggning och kan inte v\u00e4rmas till mer \u00e4n 250 \u00baC p\u00e5 en Ztove-h\u00e4ll. Detta \u00f6kar h\u00e5llbarheten avsev\u00e4rt.","robots":{"index":"index","follow":"follow","max-snippet":"max-snippet:-1","max-image-preview":"max-image-preview:large","max-video-preview":"max-video-preview:-1"},"canonical":"https:\/\/ztove.com\/produkt\/ztove-pan-24-cm\/","og_locale":"en_US","og_type":"article","og_title":"Stekpanna 24 cm fr\u00e5n Ztove \u2013 H\u00e5llbar non-stick-bel\u00e4ggning","og_description":"Denna stekpanna fr\u00e5n Ztove har en non-stick-bel\u00e4ggning och kan inte v\u00e4rmas till mer \u00e4n 250 \u00baC p\u00e5 en Ztove-h\u00e4ll. Detta \u00f6kar h\u00e5llbarheten avsev\u00e4rt.","og_url":"https:\/\/ztove.com\/produkt\/ztove-pan-24-cm\/","og_site_name":"Ztove","article_publisher":"https:\/\/www.facebook.com\/Ztove\/","article_modified_time":"2025-11-16T15:27:30+00:00","og_image":[{"width":2560,"height":1707,"url":"https:\/\/ztove.com\/wp-content\/uploads\/2022\/09\/24-cm-pan-scaled.jpeg","type":"image\/jpeg"}],"twitter_card":"summary_large_image","twitter_misc":{"Est. reading time":"1 minute"},"schema":{"@context":"https:\/\/schema.org","@graph":[{"@type":"WebPage","@id":"https:\/\/ztove.com\/produkt\/ztove-pan-24-cm\/","url":"https:\/\/ztove.com\/produkt\/ztove-pan-24-cm\/","name":"Stekpanna 24 cm fr\u00e5n Ztove \u2013 H\u00e5llbar non-stick-bel\u00e4ggning","isPartOf":{"@id":"https:\/\/ztove.com\/#website"},"primaryImageOfPage":{"@id":"https:\/\/ztove.com\/produkt\/ztove-pan-24-cm\/#primaryimage"},"image":{"@id":"https:\/\/ztove.com\/produkt\/ztove-pan-24-cm\/#primaryimage"},"thumbnailUrl":"https:\/\/ztove.com\/wp-content\/uploads\/2022\/09\/24-cm-pan-scaled.jpeg","datePublished":"2022-09-22T11:24:29+00:00","dateModified":"2025-11-16T15:27:30+00:00","description":"Denna stekpanna fr\u00e5n Ztove har en non-stick-bel\u00e4ggning och kan inte v\u00e4rmas till mer \u00e4n 250 \u00baC p\u00e5 en Ztove-h\u00e4ll. Detta \u00f6kar h\u00e5llbarheten avsev\u00e4rt.","breadcrumb":{"@id":"https:\/\/ztove.com\/produkt\/ztove-pan-24-cm\/#breadcrumb"},"inLanguage":"se-SE","potentialAction":[{"@type":"ReadAction","target":["https:\/\/ztove.com\/produkt\/ztove-pan-24-cm\/"]}]},{"@type":"ImageObject","inLanguage":"se-SE","@id":"https:\/\/ztove.com\/produkt\/ztove-pan-24-cm\/#primaryimage","url":"https:\/\/ztove.com\/wp-content\/uploads\/2022\/09\/24-cm-pan-scaled.jpeg","contentUrl":"https:\/\/ztove.com\/wp-content\/uploads\/2022\/09\/24-cm-pan-scaled.jpeg","width":2560,"height":1707},{"@type":"BreadcrumbList","@id":"https:\/\/ztove.com\/produkt\/ztove-pan-24-cm\/#breadcrumb","itemListElement":[{"@type":"ListItem","position":1,"name":"Hjem","item":"https:\/\/ztove.com\/"},{"@type":"ListItem","position":2,"name":"Products","item":"https:\/\/ztove.com\/products\/"},{"@type":"ListItem","position":3,"name":"Ztove stekpanna \u2013 24 cm"}]},{"@type":"WebSite","@id":"https:\/\/ztove.com\/#website","url":"https:\/\/ztove.com\/","name":"Ztove","description":"Upplev precis temperaturstyrning\n","publisher":{"@id":"https:\/\/ztove.com\/#organization"},"potentialAction":[{"@type":"SearchAction","target":{"@type":"EntryPoint","urlTemplate":"https:\/\/ztove.com\/?s={search_term_string}"},"query-input":{"@type":"PropertyValueSpecification","valueRequired":true,"valueName":"search_term_string"}}],"inLanguage":"se-SE"},{"@type":"Organization","@id":"https:\/\/ztove.com\/#organization","name":"Ztove","url":"https:\/\/ztove.com\/","logo":{"@type":"ImageObject","inLanguage":"se-SE","@id":"https:\/\/ztove.com\/#\/schema\/logo\/image\/","url":"https:\/\/ztove.com\/wp-content\/uploads\/2022\/10\/Ztove-Full-Brand-Horizontal-RGB.png","contentUrl":"https:\/\/ztove.com\/wp-content\/uploads\/2022\/10\/Ztove-Full-Brand-Horizontal-RGB.png","width":2560,"height":801,"caption":"Ztove"},"image":{"@id":"https:\/\/ztove.com\/#\/schema\/logo\/image\/"},"sameAs":["https:\/\/www.facebook.com\/Ztove\/"]}]}},"_links":{"self":[{"href":"https:\/\/ztove.com\/sv\/wp-json\/wp\/v2\/product\/24592","targetHints":{"allow":["GET"]}}],"collection":[{"href":"https:\/\/ztove.com\/sv\/wp-json\/wp\/v2\/product"}],"about":[{"href":"https:\/\/ztove.com\/sv\/wp-json\/wp\/v2\/types\/product"}],"wp:featuredmedia":[{"embeddable":true,"href":"https:\/\/ztove.com\/sv\/wp-json\/wp\/v2\/media\/20544"}],"wp:attachment":[{"href":"https:\/\/ztove.com\/sv\/wp-json\/wp\/v2\/media?parent=24592"}],"wp:term":[{"taxonomy":"product_brand","embeddable":true,"href":"https:\/\/ztove.com\/sv\/wp-json\/wp\/v2\/product_brand?post=24592"},{"taxonomy":"product_cat","embeddable":true,"href":"https:\/\/ztove.com\/sv\/wp-json\/wp\/v2\/product_cat?post=24592"},{"taxonomy":"product_tag","embeddable":true,"href":"https:\/\/ztove.com\/sv\/wp-json\/wp\/v2\/product_tag?post=24592"}],"curies":[{"name":"wp","href":"https:\/\/api.w.org\/{rel}","templated":true}]}}