{"id":24582,"date":"2022-09-25T21:03:23","date_gmt":"2022-09-25T19:03:23","guid":{"rendered":"https:\/\/ztove.com\/product\/ztove-pot-1-5-l\/"},"modified":"2025-07-02T16:34:54","modified_gmt":"2025-07-02T14:34:54","slug":"ztove-kastrull-15-l","status":"publish","type":"product","link":"https:\/\/ztove.com\/sv\/produkt\/ztove-kastrull-15-l\/","title":{"rendered":"Ztove Kastrull \u2013 1,5 L"},"content":{"rendered":"","protected":false},"excerpt":{"rendered":"<p>Ztove Smart K\u00f6ksredskap m\u00e4ter temperaturen med en precision p\u00e5 1 \u00b0C. Koppla det till Ztoves induktionsh\u00e4ll f\u00f6r att kontrollera temperaturen mellan 0\u2013250 \u00b0C. Ingenting br\u00e4nns vid eller kokar \u00f6ver.<\/p>\n<ul>\n<li><strong>Inbyggd temperatursensor:<\/strong> M\u00e4ts med en precision p\u00e5 1 \u00b0C.<\/li>\n<li><strong>Tjock 3-lagers botten av st\u00e5l och aluminium:<\/strong> S\u00e4kerst\u00e4ller perfekt v\u00e4rmef\u00f6rdelning.<\/li>\n<li><strong>Droppfria h\u00e4llkanter:<\/strong> H\u00e4ll utan spill.<\/li>\n<\/ul>\n<p>Kastrullen p\u00e5 1,5 liter \u00e4r perfekt f\u00f6r att tillaga sm\u00e5 portioner, l\u00e4ckra s\u00e5ser eller koka \u00e4gg. Ett glaslock ing\u00e5r.<\/p>\n","protected":false},"featured_media":20764,"template":"","meta":{"_acf_changed":false},"product_brand":[],"product_cat":[837],"product_tag":[],"class_list":{"0":"post-24582","1":"product","2":"type-product","3":"status-publish","4":"has-post-thumbnail","6":"product_cat-kogegrej-mix-match-sv","8":"first","9":"instock","10":"taxable","11":"shipping-taxable","12":"purchasable","13":"product-type-simple"},"acf":[],"yoast_head":"<!-- This site is optimized with the Yoast SEO plugin v27.2 - https:\/\/yoast.com\/product\/yoast-seo-wordpress\/ -->\n<title>Kastrull 1,5 liter fr\u00e5n Ztove \u2013 Tjock 3-lagers botten<\/title>\n<meta name=\"description\" content=\"1,5-liters kastrull fr\u00e5n Ztove med innovativ 3-lagers konstruktion av st\u00e5l och aluminium. \u00d6verl\u00e4gsen v\u00e4rmef\u00f6rdelning och en droppfri kant.\" \/>\n<meta name=\"robots\" content=\"index, follow, max-snippet:-1, max-image-preview:large, max-video-preview:-1\" \/>\n<link rel=\"canonical\" href=\"https:\/\/ztove.com\/produkt\/ztove-saucepan-15-l\/\" \/>\n<meta property=\"og:locale\" content=\"en_US\" \/>\n<meta property=\"og:type\" content=\"article\" \/>\n<meta property=\"og:title\" content=\"Kastrull 1,5 liter fr\u00e5n Ztove \u2013 Tjock 3-lagers botten\" \/>\n<meta property=\"og:description\" content=\"1,5-liters kastrull fr\u00e5n Ztove med innovativ 3-lagers konstruktion av st\u00e5l och aluminium. \u00d6verl\u00e4gsen v\u00e4rmef\u00f6rdelning och en droppfri kant.\" \/>\n<meta property=\"og:url\" content=\"https:\/\/ztove.com\/produkt\/ztove-saucepan-15-l\/\" \/>\n<meta property=\"og:site_name\" content=\"Ztove\" \/>\n<meta property=\"article:publisher\" content=\"https:\/\/www.facebook.com\/Ztove\/\" \/>\n<meta property=\"article:modified_time\" content=\"2025-07-02T14:34:54+00:00\" \/>\n<meta property=\"og:image\" content=\"https:\/\/ztove.com\/wp-content\/uploads\/2022\/09\/15-pot-scaled.jpeg\" \/>\n\t<meta property=\"og:image:width\" content=\"2560\" \/>\n\t<meta property=\"og:image:height\" content=\"1707\" \/>\n\t<meta property=\"og:image:type\" content=\"image\/jpeg\" \/>\n<meta name=\"twitter:card\" content=\"summary_large_image\" \/>\n<meta name=\"twitter:label1\" content=\"Est. reading time\" \/>\n\t<meta name=\"twitter:data1\" content=\"2 minutes\" \/>\n<script type=\"application\/ld+json\" class=\"yoast-schema-graph\">{\"@context\":\"https:\/\/schema.org\",\"@graph\":[{\"@type\":\"WebPage\",\"@id\":\"https:\/\/ztove.com\/produkt\/ztove-saucepan-15-l\/\",\"url\":\"https:\/\/ztove.com\/produkt\/ztove-saucepan-15-l\/\",\"name\":\"Kastrull 1,5 liter fr\u00e5n Ztove \u2013 Tjock 3-lagers botten\",\"isPartOf\":{\"@id\":\"https:\/\/ztove.com\/#website\"},\"primaryImageOfPage\":{\"@id\":\"https:\/\/ztove.com\/produkt\/ztove-saucepan-15-l\/#primaryimage\"},\"image\":{\"@id\":\"https:\/\/ztove.com\/produkt\/ztove-saucepan-15-l\/#primaryimage\"},\"thumbnailUrl\":\"https:\/\/ztove.com\/wp-content\/uploads\/2022\/09\/15-pot-scaled.jpeg\",\"datePublished\":\"2022-09-25T19:03:23+00:00\",\"dateModified\":\"2025-07-02T14:34:54+00:00\",\"description\":\"1,5-liters kastrull fr\u00e5n Ztove med innovativ 3-lagers konstruktion av st\u00e5l och aluminium. \u00d6verl\u00e4gsen v\u00e4rmef\u00f6rdelning och en droppfri kant.\",\"breadcrumb\":{\"@id\":\"https:\/\/ztove.com\/produkt\/ztove-saucepan-15-l\/#breadcrumb\"},\"inLanguage\":\"se-SE\",\"potentialAction\":[{\"@type\":\"ReadAction\",\"target\":[\"https:\/\/ztove.com\/produkt\/ztove-saucepan-15-l\/\"]}]},{\"@type\":\"ImageObject\",\"inLanguage\":\"se-SE\",\"@id\":\"https:\/\/ztove.com\/produkt\/ztove-saucepan-15-l\/#primaryimage\",\"url\":\"https:\/\/ztove.com\/wp-content\/uploads\/2022\/09\/15-pot-scaled.jpeg\",\"contentUrl\":\"https:\/\/ztove.com\/wp-content\/uploads\/2022\/09\/15-pot-scaled.jpeg\",\"width\":2560,\"height\":1707,\"caption\":\"Ztove 1,5 liter induktionskasserolle i rustfrit st\u00e5l med avanceret temperaturkontrol, perfekt til sm\u00e5 portioner\"},{\"@type\":\"BreadcrumbList\",\"@id\":\"https:\/\/ztove.com\/produkt\/ztove-saucepan-15-l\/#breadcrumb\",\"itemListElement\":[{\"@type\":\"ListItem\",\"position\":1,\"name\":\"Hjem\",\"item\":\"https:\/\/ztove.com\/\"},{\"@type\":\"ListItem\",\"position\":2,\"name\":\"Products\",\"item\":\"https:\/\/ztove.com\/products\/\"},{\"@type\":\"ListItem\",\"position\":3,\"name\":\"Ztove Kastrull \u2013 1,5 L\"}]},{\"@type\":\"WebSite\",\"@id\":\"https:\/\/ztove.com\/#website\",\"url\":\"https:\/\/ztove.com\/\",\"name\":\"Ztove\",\"description\":\"Upplev precis temperaturstyrning\\n\",\"publisher\":{\"@id\":\"https:\/\/ztove.com\/#organization\"},\"potentialAction\":[{\"@type\":\"SearchAction\",\"target\":{\"@type\":\"EntryPoint\",\"urlTemplate\":\"https:\/\/ztove.com\/?s={search_term_string}\"},\"query-input\":{\"@type\":\"PropertyValueSpecification\",\"valueRequired\":true,\"valueName\":\"search_term_string\"}}],\"inLanguage\":\"se-SE\"},{\"@type\":\"Organization\",\"@id\":\"https:\/\/ztove.com\/#organization\",\"name\":\"Ztove\",\"url\":\"https:\/\/ztove.com\/\",\"logo\":{\"@type\":\"ImageObject\",\"inLanguage\":\"se-SE\",\"@id\":\"https:\/\/ztove.com\/#\/schema\/logo\/image\/\",\"url\":\"https:\/\/ztove.com\/wp-content\/uploads\/2022\/10\/Ztove-Full-Brand-Horizontal-RGB.png\",\"contentUrl\":\"https:\/\/ztove.com\/wp-content\/uploads\/2022\/10\/Ztove-Full-Brand-Horizontal-RGB.png\",\"width\":2560,\"height\":801,\"caption\":\"Ztove\"},\"image\":{\"@id\":\"https:\/\/ztove.com\/#\/schema\/logo\/image\/\"},\"sameAs\":[\"https:\/\/www.facebook.com\/Ztove\/\"]}]}<\/script>\n<!-- \/ Yoast SEO plugin. -->","yoast_head_json":{"title":"Kastrull 1,5 liter fr\u00e5n Ztove \u2013 Tjock 3-lagers botten","description":"1,5-liters kastrull fr\u00e5n Ztove med innovativ 3-lagers konstruktion av st\u00e5l och aluminium. \u00d6verl\u00e4gsen v\u00e4rmef\u00f6rdelning och en droppfri kant.","robots":{"index":"index","follow":"follow","max-snippet":"max-snippet:-1","max-image-preview":"max-image-preview:large","max-video-preview":"max-video-preview:-1"},"canonical":"https:\/\/ztove.com\/produkt\/ztove-saucepan-15-l\/","og_locale":"en_US","og_type":"article","og_title":"Kastrull 1,5 liter fr\u00e5n Ztove \u2013 Tjock 3-lagers botten","og_description":"1,5-liters kastrull fr\u00e5n Ztove med innovativ 3-lagers konstruktion av st\u00e5l och aluminium. \u00d6verl\u00e4gsen v\u00e4rmef\u00f6rdelning och en droppfri kant.","og_url":"https:\/\/ztove.com\/produkt\/ztove-saucepan-15-l\/","og_site_name":"Ztove","article_publisher":"https:\/\/www.facebook.com\/Ztove\/","article_modified_time":"2025-07-02T14:34:54+00:00","og_image":[{"width":2560,"height":1707,"url":"https:\/\/ztove.com\/wp-content\/uploads\/2022\/09\/15-pot-scaled.jpeg","type":"image\/jpeg"}],"twitter_card":"summary_large_image","twitter_misc":{"Est. reading time":"2 minutes"},"schema":{"@context":"https:\/\/schema.org","@graph":[{"@type":"WebPage","@id":"https:\/\/ztove.com\/produkt\/ztove-saucepan-15-l\/","url":"https:\/\/ztove.com\/produkt\/ztove-saucepan-15-l\/","name":"Kastrull 1,5 liter fr\u00e5n Ztove \u2013 Tjock 3-lagers botten","isPartOf":{"@id":"https:\/\/ztove.com\/#website"},"primaryImageOfPage":{"@id":"https:\/\/ztove.com\/produkt\/ztove-saucepan-15-l\/#primaryimage"},"image":{"@id":"https:\/\/ztove.com\/produkt\/ztove-saucepan-15-l\/#primaryimage"},"thumbnailUrl":"https:\/\/ztove.com\/wp-content\/uploads\/2022\/09\/15-pot-scaled.jpeg","datePublished":"2022-09-25T19:03:23+00:00","dateModified":"2025-07-02T14:34:54+00:00","description":"1,5-liters kastrull fr\u00e5n Ztove med innovativ 3-lagers konstruktion av st\u00e5l och aluminium. \u00d6verl\u00e4gsen v\u00e4rmef\u00f6rdelning och en droppfri kant.","breadcrumb":{"@id":"https:\/\/ztove.com\/produkt\/ztove-saucepan-15-l\/#breadcrumb"},"inLanguage":"se-SE","potentialAction":[{"@type":"ReadAction","target":["https:\/\/ztove.com\/produkt\/ztove-saucepan-15-l\/"]}]},{"@type":"ImageObject","inLanguage":"se-SE","@id":"https:\/\/ztove.com\/produkt\/ztove-saucepan-15-l\/#primaryimage","url":"https:\/\/ztove.com\/wp-content\/uploads\/2022\/09\/15-pot-scaled.jpeg","contentUrl":"https:\/\/ztove.com\/wp-content\/uploads\/2022\/09\/15-pot-scaled.jpeg","width":2560,"height":1707,"caption":"Ztove 1,5 liter induktionskasserolle i rustfrit st\u00e5l med avanceret temperaturkontrol, perfekt til sm\u00e5 portioner"},{"@type":"BreadcrumbList","@id":"https:\/\/ztove.com\/produkt\/ztove-saucepan-15-l\/#breadcrumb","itemListElement":[{"@type":"ListItem","position":1,"name":"Hjem","item":"https:\/\/ztove.com\/"},{"@type":"ListItem","position":2,"name":"Products","item":"https:\/\/ztove.com\/products\/"},{"@type":"ListItem","position":3,"name":"Ztove Kastrull \u2013 1,5 L"}]},{"@type":"WebSite","@id":"https:\/\/ztove.com\/#website","url":"https:\/\/ztove.com\/","name":"Ztove","description":"Upplev precis temperaturstyrning\n","publisher":{"@id":"https:\/\/ztove.com\/#organization"},"potentialAction":[{"@type":"SearchAction","target":{"@type":"EntryPoint","urlTemplate":"https:\/\/ztove.com\/?s={search_term_string}"},"query-input":{"@type":"PropertyValueSpecification","valueRequired":true,"valueName":"search_term_string"}}],"inLanguage":"se-SE"},{"@type":"Organization","@id":"https:\/\/ztove.com\/#organization","name":"Ztove","url":"https:\/\/ztove.com\/","logo":{"@type":"ImageObject","inLanguage":"se-SE","@id":"https:\/\/ztove.com\/#\/schema\/logo\/image\/","url":"https:\/\/ztove.com\/wp-content\/uploads\/2022\/10\/Ztove-Full-Brand-Horizontal-RGB.png","contentUrl":"https:\/\/ztove.com\/wp-content\/uploads\/2022\/10\/Ztove-Full-Brand-Horizontal-RGB.png","width":2560,"height":801,"caption":"Ztove"},"image":{"@id":"https:\/\/ztove.com\/#\/schema\/logo\/image\/"},"sameAs":["https:\/\/www.facebook.com\/Ztove\/"]}]}},"_links":{"self":[{"href":"https:\/\/ztove.com\/sv\/wp-json\/wp\/v2\/product\/24582","targetHints":{"allow":["GET"]}}],"collection":[{"href":"https:\/\/ztove.com\/sv\/wp-json\/wp\/v2\/product"}],"about":[{"href":"https:\/\/ztove.com\/sv\/wp-json\/wp\/v2\/types\/product"}],"wp:featuredmedia":[{"embeddable":true,"href":"https:\/\/ztove.com\/sv\/wp-json\/wp\/v2\/media\/20764"}],"wp:attachment":[{"href":"https:\/\/ztove.com\/sv\/wp-json\/wp\/v2\/media?parent=24582"}],"wp:term":[{"taxonomy":"product_brand","embeddable":true,"href":"https:\/\/ztove.com\/sv\/wp-json\/wp\/v2\/product_brand?post=24582"},{"taxonomy":"product_cat","embeddable":true,"href":"https:\/\/ztove.com\/sv\/wp-json\/wp\/v2\/product_cat?post=24582"},{"taxonomy":"product_tag","embeddable":true,"href":"https:\/\/ztove.com\/sv\/wp-json\/wp\/v2\/product_tag?post=24582"}],"curies":[{"name":"wp","href":"https:\/\/api.w.org\/{rel}","templated":true}]}}