{"id":24557,"date":"2024-02-17T16:06:09","date_gmt":"2024-02-17T15:06:09","guid":{"rendered":"https:\/\/ztove.com\/induction-hobs\/"},"modified":"2025-11-16T13:06:33","modified_gmt":"2025-11-16T12:06:33","slug":"induktionshallar","status":"publish","type":"page","link":"https:\/\/ztove.com\/sv\/induktionshallar\/","title":{"rendered":"Induktionsh\u00e4llar"},"content":{"rendered":"","protected":false},"excerpt":{"rendered":"","protected":false},"author":2,"featured_media":0,"parent":0,"menu_order":0,"comment_status":"closed","ping_status":"closed","template":"","meta":{"_acf_changed":false,"footnotes":""},"class_list":["post-24557","page","type-page","status-publish","hentry"],"acf":[],"yoast_head":"<!-- This site is optimized with the Yoast SEO plugin v27.2 - https:\/\/yoast.com\/product\/yoast-seo-wordpress\/ -->\n<title>Se h\u00e4llar fr\u00e5n Ztove | V\u00e4rldens b\u00e4sta induktionsh\u00e4llar<\/title>\n<meta name=\"description\" content=\"Med Ztove kan du kontrollera temperaturen med \u00b11 \u00b0C. Inget kokar \u00f6ver. Inget br\u00e4nns. Patenterad teknik. Gratis Ztove-kokk\u00e4rl ing\u00e5r.\" \/>\n<meta name=\"robots\" content=\"index, follow, max-snippet:-1, max-image-preview:large, max-video-preview:-1\" \/>\n<link rel=\"canonical\" href=\"https:\/\/ztove.com\/induction-hobs\/\" \/>\n<meta property=\"og:locale\" content=\"en_US\" \/>\n<meta property=\"og:type\" content=\"article\" \/>\n<meta property=\"og:title\" content=\"Se h\u00e4llar fr\u00e5n Ztove | V\u00e4rldens b\u00e4sta induktionsh\u00e4llar\" \/>\n<meta property=\"og:description\" content=\"Med Ztove kan du kontrollera temperaturen med \u00b11 \u00b0C. Inget kokar \u00f6ver. Inget br\u00e4nns. Patenterad teknik. Gratis Ztove-kokk\u00e4rl ing\u00e5r.\" \/>\n<meta property=\"og:url\" content=\"https:\/\/ztove.com\/induction-hobs\/\" \/>\n<meta property=\"og:site_name\" content=\"Ztove\" \/>\n<meta property=\"article:publisher\" content=\"https:\/\/www.facebook.com\/Ztove\/\" \/>\n<meta property=\"article:modified_time\" content=\"2025-11-16T12:06:33+00:00\" \/>\n<meta property=\"og:image\" content=\"https:\/\/ztove.com\/wp-content\/uploads\/2024\/01\/Ztove.png\" \/>\n\t<meta property=\"og:image:width\" content=\"1200\" \/>\n\t<meta property=\"og:image:height\" content=\"675\" \/>\n\t<meta property=\"og:image:type\" content=\"image\/png\" \/>\n<meta name=\"twitter:card\" content=\"summary_large_image\" \/>\n<script type=\"application\/ld+json\" class=\"yoast-schema-graph\">{\"@context\":\"https:\/\/schema.org\",\"@graph\":[{\"@type\":\"WebPage\",\"@id\":\"https:\/\/ztove.com\/induction-hobs\/\",\"url\":\"https:\/\/ztove.com\/induction-hobs\/\",\"name\":\"Se h\u00e4llar fr\u00e5n Ztove | V\u00e4rldens b\u00e4sta induktionsh\u00e4llar\",\"isPartOf\":{\"@id\":\"https:\/\/ztove.com\/#website\"},\"datePublished\":\"2024-02-17T15:06:09+00:00\",\"dateModified\":\"2025-11-16T12:06:33+00:00\",\"description\":\"Med Ztove kan du kontrollera temperaturen med \u00b11 \u00b0C. Inget kokar \u00f6ver. Inget br\u00e4nns. Patenterad teknik. Gratis Ztove-kokk\u00e4rl ing\u00e5r.\",\"breadcrumb\":{\"@id\":\"https:\/\/ztove.com\/induction-hobs\/#breadcrumb\"},\"inLanguage\":\"se-SE\",\"potentialAction\":[{\"@type\":\"ReadAction\",\"target\":[\"https:\/\/ztove.com\/induction-hobs\/\"]}]},{\"@type\":\"BreadcrumbList\",\"@id\":\"https:\/\/ztove.com\/induction-hobs\/#breadcrumb\",\"itemListElement\":[{\"@type\":\"ListItem\",\"position\":1,\"name\":\"Hjem\",\"item\":\"https:\/\/ztove.com\/\"},{\"@type\":\"ListItem\",\"position\":2,\"name\":\"Induktionsh\u00e4llar\"}]},{\"@type\":\"WebSite\",\"@id\":\"https:\/\/ztove.com\/#website\",\"url\":\"https:\/\/ztove.com\/\",\"name\":\"Ztove\",\"description\":\"Upplev precis temperaturstyrning\\n\",\"publisher\":{\"@id\":\"https:\/\/ztove.com\/#organization\"},\"potentialAction\":[{\"@type\":\"SearchAction\",\"target\":{\"@type\":\"EntryPoint\",\"urlTemplate\":\"https:\/\/ztove.com\/?s={search_term_string}\"},\"query-input\":{\"@type\":\"PropertyValueSpecification\",\"valueRequired\":true,\"valueName\":\"search_term_string\"}}],\"inLanguage\":\"se-SE\"},{\"@type\":\"Organization\",\"@id\":\"https:\/\/ztove.com\/#organization\",\"name\":\"Ztove\",\"url\":\"https:\/\/ztove.com\/\",\"logo\":{\"@type\":\"ImageObject\",\"inLanguage\":\"se-SE\",\"@id\":\"https:\/\/ztove.com\/#\/schema\/logo\/image\/\",\"url\":\"https:\/\/ztove.com\/wp-content\/uploads\/2022\/10\/Ztove-Full-Brand-Horizontal-RGB.png\",\"contentUrl\":\"https:\/\/ztove.com\/wp-content\/uploads\/2022\/10\/Ztove-Full-Brand-Horizontal-RGB.png\",\"width\":2560,\"height\":801,\"caption\":\"Ztove\"},\"image\":{\"@id\":\"https:\/\/ztove.com\/#\/schema\/logo\/image\/\"},\"sameAs\":[\"https:\/\/www.facebook.com\/Ztove\/\"]}]}<\/script>\n<!-- \/ Yoast SEO plugin. -->","yoast_head_json":{"title":"Se h\u00e4llar fr\u00e5n Ztove | V\u00e4rldens b\u00e4sta induktionsh\u00e4llar","description":"Med Ztove kan du kontrollera temperaturen med \u00b11 \u00b0C. Inget kokar \u00f6ver. Inget br\u00e4nns. Patenterad teknik. Gratis Ztove-kokk\u00e4rl ing\u00e5r.","robots":{"index":"index","follow":"follow","max-snippet":"max-snippet:-1","max-image-preview":"max-image-preview:large","max-video-preview":"max-video-preview:-1"},"canonical":"https:\/\/ztove.com\/induction-hobs\/","og_locale":"en_US","og_type":"article","og_title":"Se h\u00e4llar fr\u00e5n Ztove | V\u00e4rldens b\u00e4sta induktionsh\u00e4llar","og_description":"Med Ztove kan du kontrollera temperaturen med \u00b11 \u00b0C. Inget kokar \u00f6ver. Inget br\u00e4nns. Patenterad teknik. Gratis Ztove-kokk\u00e4rl ing\u00e5r.","og_url":"https:\/\/ztove.com\/induction-hobs\/","og_site_name":"Ztove","article_publisher":"https:\/\/www.facebook.com\/Ztove\/","article_modified_time":"2025-11-16T12:06:33+00:00","og_image":[{"width":1200,"height":675,"url":"https:\/\/ztove.com\/wp-content\/uploads\/2024\/01\/Ztove.png","type":"image\/png"}],"twitter_card":"summary_large_image","schema":{"@context":"https:\/\/schema.org","@graph":[{"@type":"WebPage","@id":"https:\/\/ztove.com\/induction-hobs\/","url":"https:\/\/ztove.com\/induction-hobs\/","name":"Se h\u00e4llar fr\u00e5n Ztove | V\u00e4rldens b\u00e4sta induktionsh\u00e4llar","isPartOf":{"@id":"https:\/\/ztove.com\/#website"},"datePublished":"2024-02-17T15:06:09+00:00","dateModified":"2025-11-16T12:06:33+00:00","description":"Med Ztove kan du kontrollera temperaturen med \u00b11 \u00b0C. Inget kokar \u00f6ver. Inget br\u00e4nns. Patenterad teknik. Gratis Ztove-kokk\u00e4rl ing\u00e5r.","breadcrumb":{"@id":"https:\/\/ztove.com\/induction-hobs\/#breadcrumb"},"inLanguage":"se-SE","potentialAction":[{"@type":"ReadAction","target":["https:\/\/ztove.com\/induction-hobs\/"]}]},{"@type":"BreadcrumbList","@id":"https:\/\/ztove.com\/induction-hobs\/#breadcrumb","itemListElement":[{"@type":"ListItem","position":1,"name":"Hjem","item":"https:\/\/ztove.com\/"},{"@type":"ListItem","position":2,"name":"Induktionsh\u00e4llar"}]},{"@type":"WebSite","@id":"https:\/\/ztove.com\/#website","url":"https:\/\/ztove.com\/","name":"Ztove","description":"Upplev precis temperaturstyrning\n","publisher":{"@id":"https:\/\/ztove.com\/#organization"},"potentialAction":[{"@type":"SearchAction","target":{"@type":"EntryPoint","urlTemplate":"https:\/\/ztove.com\/?s={search_term_string}"},"query-input":{"@type":"PropertyValueSpecification","valueRequired":true,"valueName":"search_term_string"}}],"inLanguage":"se-SE"},{"@type":"Organization","@id":"https:\/\/ztove.com\/#organization","name":"Ztove","url":"https:\/\/ztove.com\/","logo":{"@type":"ImageObject","inLanguage":"se-SE","@id":"https:\/\/ztove.com\/#\/schema\/logo\/image\/","url":"https:\/\/ztove.com\/wp-content\/uploads\/2022\/10\/Ztove-Full-Brand-Horizontal-RGB.png","contentUrl":"https:\/\/ztove.com\/wp-content\/uploads\/2022\/10\/Ztove-Full-Brand-Horizontal-RGB.png","width":2560,"height":801,"caption":"Ztove"},"image":{"@id":"https:\/\/ztove.com\/#\/schema\/logo\/image\/"},"sameAs":["https:\/\/www.facebook.com\/Ztove\/"]}]}},"_links":{"self":[{"href":"https:\/\/ztove.com\/sv\/wp-json\/wp\/v2\/pages\/24557","targetHints":{"allow":["GET"]}}],"collection":[{"href":"https:\/\/ztove.com\/sv\/wp-json\/wp\/v2\/pages"}],"about":[{"href":"https:\/\/ztove.com\/sv\/wp-json\/wp\/v2\/types\/page"}],"author":[{"embeddable":true,"href":"https:\/\/ztove.com\/sv\/wp-json\/wp\/v2\/users\/2"}],"replies":[{"embeddable":true,"href":"https:\/\/ztove.com\/sv\/wp-json\/wp\/v2\/comments?post=24557"}],"version-history":[{"count":0,"href":"https:\/\/ztove.com\/sv\/wp-json\/wp\/v2\/pages\/24557\/revisions"}],"wp:attachment":[{"href":"https:\/\/ztove.com\/sv\/wp-json\/wp\/v2\/media?parent=24557"}],"curies":[{"name":"wp","href":"https:\/\/api.w.org\/{rel}","templated":true}]}}