{"id":28151,"date":"2025-08-31T18:47:27","date_gmt":"2025-08-31T16:47:27","guid":{"rendered":"https:\/\/ztove.com\/product\/28151\/"},"modified":"2025-11-16T23:03:33","modified_gmt":"2025-11-16T22:03:33","slug":"28151","status":"publish","type":"product","link":"https:\/\/ztove.com\/no\/produkt\/28151\/","title":{"rendered":"Ztove Full Experience Bundle"},"content":{"rendered":"","protected":false},"excerpt":{"rendered":"<p>Ved \u00e5 kombinere Ztove Full Experience Bundle med Starter Bundle f\u00e5r du den komplette pakken for matlaging med Ztove. Du f\u00e5r tre smarte kokekar pluss kokeboken Cooking with Temperature.<\/p>\n<p><strong>Pakken inneholder:<\/strong><br \/>\n1 \u00d7 1.5 L smart gryte<br \/>\n1 \u00d7 28 cm non-stick smart stekepanne<br \/>\n1 \u00d7 5 L smart gryte<br \/>\n1 \u00d7 Cooking with Temperature kokebok<\/p>\n","protected":false},"featured_media":27656,"template":"","meta":{"_acf_changed":false},"product_brand":[],"product_cat":[826],"product_tag":[],"class_list":{"0":"post-28151","1":"product","2":"type-product","3":"status-publish","4":"has-post-thumbnail","6":"product_cat-kogegrej-mix-match-no","8":"first","9":"instock","10":"sale","11":"taxable","12":"shipping-taxable","13":"purchasable","14":"product-type-simple"},"acf":[],"yoast_head":"<!-- This site is optimized with the Yoast SEO plugin v27.2 - https:\/\/yoast.com\/product\/yoast-seo-wordpress\/ -->\n<title>Ztove Full Experience Bundle - Ztove<\/title>\n<meta name=\"robots\" content=\"index, follow, max-snippet:-1, max-image-preview:large, max-video-preview:-1\" \/>\n<link rel=\"canonical\" href=\"https:\/\/ztove.com\/produkt\/ztove-full-experience-bundle\/\" \/>\n<meta property=\"og:locale\" content=\"nb_NO\" \/>\n<meta property=\"og:type\" content=\"article\" \/>\n<meta property=\"og:title\" content=\"Ztove Full Experience Bundle - Ztove\" \/>\n<meta property=\"og:description\" content=\"Ved \u00e5 kombinere Ztove Full Experience Bundle med Starter Bundle f\u00e5r du den komplette pakken for matlaging med Ztove. Du f\u00e5r tre smarte kokekar pluss kokeboken Cooking with Temperature.  Pakken inneholder: 1 \u00d7 1.5 L smart gryte 1 \u00d7 28 cm non-stick smart stekepanne 1 \u00d7 5 L smart gryte 1 \u00d7 Cooking with Temperature kokebok\" \/>\n<meta property=\"og:url\" content=\"https:\/\/ztove.com\/produkt\/ztove-full-experience-bundle\/\" \/>\n<meta property=\"og:site_name\" content=\"Ztove\" \/>\n<meta property=\"article:publisher\" content=\"https:\/\/www.facebook.com\/Ztove\/\" \/>\n<meta property=\"article:modified_time\" content=\"2025-11-16T22:03:33+00:00\" \/>\n<meta property=\"og:image\" content=\"https:\/\/ztove.com\/wp-content\/uploads\/2025\/08\/1-1.jpg\" \/>\n\t<meta property=\"og:image:width\" content=\"1080\" \/>\n\t<meta property=\"og:image:height\" content=\"1080\" \/>\n\t<meta property=\"og:image:type\" content=\"image\/jpeg\" \/>\n<meta name=\"twitter:card\" content=\"summary_large_image\" \/>\n<meta name=\"twitter:label1\" content=\"Ansl. lesetid\" \/>\n\t<meta name=\"twitter:data1\" content=\"1 minutt\" \/>\n<script type=\"application\/ld+json\" class=\"yoast-schema-graph\">{\"@context\":\"https:\/\/schema.org\",\"@graph\":[{\"@type\":\"WebPage\",\"@id\":\"https:\/\/ztove.com\/produkt\/ztove-full-experience-bundle\/\",\"url\":\"https:\/\/ztove.com\/produkt\/ztove-full-experience-bundle\/\",\"name\":\"Ztove Full Experience Bundle - Ztove\",\"isPartOf\":{\"@id\":\"https:\/\/ztove.com\/#website\"},\"primaryImageOfPage\":{\"@id\":\"https:\/\/ztove.com\/produkt\/ztove-full-experience-bundle\/#primaryimage\"},\"image\":{\"@id\":\"https:\/\/ztove.com\/produkt\/ztove-full-experience-bundle\/#primaryimage\"},\"thumbnailUrl\":\"https:\/\/ztove.com\/wp-content\/uploads\/2025\/08\/1-1.jpg\",\"datePublished\":\"2025-08-31T16:47:27+00:00\",\"dateModified\":\"2025-11-16T22:03:33+00:00\",\"breadcrumb\":{\"@id\":\"https:\/\/ztove.com\/produkt\/ztove-full-experience-bundle\/#breadcrumb\"},\"inLanguage\":\"nb-NO\",\"potentialAction\":[{\"@type\":\"ReadAction\",\"target\":[\"https:\/\/ztove.com\/produkt\/ztove-full-experience-bundle\/\"]}]},{\"@type\":\"ImageObject\",\"inLanguage\":\"nb-NO\",\"@id\":\"https:\/\/ztove.com\/produkt\/ztove-full-experience-bundle\/#primaryimage\",\"url\":\"https:\/\/ztove.com\/wp-content\/uploads\/2025\/08\/1-1.jpg\",\"contentUrl\":\"https:\/\/ztove.com\/wp-content\/uploads\/2025\/08\/1-1.jpg\",\"width\":1080,\"height\":1080},{\"@type\":\"BreadcrumbList\",\"@id\":\"https:\/\/ztove.com\/produkt\/ztove-full-experience-bundle\/#breadcrumb\",\"itemListElement\":[{\"@type\":\"ListItem\",\"position\":1,\"name\":\"Hjem\",\"item\":\"https:\/\/ztove.com\/\"},{\"@type\":\"ListItem\",\"position\":2,\"name\":\"Products\",\"item\":\"https:\/\/ztove.com\/products\/\"},{\"@type\":\"ListItem\",\"position\":3,\"name\":\"Ztove Full Experience Bundle\"}]},{\"@type\":\"WebSite\",\"@id\":\"https:\/\/ztove.com\/#website\",\"url\":\"https:\/\/ztove.com\/\",\"name\":\"Ztove\",\"description\":\"Opplev presis temperaturstyring\",\"publisher\":{\"@id\":\"https:\/\/ztove.com\/#organization\"},\"potentialAction\":[{\"@type\":\"SearchAction\",\"target\":{\"@type\":\"EntryPoint\",\"urlTemplate\":\"https:\/\/ztove.com\/?s={search_term_string}\"},\"query-input\":{\"@type\":\"PropertyValueSpecification\",\"valueRequired\":true,\"valueName\":\"search_term_string\"}}],\"inLanguage\":\"nb-NO\"},{\"@type\":\"Organization\",\"@id\":\"https:\/\/ztove.com\/#organization\",\"name\":\"Ztove\",\"url\":\"https:\/\/ztove.com\/\",\"logo\":{\"@type\":\"ImageObject\",\"inLanguage\":\"nb-NO\",\"@id\":\"https:\/\/ztove.com\/#\/schema\/logo\/image\/\",\"url\":\"https:\/\/ztove.com\/wp-content\/uploads\/2022\/10\/Ztove-Full-Brand-Horizontal-RGB.png\",\"contentUrl\":\"https:\/\/ztove.com\/wp-content\/uploads\/2022\/10\/Ztove-Full-Brand-Horizontal-RGB.png\",\"width\":2560,\"height\":801,\"caption\":\"Ztove\"},\"image\":{\"@id\":\"https:\/\/ztove.com\/#\/schema\/logo\/image\/\"},\"sameAs\":[\"https:\/\/www.facebook.com\/Ztove\/\"]}]}<\/script>\n<!-- \/ Yoast SEO plugin. -->","yoast_head_json":{"title":"Ztove Full Experience Bundle - Ztove","robots":{"index":"index","follow":"follow","max-snippet":"max-snippet:-1","max-image-preview":"max-image-preview:large","max-video-preview":"max-video-preview:-1"},"canonical":"https:\/\/ztove.com\/produkt\/ztove-full-experience-bundle\/","og_locale":"nb_NO","og_type":"article","og_title":"Ztove Full Experience Bundle - Ztove","og_description":"Ved \u00e5 kombinere Ztove Full Experience Bundle med Starter Bundle f\u00e5r du den komplette pakken for matlaging med Ztove. Du f\u00e5r tre smarte kokekar pluss kokeboken Cooking with Temperature.  Pakken inneholder: 1 \u00d7 1.5 L smart gryte 1 \u00d7 28 cm non-stick smart stekepanne 1 \u00d7 5 L smart gryte 1 \u00d7 Cooking with Temperature kokebok","og_url":"https:\/\/ztove.com\/produkt\/ztove-full-experience-bundle\/","og_site_name":"Ztove","article_publisher":"https:\/\/www.facebook.com\/Ztove\/","article_modified_time":"2025-11-16T22:03:33+00:00","og_image":[{"width":1080,"height":1080,"url":"https:\/\/ztove.com\/wp-content\/uploads\/2025\/08\/1-1.jpg","type":"image\/jpeg"}],"twitter_card":"summary_large_image","twitter_misc":{"Ansl. lesetid":"1 minutt"},"schema":{"@context":"https:\/\/schema.org","@graph":[{"@type":"WebPage","@id":"https:\/\/ztove.com\/produkt\/ztove-full-experience-bundle\/","url":"https:\/\/ztove.com\/produkt\/ztove-full-experience-bundle\/","name":"Ztove Full Experience Bundle - Ztove","isPartOf":{"@id":"https:\/\/ztove.com\/#website"},"primaryImageOfPage":{"@id":"https:\/\/ztove.com\/produkt\/ztove-full-experience-bundle\/#primaryimage"},"image":{"@id":"https:\/\/ztove.com\/produkt\/ztove-full-experience-bundle\/#primaryimage"},"thumbnailUrl":"https:\/\/ztove.com\/wp-content\/uploads\/2025\/08\/1-1.jpg","datePublished":"2025-08-31T16:47:27+00:00","dateModified":"2025-11-16T22:03:33+00:00","breadcrumb":{"@id":"https:\/\/ztove.com\/produkt\/ztove-full-experience-bundle\/#breadcrumb"},"inLanguage":"nb-NO","potentialAction":[{"@type":"ReadAction","target":["https:\/\/ztove.com\/produkt\/ztove-full-experience-bundle\/"]}]},{"@type":"ImageObject","inLanguage":"nb-NO","@id":"https:\/\/ztove.com\/produkt\/ztove-full-experience-bundle\/#primaryimage","url":"https:\/\/ztove.com\/wp-content\/uploads\/2025\/08\/1-1.jpg","contentUrl":"https:\/\/ztove.com\/wp-content\/uploads\/2025\/08\/1-1.jpg","width":1080,"height":1080},{"@type":"BreadcrumbList","@id":"https:\/\/ztove.com\/produkt\/ztove-full-experience-bundle\/#breadcrumb","itemListElement":[{"@type":"ListItem","position":1,"name":"Hjem","item":"https:\/\/ztove.com\/"},{"@type":"ListItem","position":2,"name":"Products","item":"https:\/\/ztove.com\/products\/"},{"@type":"ListItem","position":3,"name":"Ztove Full Experience Bundle"}]},{"@type":"WebSite","@id":"https:\/\/ztove.com\/#website","url":"https:\/\/ztove.com\/","name":"Ztove","description":"Opplev presis temperaturstyring","publisher":{"@id":"https:\/\/ztove.com\/#organization"},"potentialAction":[{"@type":"SearchAction","target":{"@type":"EntryPoint","urlTemplate":"https:\/\/ztove.com\/?s={search_term_string}"},"query-input":{"@type":"PropertyValueSpecification","valueRequired":true,"valueName":"search_term_string"}}],"inLanguage":"nb-NO"},{"@type":"Organization","@id":"https:\/\/ztove.com\/#organization","name":"Ztove","url":"https:\/\/ztove.com\/","logo":{"@type":"ImageObject","inLanguage":"nb-NO","@id":"https:\/\/ztove.com\/#\/schema\/logo\/image\/","url":"https:\/\/ztove.com\/wp-content\/uploads\/2022\/10\/Ztove-Full-Brand-Horizontal-RGB.png","contentUrl":"https:\/\/ztove.com\/wp-content\/uploads\/2022\/10\/Ztove-Full-Brand-Horizontal-RGB.png","width":2560,"height":801,"caption":"Ztove"},"image":{"@id":"https:\/\/ztove.com\/#\/schema\/logo\/image\/"},"sameAs":["https:\/\/www.facebook.com\/Ztove\/"]}]}},"_links":{"self":[{"href":"https:\/\/ztove.com\/no\/wp-json\/wp\/v2\/product\/28151","targetHints":{"allow":["GET"]}}],"collection":[{"href":"https:\/\/ztove.com\/no\/wp-json\/wp\/v2\/product"}],"about":[{"href":"https:\/\/ztove.com\/no\/wp-json\/wp\/v2\/types\/product"}],"wp:featuredmedia":[{"embeddable":true,"href":"https:\/\/ztove.com\/no\/wp-json\/wp\/v2\/media\/27656"}],"wp:attachment":[{"href":"https:\/\/ztove.com\/no\/wp-json\/wp\/v2\/media?parent=28151"}],"wp:term":[{"taxonomy":"product_brand","embeddable":true,"href":"https:\/\/ztove.com\/no\/wp-json\/wp\/v2\/product_brand?post=28151"},{"taxonomy":"product_cat","embeddable":true,"href":"https:\/\/ztove.com\/no\/wp-json\/wp\/v2\/product_cat?post=28151"},{"taxonomy":"product_tag","embeddable":true,"href":"https:\/\/ztove.com\/no\/wp-json\/wp\/v2\/product_tag?post=28151"}],"curies":[{"name":"wp","href":"https:\/\/api.w.org\/{rel}","templated":true}]}}