{"id":28147,"date":"2025-11-02T15:35:26","date_gmt":"2025-11-02T14:35:26","guid":{"rendered":"https:\/\/ztove.com\/product\/ztove-starter-bundle\/"},"modified":"2025-11-16T22:20:28","modified_gmt":"2025-11-16T21:20:28","slug":"ztove-starter-bundle","status":"publish","type":"product","link":"https:\/\/ztove.com\/no\/produkt\/ztove-starter-bundle\/","title":{"rendered":"Ztove Starter Bundle"},"content":{"rendered":"","protected":false},"excerpt":{"rendered":"<article class=\"text-token-text-primary w-full focus:outline-none [--shadow-height:45px] has-data-writing-block:pointer-events-none has-data-writing-block:-mt-(--shadow-height) has-data-writing-block:pt-(--shadow-height) [&amp;:has([data-writing-block])&gt;*]:pointer-events-auto [content-visibility:auto] supports-[content-visibility:auto]:[contain-intrinsic-size:auto_100lvh] scroll-mt-[calc(var(--header-height)+min(200px,max(70px,20svh)))]\" dir=\"auto\" tabindex=\"-1\" data-turn-id=\"request-WEB:64f766a7-3c61-4128-8dc5-ed5d7f71b7e7-4\" data-testid=\"conversation-turn-10\" data-scroll-anchor=\"true\" data-turn=\"assistant\">\n<div class=\"text-base my-auto mx-auto pb-10 [--thread-content-margin:--spacing(4)] thread-sm:[--thread-content-margin:--spacing(6)] thread-lg:[--thread-content-margin:--spacing(16)] px-(--thread-content-margin)\">\n<div class=\"[--thread-content-max-width:40rem] thread-lg:[--thread-content-max-width:48rem] mx-auto max-w-(--thread-content-max-width) flex-1 group\/turn-messages focus-visible:outline-hidden relative flex w-full min-w-0 flex-col agent-turn\" tabindex=\"-1\">\n<div class=\"flex max-w-full flex-col grow\">\n<div class=\"min-h-8 text-message relative flex w-full flex-col items-end gap-2 text-start break-words whitespace-normal [.text-message+&amp;]:mt-1\" dir=\"auto\" data-message-author-role=\"assistant\" data-message-id=\"459f3af5-656d-4c43-a136-1b5eb7cc2554\" data-message-model-slug=\"gpt-5-1\">\n<div class=\"flex w-full flex-col gap-1 empty:hidden first:pt-[1px]\">\n<div class=\"markdown prose dark:prose-invert w-full break-words dark markdown-new-styling\">\n<p data-start=\"20\" data-end=\"262\">Ztove Starter Bundle gir deg alt du trenger for \u00e5 begynne \u00e5 lage mat med presis temperaturkontroll. Det inneholder en Ztove 3 L Smart Gryte og en Ztove 24 cm Smart Stekepanne, begge klare til \u00e5 kobles s\u00f8ml\u00f8st til din nye Ztove induksjonstopp.<\/p>\n<p data-start=\"264\" data-end=\"282\">Pakken inneholder:<\/p>\n<p data-start=\"284\" data-end=\"342\" data-is-last-node=\"\" data-is-only-node=\"\">1 \u00d7 3 L smart gryte<br data-start=\"303\" data-end=\"306\" \/>1 \u00d7 24 cm non-stick smart stekepanne<\/p>\n<\/div>\n<\/div>\n<\/div>\n<\/div>\n<\/div>\n<\/div>\n<\/article>\n","protected":false},"featured_media":28039,"template":"","meta":{"_acf_changed":false},"product_brand":[],"product_cat":[826],"product_tag":[],"class_list":{"0":"post-28147","1":"product","2":"type-product","3":"status-publish","4":"has-post-thumbnail","6":"product_cat-kogegrej-mix-match-no","8":"first","9":"instock","10":"sale","11":"taxable","12":"shipping-taxable","13":"purchasable","14":"product-type-simple"},"acf":[],"yoast_head":"<!-- This site is optimized with the Yoast SEO plugin v27.2 - https:\/\/yoast.com\/product\/yoast-seo-wordpress\/ -->\n<title>Ztove Starter Bundle - Ztove<\/title>\n<meta name=\"robots\" content=\"index, follow, max-snippet:-1, max-image-preview:large, max-video-preview:-1\" \/>\n<link rel=\"canonical\" href=\"https:\/\/ztove.com\/produkt\/ztove-starter-bundle\/\" \/>\n<meta property=\"og:locale\" content=\"nb_NO\" \/>\n<meta property=\"og:type\" content=\"article\" \/>\n<meta property=\"og:title\" content=\"Ztove Starter Bundle - Ztove\" \/>\n<meta property=\"og:description\" content=\"Ztove Starter Bundle gir deg alt du trenger for \u00e5 begynne \u00e5 lage mat med presis temperaturkontroll. Det inneholder en Ztove 3 L Smart Gryte og en Ztove 24 cm Smart Stekepanne, begge klare til \u00e5 kobles s\u00f8ml\u00f8st til din nye Ztove induksjonstopp. Pakken inneholder: 1 \u00d7 3 L smart gryte1 \u00d7 24 cm non-stick smart stekepanne\" \/>\n<meta property=\"og:url\" content=\"https:\/\/ztove.com\/produkt\/ztove-starter-bundle\/\" \/>\n<meta property=\"og:site_name\" content=\"Ztove\" \/>\n<meta property=\"article:publisher\" content=\"https:\/\/www.facebook.com\/Ztove\/\" \/>\n<meta property=\"article:modified_time\" content=\"2025-11-16T21:20:28+00:00\" \/>\n<meta property=\"og:image\" content=\"https:\/\/ztove.com\/wp-content\/uploads\/2025\/11\/1-1.png\" \/>\n\t<meta property=\"og:image:width\" content=\"1080\" \/>\n\t<meta property=\"og:image:height\" content=\"1080\" \/>\n\t<meta property=\"og:image:type\" content=\"image\/png\" \/>\n<meta name=\"twitter:card\" content=\"summary_large_image\" \/>\n<meta name=\"twitter:label1\" content=\"Ansl. lesetid\" \/>\n\t<meta name=\"twitter:data1\" content=\"1 minutt\" \/>\n<script type=\"application\/ld+json\" class=\"yoast-schema-graph\">{\"@context\":\"https:\/\/schema.org\",\"@graph\":[{\"@type\":\"WebPage\",\"@id\":\"https:\/\/ztove.com\/produkt\/ztove-starter-bundle\/\",\"url\":\"https:\/\/ztove.com\/produkt\/ztove-starter-bundle\/\",\"name\":\"Ztove Starter Bundle - Ztove\",\"isPartOf\":{\"@id\":\"https:\/\/ztove.com\/#website\"},\"primaryImageOfPage\":{\"@id\":\"https:\/\/ztove.com\/produkt\/ztove-starter-bundle\/#primaryimage\"},\"image\":{\"@id\":\"https:\/\/ztove.com\/produkt\/ztove-starter-bundle\/#primaryimage\"},\"thumbnailUrl\":\"https:\/\/ztove.com\/wp-content\/uploads\/2025\/11\/1-1.png\",\"datePublished\":\"2025-11-02T14:35:26+00:00\",\"dateModified\":\"2025-11-16T21:20:28+00:00\",\"breadcrumb\":{\"@id\":\"https:\/\/ztove.com\/produkt\/ztove-starter-bundle\/#breadcrumb\"},\"inLanguage\":\"nb-NO\",\"potentialAction\":[{\"@type\":\"ReadAction\",\"target\":[\"https:\/\/ztove.com\/produkt\/ztove-starter-bundle\/\"]}]},{\"@type\":\"ImageObject\",\"inLanguage\":\"nb-NO\",\"@id\":\"https:\/\/ztove.com\/produkt\/ztove-starter-bundle\/#primaryimage\",\"url\":\"https:\/\/ztove.com\/wp-content\/uploads\/2025\/11\/1-1.png\",\"contentUrl\":\"https:\/\/ztove.com\/wp-content\/uploads\/2025\/11\/1-1.png\",\"width\":1080,\"height\":1080},{\"@type\":\"BreadcrumbList\",\"@id\":\"https:\/\/ztove.com\/produkt\/ztove-starter-bundle\/#breadcrumb\",\"itemListElement\":[{\"@type\":\"ListItem\",\"position\":1,\"name\":\"Hjem\",\"item\":\"https:\/\/ztove.com\/\"},{\"@type\":\"ListItem\",\"position\":2,\"name\":\"Products\",\"item\":\"https:\/\/ztove.com\/products\/\"},{\"@type\":\"ListItem\",\"position\":3,\"name\":\"Ztove Starter Bundle\"}]},{\"@type\":\"WebSite\",\"@id\":\"https:\/\/ztove.com\/#website\",\"url\":\"https:\/\/ztove.com\/\",\"name\":\"Ztove\",\"description\":\"Opplev presis temperaturstyring\",\"publisher\":{\"@id\":\"https:\/\/ztove.com\/#organization\"},\"potentialAction\":[{\"@type\":\"SearchAction\",\"target\":{\"@type\":\"EntryPoint\",\"urlTemplate\":\"https:\/\/ztove.com\/?s={search_term_string}\"},\"query-input\":{\"@type\":\"PropertyValueSpecification\",\"valueRequired\":true,\"valueName\":\"search_term_string\"}}],\"inLanguage\":\"nb-NO\"},{\"@type\":\"Organization\",\"@id\":\"https:\/\/ztove.com\/#organization\",\"name\":\"Ztove\",\"url\":\"https:\/\/ztove.com\/\",\"logo\":{\"@type\":\"ImageObject\",\"inLanguage\":\"nb-NO\",\"@id\":\"https:\/\/ztove.com\/#\/schema\/logo\/image\/\",\"url\":\"https:\/\/ztove.com\/wp-content\/uploads\/2022\/10\/Ztove-Full-Brand-Horizontal-RGB.png\",\"contentUrl\":\"https:\/\/ztove.com\/wp-content\/uploads\/2022\/10\/Ztove-Full-Brand-Horizontal-RGB.png\",\"width\":2560,\"height\":801,\"caption\":\"Ztove\"},\"image\":{\"@id\":\"https:\/\/ztove.com\/#\/schema\/logo\/image\/\"},\"sameAs\":[\"https:\/\/www.facebook.com\/Ztove\/\"]}]}<\/script>\n<!-- \/ Yoast SEO plugin. -->","yoast_head_json":{"title":"Ztove Starter Bundle - Ztove","robots":{"index":"index","follow":"follow","max-snippet":"max-snippet:-1","max-image-preview":"max-image-preview:large","max-video-preview":"max-video-preview:-1"},"canonical":"https:\/\/ztove.com\/produkt\/ztove-starter-bundle\/","og_locale":"nb_NO","og_type":"article","og_title":"Ztove Starter Bundle - Ztove","og_description":"Ztove Starter Bundle gir deg alt du trenger for \u00e5 begynne \u00e5 lage mat med presis temperaturkontroll. Det inneholder en Ztove 3 L Smart Gryte og en Ztove 24 cm Smart Stekepanne, begge klare til \u00e5 kobles s\u00f8ml\u00f8st til din nye Ztove induksjonstopp. Pakken inneholder: 1 \u00d7 3 L smart gryte1 \u00d7 24 cm non-stick smart stekepanne","og_url":"https:\/\/ztove.com\/produkt\/ztove-starter-bundle\/","og_site_name":"Ztove","article_publisher":"https:\/\/www.facebook.com\/Ztove\/","article_modified_time":"2025-11-16T21:20:28+00:00","og_image":[{"width":1080,"height":1080,"url":"https:\/\/ztove.com\/wp-content\/uploads\/2025\/11\/1-1.png","type":"image\/png"}],"twitter_card":"summary_large_image","twitter_misc":{"Ansl. lesetid":"1 minutt"},"schema":{"@context":"https:\/\/schema.org","@graph":[{"@type":"WebPage","@id":"https:\/\/ztove.com\/produkt\/ztove-starter-bundle\/","url":"https:\/\/ztove.com\/produkt\/ztove-starter-bundle\/","name":"Ztove Starter Bundle - Ztove","isPartOf":{"@id":"https:\/\/ztove.com\/#website"},"primaryImageOfPage":{"@id":"https:\/\/ztove.com\/produkt\/ztove-starter-bundle\/#primaryimage"},"image":{"@id":"https:\/\/ztove.com\/produkt\/ztove-starter-bundle\/#primaryimage"},"thumbnailUrl":"https:\/\/ztove.com\/wp-content\/uploads\/2025\/11\/1-1.png","datePublished":"2025-11-02T14:35:26+00:00","dateModified":"2025-11-16T21:20:28+00:00","breadcrumb":{"@id":"https:\/\/ztove.com\/produkt\/ztove-starter-bundle\/#breadcrumb"},"inLanguage":"nb-NO","potentialAction":[{"@type":"ReadAction","target":["https:\/\/ztove.com\/produkt\/ztove-starter-bundle\/"]}]},{"@type":"ImageObject","inLanguage":"nb-NO","@id":"https:\/\/ztove.com\/produkt\/ztove-starter-bundle\/#primaryimage","url":"https:\/\/ztove.com\/wp-content\/uploads\/2025\/11\/1-1.png","contentUrl":"https:\/\/ztove.com\/wp-content\/uploads\/2025\/11\/1-1.png","width":1080,"height":1080},{"@type":"BreadcrumbList","@id":"https:\/\/ztove.com\/produkt\/ztove-starter-bundle\/#breadcrumb","itemListElement":[{"@type":"ListItem","position":1,"name":"Hjem","item":"https:\/\/ztove.com\/"},{"@type":"ListItem","position":2,"name":"Products","item":"https:\/\/ztove.com\/products\/"},{"@type":"ListItem","position":3,"name":"Ztove Starter Bundle"}]},{"@type":"WebSite","@id":"https:\/\/ztove.com\/#website","url":"https:\/\/ztove.com\/","name":"Ztove","description":"Opplev presis temperaturstyring","publisher":{"@id":"https:\/\/ztove.com\/#organization"},"potentialAction":[{"@type":"SearchAction","target":{"@type":"EntryPoint","urlTemplate":"https:\/\/ztove.com\/?s={search_term_string}"},"query-input":{"@type":"PropertyValueSpecification","valueRequired":true,"valueName":"search_term_string"}}],"inLanguage":"nb-NO"},{"@type":"Organization","@id":"https:\/\/ztove.com\/#organization","name":"Ztove","url":"https:\/\/ztove.com\/","logo":{"@type":"ImageObject","inLanguage":"nb-NO","@id":"https:\/\/ztove.com\/#\/schema\/logo\/image\/","url":"https:\/\/ztove.com\/wp-content\/uploads\/2022\/10\/Ztove-Full-Brand-Horizontal-RGB.png","contentUrl":"https:\/\/ztove.com\/wp-content\/uploads\/2022\/10\/Ztove-Full-Brand-Horizontal-RGB.png","width":2560,"height":801,"caption":"Ztove"},"image":{"@id":"https:\/\/ztove.com\/#\/schema\/logo\/image\/"},"sameAs":["https:\/\/www.facebook.com\/Ztove\/"]}]}},"_links":{"self":[{"href":"https:\/\/ztove.com\/no\/wp-json\/wp\/v2\/product\/28147","targetHints":{"allow":["GET"]}}],"collection":[{"href":"https:\/\/ztove.com\/no\/wp-json\/wp\/v2\/product"}],"about":[{"href":"https:\/\/ztove.com\/no\/wp-json\/wp\/v2\/types\/product"}],"wp:featuredmedia":[{"embeddable":true,"href":"https:\/\/ztove.com\/no\/wp-json\/wp\/v2\/media\/28039"}],"wp:attachment":[{"href":"https:\/\/ztove.com\/no\/wp-json\/wp\/v2\/media?parent=28147"}],"wp:term":[{"taxonomy":"product_brand","embeddable":true,"href":"https:\/\/ztove.com\/no\/wp-json\/wp\/v2\/product_brand?post=28147"},{"taxonomy":"product_cat","embeddable":true,"href":"https:\/\/ztove.com\/no\/wp-json\/wp\/v2\/product_cat?post=28147"},{"taxonomy":"product_tag","embeddable":true,"href":"https:\/\/ztove.com\/no\/wp-json\/wp\/v2\/product_tag?post=28147"}],"curies":[{"name":"wp","href":"https:\/\/api.w.org\/{rel}","templated":true}]}}