{"id":24059,"date":"2022-09-19T11:00:01","date_gmt":"2022-09-19T09:00:01","guid":{"rendered":"https:\/\/ztove.com\/product\/ztove-rustfri-stalpande-28-cm\/"},"modified":"2026-01-15T09:01:56","modified_gmt":"2026-01-15T08:01:56","slug":"ztove-stainless-steel-pan-28-cm","status":"publish","type":"product","link":"https:\/\/ztove.com\/no\/produkt\/ztove-stainless-steel-pan-28-cm\/","title":{"rendered":"Ztove Rustfri St\u00e5l Panne \u2013 28 cm"},"content":{"rendered":"","protected":false},"excerpt":{"rendered":"<p>Ztove Smart Kokeutstyr sporer temperaturen med en presisjon p\u00e5 1 \u00baC. Koble det til Ztove Induksjonstopp for \u00e5 kontrollere temperaturen fra 0\u2013250 \u00b0C. Ingenting brenner. Ingenting koker over.<\/p>\n<ul>\n<li style=\"list-style-type: none;\">\n<ul>\n<li><strong>Innebygd temperatursensor:<\/strong> M\u00e5ler temperaturen med 1 \u00b0C presisjon.<\/li>\n<li><strong>Tykk 3-lags bunn av st\u00e5l og aluminium:<\/strong> Gir perfekt varmefordeling.<\/li>\n<li><strong>Dryppfrie hellekant:<\/strong> Hell uten s\u00f8l.<\/li>\n<\/ul>\n<\/li>\n<\/ul>\n<p>Ztove Rustfri St\u00e5l Panne \u2013 28 cm er perfekt for matlaging over 220 \u00b0C. Pannen leveres med et glasslokk.<\/p>\n","protected":false},"featured_media":20553,"template":"","meta":{"_acf_changed":false},"product_brand":[],"product_cat":[826],"product_tag":[],"class_list":{"0":"post-24059","1":"product","2":"type-product","3":"status-publish","4":"has-post-thumbnail","6":"product_cat-kogegrej-mix-match-no","8":"first","9":"instock","10":"taxable","11":"shipping-taxable","12":"purchasable","13":"product-type-simple"},"acf":[],"yoast_head":"<!-- This site is optimized with the Yoast SEO plugin v27.2 - https:\/\/yoast.com\/product\/yoast-seo-wordpress\/ -->\n<title>Stainless Steel Pan 28 cm from Ztove - Thick 3-layer construction<\/title>\n<meta name=\"description\" content=\"A steel pan from Ztove lasts almost forever. When using the pan on a Ztove hob, you can control the temperature of the pan with a precision of \u00b11 \u00baC.\" \/>\n<meta name=\"robots\" content=\"index, follow, max-snippet:-1, max-image-preview:large, max-video-preview:-1\" \/>\n<link rel=\"canonical\" href=\"https:\/\/ztove.com\/produkt\/ztove-stainless-steel-pan-28-cm\/\" \/>\n<meta property=\"og:locale\" content=\"nb_NO\" \/>\n<meta property=\"og:type\" content=\"article\" \/>\n<meta property=\"og:title\" content=\"Stainless Steel Pan 28 cm from Ztove - Thick 3-layer construction\" \/>\n<meta property=\"og:description\" content=\"A steel pan from Ztove lasts almost forever. When using the pan on a Ztove hob, you can control the temperature of the pan with a precision of \u00b11 \u00baC.\" \/>\n<meta property=\"og:url\" content=\"https:\/\/ztove.com\/produkt\/ztove-stainless-steel-pan-28-cm\/\" \/>\n<meta property=\"og:site_name\" content=\"Ztove\" \/>\n<meta property=\"article:publisher\" content=\"https:\/\/www.facebook.com\/Ztove\/\" \/>\n<meta property=\"article:modified_time\" content=\"2026-01-15T08:01:56+00:00\" \/>\n<meta property=\"og:image\" content=\"https:\/\/ztove.com\/wp-content\/uploads\/2022\/09\/28-cm-pan-steel-scaled.jpeg\" \/>\n\t<meta property=\"og:image:width\" content=\"2560\" \/>\n\t<meta property=\"og:image:height\" content=\"1707\" \/>\n\t<meta property=\"og:image:type\" content=\"image\/jpeg\" \/>\n<meta name=\"twitter:card\" content=\"summary_large_image\" \/>\n<meta name=\"twitter:label1\" content=\"Ansl. lesetid\" \/>\n\t<meta name=\"twitter:data1\" content=\"1 minutt\" \/>\n<script type=\"application\/ld+json\" class=\"yoast-schema-graph\">{\"@context\":\"https:\/\/schema.org\",\"@graph\":[{\"@type\":\"WebPage\",\"@id\":\"https:\/\/ztove.com\/produkt\/ztove-stainless-steel-pan-28-cm\/\",\"url\":\"https:\/\/ztove.com\/produkt\/ztove-stainless-steel-pan-28-cm\/\",\"name\":\"Stainless Steel Pan 28 cm from Ztove - Thick 3-layer construction\",\"isPartOf\":{\"@id\":\"https:\/\/ztove.com\/#website\"},\"primaryImageOfPage\":{\"@id\":\"https:\/\/ztove.com\/produkt\/ztove-stainless-steel-pan-28-cm\/#primaryimage\"},\"image\":{\"@id\":\"https:\/\/ztove.com\/produkt\/ztove-stainless-steel-pan-28-cm\/#primaryimage\"},\"thumbnailUrl\":\"https:\/\/ztove.com\/wp-content\/uploads\/2022\/09\/28-cm-pan-steel-scaled.jpeg\",\"datePublished\":\"2022-09-19T09:00:01+00:00\",\"dateModified\":\"2026-01-15T08:01:56+00:00\",\"description\":\"A steel pan from Ztove lasts almost forever. When using the pan on a Ztove hob, you can control the temperature of the pan with a precision of \u00b11 \u00baC.\",\"breadcrumb\":{\"@id\":\"https:\/\/ztove.com\/produkt\/ztove-stainless-steel-pan-28-cm\/#breadcrumb\"},\"inLanguage\":\"nb-NO\",\"potentialAction\":[{\"@type\":\"ReadAction\",\"target\":[\"https:\/\/ztove.com\/produkt\/ztove-stainless-steel-pan-28-cm\/\"]}]},{\"@type\":\"ImageObject\",\"inLanguage\":\"nb-NO\",\"@id\":\"https:\/\/ztove.com\/produkt\/ztove-stainless-steel-pan-28-cm\/#primaryimage\",\"url\":\"https:\/\/ztove.com\/wp-content\/uploads\/2022\/09\/28-cm-pan-steel-scaled.jpeg\",\"contentUrl\":\"https:\/\/ztove.com\/wp-content\/uploads\/2022\/09\/28-cm-pan-steel-scaled.jpeg\",\"width\":2560,\"height\":1707,\"caption\":\"Ztove 28 cm rustfri st\u00e5l induktionspande, holdbar og alsidig, med pr\u00e6cis temperaturstyring. Ideel til h\u00f8je temperaturer og stegeskorper\"},{\"@type\":\"BreadcrumbList\",\"@id\":\"https:\/\/ztove.com\/produkt\/ztove-stainless-steel-pan-28-cm\/#breadcrumb\",\"itemListElement\":[{\"@type\":\"ListItem\",\"position\":1,\"name\":\"Hjem\",\"item\":\"https:\/\/ztove.com\/\"},{\"@type\":\"ListItem\",\"position\":2,\"name\":\"Products\",\"item\":\"https:\/\/ztove.com\/products\/\"},{\"@type\":\"ListItem\",\"position\":3,\"name\":\"Ztove Rustfri St\u00e5l Panne \u2013 28 cm\"}]},{\"@type\":\"WebSite\",\"@id\":\"https:\/\/ztove.com\/#website\",\"url\":\"https:\/\/ztove.com\/\",\"name\":\"Ztove\",\"description\":\"Opplev presis temperaturstyring\",\"publisher\":{\"@id\":\"https:\/\/ztove.com\/#organization\"},\"potentialAction\":[{\"@type\":\"SearchAction\",\"target\":{\"@type\":\"EntryPoint\",\"urlTemplate\":\"https:\/\/ztove.com\/?s={search_term_string}\"},\"query-input\":{\"@type\":\"PropertyValueSpecification\",\"valueRequired\":true,\"valueName\":\"search_term_string\"}}],\"inLanguage\":\"nb-NO\"},{\"@type\":\"Organization\",\"@id\":\"https:\/\/ztove.com\/#organization\",\"name\":\"Ztove\",\"url\":\"https:\/\/ztove.com\/\",\"logo\":{\"@type\":\"ImageObject\",\"inLanguage\":\"nb-NO\",\"@id\":\"https:\/\/ztove.com\/#\/schema\/logo\/image\/\",\"url\":\"https:\/\/ztove.com\/wp-content\/uploads\/2022\/10\/Ztove-Full-Brand-Horizontal-RGB.png\",\"contentUrl\":\"https:\/\/ztove.com\/wp-content\/uploads\/2022\/10\/Ztove-Full-Brand-Horizontal-RGB.png\",\"width\":2560,\"height\":801,\"caption\":\"Ztove\"},\"image\":{\"@id\":\"https:\/\/ztove.com\/#\/schema\/logo\/image\/\"},\"sameAs\":[\"https:\/\/www.facebook.com\/Ztove\/\"]}]}<\/script>\n<!-- \/ Yoast SEO plugin. -->","yoast_head_json":{"title":"Stainless Steel Pan 28 cm from Ztove - Thick 3-layer construction","description":"A steel pan from Ztove lasts almost forever. When using the pan on a Ztove hob, you can control the temperature of the pan with a precision of \u00b11 \u00baC.","robots":{"index":"index","follow":"follow","max-snippet":"max-snippet:-1","max-image-preview":"max-image-preview:large","max-video-preview":"max-video-preview:-1"},"canonical":"https:\/\/ztove.com\/produkt\/ztove-stainless-steel-pan-28-cm\/","og_locale":"nb_NO","og_type":"article","og_title":"Stainless Steel Pan 28 cm from Ztove - Thick 3-layer construction","og_description":"A steel pan from Ztove lasts almost forever. When using the pan on a Ztove hob, you can control the temperature of the pan with a precision of \u00b11 \u00baC.","og_url":"https:\/\/ztove.com\/produkt\/ztove-stainless-steel-pan-28-cm\/","og_site_name":"Ztove","article_publisher":"https:\/\/www.facebook.com\/Ztove\/","article_modified_time":"2026-01-15T08:01:56+00:00","og_image":[{"width":2560,"height":1707,"url":"https:\/\/ztove.com\/wp-content\/uploads\/2022\/09\/28-cm-pan-steel-scaled.jpeg","type":"image\/jpeg"}],"twitter_card":"summary_large_image","twitter_misc":{"Ansl. lesetid":"1 minutt"},"schema":{"@context":"https:\/\/schema.org","@graph":[{"@type":"WebPage","@id":"https:\/\/ztove.com\/produkt\/ztove-stainless-steel-pan-28-cm\/","url":"https:\/\/ztove.com\/produkt\/ztove-stainless-steel-pan-28-cm\/","name":"Stainless Steel Pan 28 cm from Ztove - Thick 3-layer construction","isPartOf":{"@id":"https:\/\/ztove.com\/#website"},"primaryImageOfPage":{"@id":"https:\/\/ztove.com\/produkt\/ztove-stainless-steel-pan-28-cm\/#primaryimage"},"image":{"@id":"https:\/\/ztove.com\/produkt\/ztove-stainless-steel-pan-28-cm\/#primaryimage"},"thumbnailUrl":"https:\/\/ztove.com\/wp-content\/uploads\/2022\/09\/28-cm-pan-steel-scaled.jpeg","datePublished":"2022-09-19T09:00:01+00:00","dateModified":"2026-01-15T08:01:56+00:00","description":"A steel pan from Ztove lasts almost forever. When using the pan on a Ztove hob, you can control the temperature of the pan with a precision of \u00b11 \u00baC.","breadcrumb":{"@id":"https:\/\/ztove.com\/produkt\/ztove-stainless-steel-pan-28-cm\/#breadcrumb"},"inLanguage":"nb-NO","potentialAction":[{"@type":"ReadAction","target":["https:\/\/ztove.com\/produkt\/ztove-stainless-steel-pan-28-cm\/"]}]},{"@type":"ImageObject","inLanguage":"nb-NO","@id":"https:\/\/ztove.com\/produkt\/ztove-stainless-steel-pan-28-cm\/#primaryimage","url":"https:\/\/ztove.com\/wp-content\/uploads\/2022\/09\/28-cm-pan-steel-scaled.jpeg","contentUrl":"https:\/\/ztove.com\/wp-content\/uploads\/2022\/09\/28-cm-pan-steel-scaled.jpeg","width":2560,"height":1707,"caption":"Ztove 28 cm rustfri st\u00e5l induktionspande, holdbar og alsidig, med pr\u00e6cis temperaturstyring. Ideel til h\u00f8je temperaturer og stegeskorper"},{"@type":"BreadcrumbList","@id":"https:\/\/ztove.com\/produkt\/ztove-stainless-steel-pan-28-cm\/#breadcrumb","itemListElement":[{"@type":"ListItem","position":1,"name":"Hjem","item":"https:\/\/ztove.com\/"},{"@type":"ListItem","position":2,"name":"Products","item":"https:\/\/ztove.com\/products\/"},{"@type":"ListItem","position":3,"name":"Ztove Rustfri St\u00e5l Panne \u2013 28 cm"}]},{"@type":"WebSite","@id":"https:\/\/ztove.com\/#website","url":"https:\/\/ztove.com\/","name":"Ztove","description":"Opplev presis temperaturstyring","publisher":{"@id":"https:\/\/ztove.com\/#organization"},"potentialAction":[{"@type":"SearchAction","target":{"@type":"EntryPoint","urlTemplate":"https:\/\/ztove.com\/?s={search_term_string}"},"query-input":{"@type":"PropertyValueSpecification","valueRequired":true,"valueName":"search_term_string"}}],"inLanguage":"nb-NO"},{"@type":"Organization","@id":"https:\/\/ztove.com\/#organization","name":"Ztove","url":"https:\/\/ztove.com\/","logo":{"@type":"ImageObject","inLanguage":"nb-NO","@id":"https:\/\/ztove.com\/#\/schema\/logo\/image\/","url":"https:\/\/ztove.com\/wp-content\/uploads\/2022\/10\/Ztove-Full-Brand-Horizontal-RGB.png","contentUrl":"https:\/\/ztove.com\/wp-content\/uploads\/2022\/10\/Ztove-Full-Brand-Horizontal-RGB.png","width":2560,"height":801,"caption":"Ztove"},"image":{"@id":"https:\/\/ztove.com\/#\/schema\/logo\/image\/"},"sameAs":["https:\/\/www.facebook.com\/Ztove\/"]}]}},"_links":{"self":[{"href":"https:\/\/ztove.com\/no\/wp-json\/wp\/v2\/product\/24059","targetHints":{"allow":["GET"]}}],"collection":[{"href":"https:\/\/ztove.com\/no\/wp-json\/wp\/v2\/product"}],"about":[{"href":"https:\/\/ztove.com\/no\/wp-json\/wp\/v2\/types\/product"}],"wp:featuredmedia":[{"embeddable":true,"href":"https:\/\/ztove.com\/no\/wp-json\/wp\/v2\/media\/20553"}],"wp:attachment":[{"href":"https:\/\/ztove.com\/no\/wp-json\/wp\/v2\/media?parent=24059"}],"wp:term":[{"taxonomy":"product_brand","embeddable":true,"href":"https:\/\/ztove.com\/no\/wp-json\/wp\/v2\/product_brand?post=24059"},{"taxonomy":"product_cat","embeddable":true,"href":"https:\/\/ztove.com\/no\/wp-json\/wp\/v2\/product_cat?post=24059"},{"taxonomy":"product_tag","embeddable":true,"href":"https:\/\/ztove.com\/no\/wp-json\/wp\/v2\/product_tag?post=24059"}],"curies":[{"name":"wp","href":"https:\/\/api.w.org\/{rel}","templated":true}]}}