{"id":24370,"date":"2022-09-24T13:24:42","date_gmt":"2022-09-24T11:24:42","guid":{"rendered":"https:\/\/ztove.com\/product\/ztove-pot-3l\/"},"modified":"2025-01-30T11:02:03","modified_gmt":"2025-01-30T10:02:03","slug":"ztove-kattila-3-l","status":"publish","type":"product","link":"https:\/\/ztove.com\/fi\/tuote\/ztove-kattila-3-l\/","title":{"rendered":"Ztove Kattila &#8211; 3 L"},"content":{"rendered":"","protected":false},"excerpt":{"rendered":"<p>Ztoven \u00e4lyk\u00e4s keittoastia mittaa l\u00e4mp\u00f6tilan 1 \u00b0C tarkkuudella. Yhdist\u00e4 se Ztoven induktiotasoon hallitaksesi l\u00e4mp\u00f6tilaa 0\u2013250 \u00b0C v\u00e4lill\u00e4. Mik\u00e4\u00e4n ei pala eik\u00e4 kiehu yli.<\/p>\n<ul>\n<li><strong>Sis\u00e4\u00e4nrakennettu l\u00e4mp\u00f6tila-anturi:<\/strong> Mittaa l\u00e4mp\u00f6tilan 1 \u00b0C tarkkuudella.<\/li>\n<li><strong>Paksu 3-kerroksinen pohja ter\u00e4ksest\u00e4 ja alumiinista:<\/strong> Takaa t\u00e4ydellisen l\u00e4mm\u00f6n jakautumisen.<\/li>\n<li><strong>Valumattomat kaatoreunat:<\/strong> Kaada ilman roiskeita.<\/li>\n<\/ul>\n<p>3 litran kasari on t\u00e4ydellinen pienten annosten, herkullisten kastikkeiden tai kananmunien keitt\u00e4miseen. Mukana lasikansi.<\/p>\n","protected":false},"featured_media":24021,"template":"","meta":{"_acf_changed":false},"product_brand":[],"product_cat":[831],"product_tag":[],"class_list":{"0":"post-24370","1":"product","2":"type-product","3":"status-publish","4":"has-post-thumbnail","6":"product_cat-kogegrej-mix-match-fi","8":"first","9":"instock","10":"taxable","11":"shipping-taxable","12":"purchasable","13":"product-type-simple"},"acf":[],"yoast_head":"<!-- This site is optimized with the Yoast SEO plugin v27.2 - https:\/\/yoast.com\/product\/yoast-seo-wordpress\/ -->\n<title>Pot 3 liters from Ztove - Built-in temperature sensor<\/title>\n<meta name=\"description\" content=\"A 3 L Ztove pot is made of stainless steel and comes with a glass lid. Get temperature control with an induction hob from Ztove.\" \/>\n<meta name=\"robots\" content=\"index, follow, max-snippet:-1, max-image-preview:large, max-video-preview:-1\" \/>\n<link rel=\"canonical\" href=\"https:\/\/ztove.com\/tuote\/ztove-pot-3l\/\" \/>\n<meta property=\"og:locale\" content=\"fi_FI\" \/>\n<meta property=\"og:type\" content=\"article\" \/>\n<meta property=\"og:title\" content=\"Pot 3 liters from Ztove - Built-in temperature sensor\" \/>\n<meta property=\"og:description\" content=\"A 3 L Ztove pot is made of stainless steel and comes with a glass lid. Get temperature control with an induction hob from Ztove.\" \/>\n<meta property=\"og:url\" content=\"https:\/\/ztove.com\/tuote\/ztove-pot-3l\/\" \/>\n<meta property=\"og:site_name\" content=\"Ztove\" \/>\n<meta property=\"article:publisher\" content=\"https:\/\/www.facebook.com\/Ztove\/\" \/>\n<meta property=\"article:modified_time\" content=\"2025-01-30T10:02:03+00:00\" \/>\n<meta property=\"og:image\" content=\"https:\/\/ztove.com\/wp-content\/uploads\/2022\/09\/3L-Pot-scaled.jpeg\" \/>\n\t<meta property=\"og:image:width\" content=\"2560\" \/>\n\t<meta property=\"og:image:height\" content=\"1707\" \/>\n\t<meta property=\"og:image:type\" content=\"image\/jpeg\" \/>\n<meta name=\"twitter:card\" content=\"summary_large_image\" \/>\n<script type=\"application\/ld+json\" class=\"yoast-schema-graph\">{\"@context\":\"https:\/\/schema.org\",\"@graph\":[{\"@type\":\"WebPage\",\"@id\":\"https:\/\/ztove.com\/tuote\/ztove-pot-3l\/\",\"url\":\"https:\/\/ztove.com\/tuote\/ztove-pot-3l\/\",\"name\":\"Pot 3 liters from Ztove - Built-in temperature sensor\",\"isPartOf\":{\"@id\":\"https:\/\/ztove.com\/#website\"},\"primaryImageOfPage\":{\"@id\":\"https:\/\/ztove.com\/tuote\/ztove-pot-3l\/#primaryimage\"},\"image\":{\"@id\":\"https:\/\/ztove.com\/tuote\/ztove-pot-3l\/#primaryimage\"},\"thumbnailUrl\":\"https:\/\/ztove.com\/wp-content\/uploads\/2022\/09\/3L-Pot-scaled.jpeg\",\"datePublished\":\"2022-09-24T11:24:42+00:00\",\"dateModified\":\"2025-01-30T10:02:03+00:00\",\"description\":\"A 3 L Ztove pot is made of stainless steel and comes with a glass lid. Get temperature control with an induction hob from Ztove.\",\"breadcrumb\":{\"@id\":\"https:\/\/ztove.com\/tuote\/ztove-pot-3l\/#breadcrumb\"},\"inLanguage\":\"fi\",\"potentialAction\":[{\"@type\":\"ReadAction\",\"target\":[\"https:\/\/ztove.com\/tuote\/ztove-pot-3l\/\"]}]},{\"@type\":\"ImageObject\",\"inLanguage\":\"fi\",\"@id\":\"https:\/\/ztove.com\/tuote\/ztove-pot-3l\/#primaryimage\",\"url\":\"https:\/\/ztove.com\/wp-content\/uploads\/2022\/09\/3L-Pot-scaled.jpeg\",\"contentUrl\":\"https:\/\/ztove.com\/wp-content\/uploads\/2022\/09\/3L-Pot-scaled.jpeg\",\"width\":2560,\"height\":1707},{\"@type\":\"BreadcrumbList\",\"@id\":\"https:\/\/ztove.com\/tuote\/ztove-pot-3l\/#breadcrumb\",\"itemListElement\":[{\"@type\":\"ListItem\",\"position\":1,\"name\":\"Etusivu\",\"item\":\"https:\/\/ztove.com\/\"},{\"@type\":\"ListItem\",\"position\":2,\"name\":\"Products\",\"item\":\"https:\/\/ztove.com\/products\/\"},{\"@type\":\"ListItem\",\"position\":3,\"name\":\"Ztove Kattila &#8211; 3 L\"}]},{\"@type\":\"WebSite\",\"@id\":\"https:\/\/ztove.com\/#website\",\"url\":\"https:\/\/ztove.com\/\",\"name\":\"Ztove\",\"description\":\"Koe tarkka l\u00e4mp\u00f6tilan hallinta\\n\",\"publisher\":{\"@id\":\"https:\/\/ztove.com\/#organization\"},\"potentialAction\":[{\"@type\":\"SearchAction\",\"target\":{\"@type\":\"EntryPoint\",\"urlTemplate\":\"https:\/\/ztove.com\/?s={search_term_string}\"},\"query-input\":{\"@type\":\"PropertyValueSpecification\",\"valueRequired\":true,\"valueName\":\"search_term_string\"}}],\"inLanguage\":\"fi\"},{\"@type\":\"Organization\",\"@id\":\"https:\/\/ztove.com\/#organization\",\"name\":\"Ztove\",\"url\":\"https:\/\/ztove.com\/\",\"logo\":{\"@type\":\"ImageObject\",\"inLanguage\":\"fi\",\"@id\":\"https:\/\/ztove.com\/#\/schema\/logo\/image\/\",\"url\":\"https:\/\/ztove.com\/wp-content\/uploads\/2022\/10\/Ztove-Full-Brand-Horizontal-RGB.png\",\"contentUrl\":\"https:\/\/ztove.com\/wp-content\/uploads\/2022\/10\/Ztove-Full-Brand-Horizontal-RGB.png\",\"width\":2560,\"height\":801,\"caption\":\"Ztove\"},\"image\":{\"@id\":\"https:\/\/ztove.com\/#\/schema\/logo\/image\/\"},\"sameAs\":[\"https:\/\/www.facebook.com\/Ztove\/\"]}]}<\/script>\n<!-- \/ Yoast SEO plugin. -->","yoast_head_json":{"title":"Pot 3 liters from Ztove - Built-in temperature sensor","description":"A 3 L Ztove pot is made of stainless steel and comes with a glass lid. Get temperature control with an induction hob from Ztove.","robots":{"index":"index","follow":"follow","max-snippet":"max-snippet:-1","max-image-preview":"max-image-preview:large","max-video-preview":"max-video-preview:-1"},"canonical":"https:\/\/ztove.com\/tuote\/ztove-pot-3l\/","og_locale":"fi_FI","og_type":"article","og_title":"Pot 3 liters from Ztove - Built-in temperature sensor","og_description":"A 3 L Ztove pot is made of stainless steel and comes with a glass lid. Get temperature control with an induction hob from Ztove.","og_url":"https:\/\/ztove.com\/tuote\/ztove-pot-3l\/","og_site_name":"Ztove","article_publisher":"https:\/\/www.facebook.com\/Ztove\/","article_modified_time":"2025-01-30T10:02:03+00:00","og_image":[{"width":2560,"height":1707,"url":"https:\/\/ztove.com\/wp-content\/uploads\/2022\/09\/3L-Pot-scaled.jpeg","type":"image\/jpeg"}],"twitter_card":"summary_large_image","schema":{"@context":"https:\/\/schema.org","@graph":[{"@type":"WebPage","@id":"https:\/\/ztove.com\/tuote\/ztove-pot-3l\/","url":"https:\/\/ztove.com\/tuote\/ztove-pot-3l\/","name":"Pot 3 liters from Ztove - Built-in temperature sensor","isPartOf":{"@id":"https:\/\/ztove.com\/#website"},"primaryImageOfPage":{"@id":"https:\/\/ztove.com\/tuote\/ztove-pot-3l\/#primaryimage"},"image":{"@id":"https:\/\/ztove.com\/tuote\/ztove-pot-3l\/#primaryimage"},"thumbnailUrl":"https:\/\/ztove.com\/wp-content\/uploads\/2022\/09\/3L-Pot-scaled.jpeg","datePublished":"2022-09-24T11:24:42+00:00","dateModified":"2025-01-30T10:02:03+00:00","description":"A 3 L Ztove pot is made of stainless steel and comes with a glass lid. Get temperature control with an induction hob from Ztove.","breadcrumb":{"@id":"https:\/\/ztove.com\/tuote\/ztove-pot-3l\/#breadcrumb"},"inLanguage":"fi","potentialAction":[{"@type":"ReadAction","target":["https:\/\/ztove.com\/tuote\/ztove-pot-3l\/"]}]},{"@type":"ImageObject","inLanguage":"fi","@id":"https:\/\/ztove.com\/tuote\/ztove-pot-3l\/#primaryimage","url":"https:\/\/ztove.com\/wp-content\/uploads\/2022\/09\/3L-Pot-scaled.jpeg","contentUrl":"https:\/\/ztove.com\/wp-content\/uploads\/2022\/09\/3L-Pot-scaled.jpeg","width":2560,"height":1707},{"@type":"BreadcrumbList","@id":"https:\/\/ztove.com\/tuote\/ztove-pot-3l\/#breadcrumb","itemListElement":[{"@type":"ListItem","position":1,"name":"Etusivu","item":"https:\/\/ztove.com\/"},{"@type":"ListItem","position":2,"name":"Products","item":"https:\/\/ztove.com\/products\/"},{"@type":"ListItem","position":3,"name":"Ztove Kattila &#8211; 3 L"}]},{"@type":"WebSite","@id":"https:\/\/ztove.com\/#website","url":"https:\/\/ztove.com\/","name":"Ztove","description":"Koe tarkka l\u00e4mp\u00f6tilan hallinta\n","publisher":{"@id":"https:\/\/ztove.com\/#organization"},"potentialAction":[{"@type":"SearchAction","target":{"@type":"EntryPoint","urlTemplate":"https:\/\/ztove.com\/?s={search_term_string}"},"query-input":{"@type":"PropertyValueSpecification","valueRequired":true,"valueName":"search_term_string"}}],"inLanguage":"fi"},{"@type":"Organization","@id":"https:\/\/ztove.com\/#organization","name":"Ztove","url":"https:\/\/ztove.com\/","logo":{"@type":"ImageObject","inLanguage":"fi","@id":"https:\/\/ztove.com\/#\/schema\/logo\/image\/","url":"https:\/\/ztove.com\/wp-content\/uploads\/2022\/10\/Ztove-Full-Brand-Horizontal-RGB.png","contentUrl":"https:\/\/ztove.com\/wp-content\/uploads\/2022\/10\/Ztove-Full-Brand-Horizontal-RGB.png","width":2560,"height":801,"caption":"Ztove"},"image":{"@id":"https:\/\/ztove.com\/#\/schema\/logo\/image\/"},"sameAs":["https:\/\/www.facebook.com\/Ztove\/"]}]}},"_links":{"self":[{"href":"https:\/\/ztove.com\/fi\/wp-json\/wp\/v2\/product\/24370","targetHints":{"allow":["GET"]}}],"collection":[{"href":"https:\/\/ztove.com\/fi\/wp-json\/wp\/v2\/product"}],"about":[{"href":"https:\/\/ztove.com\/fi\/wp-json\/wp\/v2\/types\/product"}],"wp:featuredmedia":[{"embeddable":true,"href":"https:\/\/ztove.com\/fi\/wp-json\/wp\/v2\/media\/24021"}],"wp:attachment":[{"href":"https:\/\/ztove.com\/fi\/wp-json\/wp\/v2\/media?parent=24370"}],"wp:term":[{"taxonomy":"product_brand","embeddable":true,"href":"https:\/\/ztove.com\/fi\/wp-json\/wp\/v2\/product_brand?post=24370"},{"taxonomy":"product_cat","embeddable":true,"href":"https:\/\/ztove.com\/fi\/wp-json\/wp\/v2\/product_cat?post=24370"},{"taxonomy":"product_tag","embeddable":true,"href":"https:\/\/ztove.com\/fi\/wp-json\/wp\/v2\/product_tag?post=24370"}],"curies":[{"name":"wp","href":"https:\/\/api.w.org\/{rel}","templated":true}]}}