{"id":24350,"date":"2022-07-27T11:12:49","date_gmt":"2022-07-27T09:12:49","guid":{"rendered":"https:\/\/ztove.com\/product\/the-ztove-induction-hob\/"},"modified":"2025-11-13T19:54:12","modified_gmt":"2025-11-13T18:54:12","slug":"ztoven-induktiotaso","status":"publish","type":"product","link":"https:\/\/ztove.com\/fi\/tuote\/ztoven-induktiotaso\/","title":{"rendered":"Ztoven induktiotaso"},"content":{"rendered":"","protected":false},"excerpt":{"rendered":"<p>Ztoven kattilat ja pannut seuraavat l\u00e4mp\u00f6tilaa. Ztoven kogepladella voit hallita l\u00e4mp\u00f6tilaa 1 \u00b0C tarkkuudella.<\/p>\n<p>Voit j\u00e4tt\u00e4\u00e4 kattilat ja pannut rauhassa ilman huolta. Mik\u00e4\u00e4n ei kiehu yli tai pala pohjaan.<\/p>\n","protected":false},"featured_media":0,"template":"","meta":{"_acf_changed":false},"product_brand":[],"product_cat":[830],"product_tag":[],"class_list":{"0":"post-24350","1":"product","2":"type-product","3":"status-publish","5":"product_cat-ukategoriseret-fi","7":"first","8":"instock","9":"taxable","10":"shipping-taxable","11":"purchasable","12":"product-type-variable"},"acf":[],"yoast_head":"<!-- This site is optimized with the Yoast SEO plugin v27.2 - https:\/\/yoast.com\/product\/yoast-seo-wordpress\/ -->\n<title>Ztoven induktiotaso - Ztove<\/title>\n<meta name=\"description\" content=\"Ztove Cookware connects with the Ztove induction hob giving you precise temperature control.\" \/>\n<meta name=\"robots\" content=\"index, follow, max-snippet:-1, max-image-preview:large, max-video-preview:-1\" \/>\n<link rel=\"canonical\" href=\"https:\/\/ztove.com\/tuote\/induction-hob\/\" \/>\n<meta property=\"og:locale\" content=\"fi_FI\" \/>\n<meta property=\"og:type\" content=\"article\" \/>\n<meta property=\"og:title\" content=\"Ztoven induktiotaso - Ztove\" \/>\n<meta property=\"og:description\" content=\"Ztove Cookware connects with the Ztove induction hob giving you precise temperature control.\" \/>\n<meta property=\"og:url\" content=\"https:\/\/ztove.com\/tuote\/induction-hob\/\" \/>\n<meta property=\"og:site_name\" content=\"Ztove\" \/>\n<meta property=\"article:publisher\" content=\"https:\/\/www.facebook.com\/Ztove\/\" \/>\n<meta property=\"article:modified_time\" content=\"2025-11-13T18:54:12+00:00\" \/>\n<meta property=\"og:image\" content=\"https:\/\/ztove.com\/wp-content\/uploads\/2024\/01\/Ztove.png\" \/>\n\t<meta property=\"og:image:width\" content=\"1200\" \/>\n\t<meta property=\"og:image:height\" content=\"675\" \/>\n\t<meta property=\"og:image:type\" content=\"image\/png\" \/>\n<meta name=\"twitter:card\" content=\"summary_large_image\" \/>\n<script type=\"application\/ld+json\" class=\"yoast-schema-graph\">{\"@context\":\"https:\/\/schema.org\",\"@graph\":[{\"@type\":\"WebPage\",\"@id\":\"https:\/\/ztove.com\/tuote\/induction-hob\/\",\"url\":\"https:\/\/ztove.com\/tuote\/induction-hob\/\",\"name\":\"Ztoven induktiotaso - Ztove\",\"isPartOf\":{\"@id\":\"https:\/\/ztove.com\/#website\"},\"datePublished\":\"2022-07-27T09:12:49+00:00\",\"dateModified\":\"2025-11-13T18:54:12+00:00\",\"description\":\"Ztove Cookware connects with the Ztove induction hob giving you precise temperature control.\",\"breadcrumb\":{\"@id\":\"https:\/\/ztove.com\/tuote\/induction-hob\/#breadcrumb\"},\"inLanguage\":\"fi\",\"potentialAction\":[{\"@type\":\"ReadAction\",\"target\":[\"https:\/\/ztove.com\/tuote\/induction-hob\/\"]}]},{\"@type\":\"BreadcrumbList\",\"@id\":\"https:\/\/ztove.com\/tuote\/induction-hob\/#breadcrumb\",\"itemListElement\":[{\"@type\":\"ListItem\",\"position\":1,\"name\":\"Etusivu\",\"item\":\"https:\/\/ztove.com\/\"},{\"@type\":\"ListItem\",\"position\":2,\"name\":\"Products\",\"item\":\"https:\/\/ztove.com\/products\/\"},{\"@type\":\"ListItem\",\"position\":3,\"name\":\"Ztoven induktiotaso\"}]},{\"@type\":\"WebSite\",\"@id\":\"https:\/\/ztove.com\/#website\",\"url\":\"https:\/\/ztove.com\/\",\"name\":\"Ztove\",\"description\":\"Koe tarkka l\u00e4mp\u00f6tilan hallinta\\n\",\"publisher\":{\"@id\":\"https:\/\/ztove.com\/#organization\"},\"potentialAction\":[{\"@type\":\"SearchAction\",\"target\":{\"@type\":\"EntryPoint\",\"urlTemplate\":\"https:\/\/ztove.com\/?s={search_term_string}\"},\"query-input\":{\"@type\":\"PropertyValueSpecification\",\"valueRequired\":true,\"valueName\":\"search_term_string\"}}],\"inLanguage\":\"fi\"},{\"@type\":\"Organization\",\"@id\":\"https:\/\/ztove.com\/#organization\",\"name\":\"Ztove\",\"url\":\"https:\/\/ztove.com\/\",\"logo\":{\"@type\":\"ImageObject\",\"inLanguage\":\"fi\",\"@id\":\"https:\/\/ztove.com\/#\/schema\/logo\/image\/\",\"url\":\"https:\/\/ztove.com\/wp-content\/uploads\/2022\/10\/Ztove-Full-Brand-Horizontal-RGB.png\",\"contentUrl\":\"https:\/\/ztove.com\/wp-content\/uploads\/2022\/10\/Ztove-Full-Brand-Horizontal-RGB.png\",\"width\":2560,\"height\":801,\"caption\":\"Ztove\"},\"image\":{\"@id\":\"https:\/\/ztove.com\/#\/schema\/logo\/image\/\"},\"sameAs\":[\"https:\/\/www.facebook.com\/Ztove\/\"]}]}<\/script>\n<!-- \/ Yoast SEO plugin. -->","yoast_head_json":{"title":"Ztoven induktiotaso - Ztove","description":"Ztove Cookware connects with the Ztove induction hob giving you precise temperature control.","robots":{"index":"index","follow":"follow","max-snippet":"max-snippet:-1","max-image-preview":"max-image-preview:large","max-video-preview":"max-video-preview:-1"},"canonical":"https:\/\/ztove.com\/tuote\/induction-hob\/","og_locale":"fi_FI","og_type":"article","og_title":"Ztoven induktiotaso - Ztove","og_description":"Ztove Cookware connects with the Ztove induction hob giving you precise temperature control.","og_url":"https:\/\/ztove.com\/tuote\/induction-hob\/","og_site_name":"Ztove","article_publisher":"https:\/\/www.facebook.com\/Ztove\/","article_modified_time":"2025-11-13T18:54:12+00:00","og_image":[{"width":1200,"height":675,"url":"https:\/\/ztove.com\/wp-content\/uploads\/2024\/01\/Ztove.png","type":"image\/png"}],"twitter_card":"summary_large_image","schema":{"@context":"https:\/\/schema.org","@graph":[{"@type":"WebPage","@id":"https:\/\/ztove.com\/tuote\/induction-hob\/","url":"https:\/\/ztove.com\/tuote\/induction-hob\/","name":"Ztoven induktiotaso - Ztove","isPartOf":{"@id":"https:\/\/ztove.com\/#website"},"datePublished":"2022-07-27T09:12:49+00:00","dateModified":"2025-11-13T18:54:12+00:00","description":"Ztove Cookware connects with the Ztove induction hob giving you precise temperature control.","breadcrumb":{"@id":"https:\/\/ztove.com\/tuote\/induction-hob\/#breadcrumb"},"inLanguage":"fi","potentialAction":[{"@type":"ReadAction","target":["https:\/\/ztove.com\/tuote\/induction-hob\/"]}]},{"@type":"BreadcrumbList","@id":"https:\/\/ztove.com\/tuote\/induction-hob\/#breadcrumb","itemListElement":[{"@type":"ListItem","position":1,"name":"Etusivu","item":"https:\/\/ztove.com\/"},{"@type":"ListItem","position":2,"name":"Products","item":"https:\/\/ztove.com\/products\/"},{"@type":"ListItem","position":3,"name":"Ztoven induktiotaso"}]},{"@type":"WebSite","@id":"https:\/\/ztove.com\/#website","url":"https:\/\/ztove.com\/","name":"Ztove","description":"Koe tarkka l\u00e4mp\u00f6tilan hallinta\n","publisher":{"@id":"https:\/\/ztove.com\/#organization"},"potentialAction":[{"@type":"SearchAction","target":{"@type":"EntryPoint","urlTemplate":"https:\/\/ztove.com\/?s={search_term_string}"},"query-input":{"@type":"PropertyValueSpecification","valueRequired":true,"valueName":"search_term_string"}}],"inLanguage":"fi"},{"@type":"Organization","@id":"https:\/\/ztove.com\/#organization","name":"Ztove","url":"https:\/\/ztove.com\/","logo":{"@type":"ImageObject","inLanguage":"fi","@id":"https:\/\/ztove.com\/#\/schema\/logo\/image\/","url":"https:\/\/ztove.com\/wp-content\/uploads\/2022\/10\/Ztove-Full-Brand-Horizontal-RGB.png","contentUrl":"https:\/\/ztove.com\/wp-content\/uploads\/2022\/10\/Ztove-Full-Brand-Horizontal-RGB.png","width":2560,"height":801,"caption":"Ztove"},"image":{"@id":"https:\/\/ztove.com\/#\/schema\/logo\/image\/"},"sameAs":["https:\/\/www.facebook.com\/Ztove\/"]}]}},"_links":{"self":[{"href":"https:\/\/ztove.com\/fi\/wp-json\/wp\/v2\/product\/24350","targetHints":{"allow":["GET"]}}],"collection":[{"href":"https:\/\/ztove.com\/fi\/wp-json\/wp\/v2\/product"}],"about":[{"href":"https:\/\/ztove.com\/fi\/wp-json\/wp\/v2\/types\/product"}],"wp:attachment":[{"href":"https:\/\/ztove.com\/fi\/wp-json\/wp\/v2\/media?parent=24350"}],"wp:term":[{"taxonomy":"product_brand","embeddable":true,"href":"https:\/\/ztove.com\/fi\/wp-json\/wp\/v2\/product_brand?post=24350"},{"taxonomy":"product_cat","embeddable":true,"href":"https:\/\/ztove.com\/fi\/wp-json\/wp\/v2\/product_cat?post=24350"},{"taxonomy":"product_tag","embeddable":true,"href":"https:\/\/ztove.com\/fi\/wp-json\/wp\/v2\/product_tag?post=24350"}],"curies":[{"name":"wp","href":"https:\/\/api.w.org\/{rel}","templated":true}]}}