{"id":2683,"date":"2022-11-24T12:48:01","date_gmt":"2022-11-24T11:48:01","guid":{"rendered":"https:\/\/ztove.com\/?post_type=product&#038;p=2683"},"modified":"2025-12-22T20:32:20","modified_gmt":"2025-12-22T19:32:20","slug":"sous-vide-haandbogen","status":"publish","type":"product","link":"https:\/\/ztove.com\/da\/produkt\/sous-vide-haandbogen\/","title":{"rendered":"Sous Vide H\u00e5ndbogen"},"content":{"rendered":"","protected":false},"excerpt":{"rendered":"<p>Sous Vide H\u00e5ndbogen er skrevet af Karsten Tanggaard. Han er forfatter til de bedst s\u00e6lgende sous vide b\u00f8ger i Danmark.<\/p>\n<p>I bogen finder du 214 opskrifter, der er gennemtestede og tr\u00e6fsikre. Der er <a href=\"https:\/\/ztove.com\/sous-vide\/\">sous-vide<\/a> opskrifter til k\u00f8d, fisk, frugt og gr\u00f8nt. Derfor er det en sikker vinder til k\u00f8kkenbordet, n\u00e5r du har r\u00e5varer, som du ikke har pr\u00f8vet at tilberede f\u00f8r.<\/p>\n<p>Alle opskrifter fungerer p\u00e5 samme m\u00e5de, n\u00e5r du bruger Ztove. Med Ztove kan du sl\u00e5 din gryde eller pande til &#8220;sous vide mode&#8221; i app&#8217;en.<\/p>\n","protected":false},"featured_media":14922,"template":"","meta":{"_acf_changed":false},"product_brand":[],"product_cat":[68],"product_tag":[],"class_list":{"0":"post-2683","1":"product","2":"type-product","3":"status-publish","4":"has-post-thumbnail","6":"product_cat-tilbehoer","8":"first","9":"instock","10":"taxable","11":"shipping-taxable","12":"purchasable","13":"product-type-simple"},"acf":[],"yoast_head":"<!-- This site is optimized with the Yoast SEO plugin v27.2 - https:\/\/yoast.com\/product\/yoast-seo-wordpress\/ -->\n<title>Sous Vide H\u00e5ndbogen - K\u00f8b Sous Vide H\u00e5ndbogen her<\/title>\n<meta name=\"description\" content=\"I bogen finder du 214 opskrifter, der er gennemtestede og tr\u00e6fsikre. Der er opskrifter til k\u00f8d, fisk, frugt og gr\u00f8nt. Med Ztove kan du f\u00f8lge dem 1:1.\" \/>\n<meta name=\"robots\" content=\"index, follow, max-snippet:-1, max-image-preview:large, max-video-preview:-1\" \/>\n<link rel=\"canonical\" href=\"https:\/\/ztove.com\/?post_type=product&p=2680\" \/>\n<meta property=\"og:locale\" content=\"da_DK\" \/>\n<meta property=\"og:type\" content=\"article\" \/>\n<meta property=\"og:title\" content=\"Sous Vide H\u00e5ndbogen - K\u00f8b Sous Vide H\u00e5ndbogen her\" \/>\n<meta property=\"og:description\" content=\"I bogen finder du 214 opskrifter, der er gennemtestede og tr\u00e6fsikre. Der er opskrifter til k\u00f8d, fisk, frugt og gr\u00f8nt. Med Ztove kan du f\u00f8lge dem 1:1.\" \/>\n<meta property=\"og:url\" content=\"https:\/\/ztove.com\/?post_type=product&amp;p=2680\" \/>\n<meta property=\"og:site_name\" content=\"Ztove\" \/>\n<meta property=\"article:publisher\" content=\"https:\/\/www.facebook.com\/Ztove\/\" \/>\n<meta property=\"article:modified_time\" content=\"2025-12-22T19:32:20+00:00\" \/>\n<meta property=\"og:image\" content=\"https:\/\/ztove.com\/wp-content\/uploads\/2022\/11\/Kogegrej-blog.jpg\" \/>\n\t<meta property=\"og:image:width\" content=\"2048\" \/>\n\t<meta property=\"og:image:height\" content=\"1794\" \/>\n\t<meta property=\"og:image:type\" content=\"image\/jpeg\" \/>\n<meta name=\"twitter:card\" content=\"summary_large_image\" \/>\n<meta name=\"twitter:label1\" content=\"Estimeret l\u00e6setid\" \/>\n\t<meta name=\"twitter:data1\" content=\"1 minut\" \/>\n<script type=\"application\/ld+json\" class=\"yoast-schema-graph\">{\"@context\":\"https:\/\/schema.org\",\"@graph\":[{\"@type\":\"WebPage\",\"@id\":\"https:\/\/ztove.com\/?post_type=product&p=2680\",\"url\":\"https:\/\/ztove.com\/?post_type=product&p=2680\",\"name\":\"Sous Vide H\u00e5ndbogen - K\u00f8b Sous Vide H\u00e5ndbogen her\",\"isPartOf\":{\"@id\":\"https:\/\/ztove.com\/#website\"},\"primaryImageOfPage\":{\"@id\":\"https:\/\/ztove.com\/?post_type=product&p=2680#primaryimage\"},\"image\":{\"@id\":\"https:\/\/ztove.com\/?post_type=product&p=2680#primaryimage\"},\"thumbnailUrl\":\"https:\/\/ztove.com\/wp-content\/uploads\/2022\/11\/Kogegrej-blog.jpg\",\"datePublished\":\"2022-11-24T11:48:01+00:00\",\"dateModified\":\"2025-12-22T19:32:20+00:00\",\"description\":\"I bogen finder du 214 opskrifter, der er gennemtestede og tr\u00e6fsikre. Der er opskrifter til k\u00f8d, fisk, frugt og gr\u00f8nt. Med Ztove kan du f\u00f8lge dem 1:1.\",\"breadcrumb\":{\"@id\":\"https:\/\/ztove.com\/?post_type=product&p=2680#breadcrumb\"},\"inLanguage\":\"da-DK\",\"potentialAction\":[{\"@type\":\"ReadAction\",\"target\":[\"https:\/\/ztove.com\/?post_type=product&p=2680\"]}]},{\"@type\":\"ImageObject\",\"inLanguage\":\"da-DK\",\"@id\":\"https:\/\/ztove.com\/?post_type=product&p=2680#primaryimage\",\"url\":\"https:\/\/ztove.com\/wp-content\/uploads\/2022\/11\/Kogegrej-blog.jpg\",\"contentUrl\":\"https:\/\/ztove.com\/wp-content\/uploads\/2022\/11\/Kogegrej-blog.jpg\",\"width\":2048,\"height\":1794,\"caption\":\"sous vide h\u00e5ndbogen - l\u00e6kre sous vide opskrifter\"},{\"@type\":\"BreadcrumbList\",\"@id\":\"https:\/\/ztove.com\/?post_type=product&p=2680#breadcrumb\",\"itemListElement\":[{\"@type\":\"ListItem\",\"position\":1,\"name\":\"Hjem\",\"item\":\"https:\/\/ztove.com\/\"},{\"@type\":\"ListItem\",\"position\":2,\"name\":\"Products\",\"item\":\"https:\/\/ztove.com\/products\/\"},{\"@type\":\"ListItem\",\"position\":3,\"name\":\"Sous Vide H\u00e5ndbogen\"}]},{\"@type\":\"WebSite\",\"@id\":\"https:\/\/ztove.com\/#website\",\"url\":\"https:\/\/ztove.com\/\",\"name\":\"Ztove\",\"description\":\"Oplev pr\u00e6cis temperaturstyring\",\"publisher\":{\"@id\":\"https:\/\/ztove.com\/#organization\"},\"potentialAction\":[{\"@type\":\"SearchAction\",\"target\":{\"@type\":\"EntryPoint\",\"urlTemplate\":\"https:\/\/ztove.com\/?s={search_term_string}\"},\"query-input\":{\"@type\":\"PropertyValueSpecification\",\"valueRequired\":true,\"valueName\":\"search_term_string\"}}],\"inLanguage\":\"da-DK\"},{\"@type\":\"Organization\",\"@id\":\"https:\/\/ztove.com\/#organization\",\"name\":\"Ztove\",\"url\":\"https:\/\/ztove.com\/\",\"logo\":{\"@type\":\"ImageObject\",\"inLanguage\":\"da-DK\",\"@id\":\"https:\/\/ztove.com\/#\/schema\/logo\/image\/\",\"url\":\"https:\/\/ztove.com\/wp-content\/uploads\/2022\/10\/Ztove-Full-Brand-Horizontal-RGB.png\",\"contentUrl\":\"https:\/\/ztove.com\/wp-content\/uploads\/2022\/10\/Ztove-Full-Brand-Horizontal-RGB.png\",\"width\":2560,\"height\":801,\"caption\":\"Ztove\"},\"image\":{\"@id\":\"https:\/\/ztove.com\/#\/schema\/logo\/image\/\"},\"sameAs\":[\"https:\/\/www.facebook.com\/Ztove\/\"]}]}<\/script>\n<!-- \/ Yoast SEO plugin. -->","yoast_head_json":{"title":"Sous Vide H\u00e5ndbogen - K\u00f8b Sous Vide H\u00e5ndbogen her","description":"I bogen finder du 214 opskrifter, der er gennemtestede og tr\u00e6fsikre. Der er opskrifter til k\u00f8d, fisk, frugt og gr\u00f8nt. Med Ztove kan du f\u00f8lge dem 1:1.","robots":{"index":"index","follow":"follow","max-snippet":"max-snippet:-1","max-image-preview":"max-image-preview:large","max-video-preview":"max-video-preview:-1"},"canonical":"https:\/\/ztove.com\/?post_type=product&p=2680","og_locale":"da_DK","og_type":"article","og_title":"Sous Vide H\u00e5ndbogen - K\u00f8b Sous Vide H\u00e5ndbogen her","og_description":"I bogen finder du 214 opskrifter, der er gennemtestede og tr\u00e6fsikre. Der er opskrifter til k\u00f8d, fisk, frugt og gr\u00f8nt. Med Ztove kan du f\u00f8lge dem 1:1.","og_url":"https:\/\/ztove.com\/?post_type=product&p=2680","og_site_name":"Ztove","article_publisher":"https:\/\/www.facebook.com\/Ztove\/","article_modified_time":"2025-12-22T19:32:20+00:00","og_image":[{"width":2048,"height":1794,"url":"https:\/\/ztove.com\/wp-content\/uploads\/2022\/11\/Kogegrej-blog.jpg","type":"image\/jpeg"}],"twitter_card":"summary_large_image","twitter_misc":{"Estimeret l\u00e6setid":"1 minut"},"schema":{"@context":"https:\/\/schema.org","@graph":[{"@type":"WebPage","@id":"https:\/\/ztove.com\/?post_type=product&p=2680","url":"https:\/\/ztove.com\/?post_type=product&p=2680","name":"Sous Vide H\u00e5ndbogen - K\u00f8b Sous Vide H\u00e5ndbogen her","isPartOf":{"@id":"https:\/\/ztove.com\/#website"},"primaryImageOfPage":{"@id":"https:\/\/ztove.com\/?post_type=product&p=2680#primaryimage"},"image":{"@id":"https:\/\/ztove.com\/?post_type=product&p=2680#primaryimage"},"thumbnailUrl":"https:\/\/ztove.com\/wp-content\/uploads\/2022\/11\/Kogegrej-blog.jpg","datePublished":"2022-11-24T11:48:01+00:00","dateModified":"2025-12-22T19:32:20+00:00","description":"I bogen finder du 214 opskrifter, der er gennemtestede og tr\u00e6fsikre. Der er opskrifter til k\u00f8d, fisk, frugt og gr\u00f8nt. Med Ztove kan du f\u00f8lge dem 1:1.","breadcrumb":{"@id":"https:\/\/ztove.com\/?post_type=product&p=2680#breadcrumb"},"inLanguage":"da-DK","potentialAction":[{"@type":"ReadAction","target":["https:\/\/ztove.com\/?post_type=product&p=2680"]}]},{"@type":"ImageObject","inLanguage":"da-DK","@id":"https:\/\/ztove.com\/?post_type=product&p=2680#primaryimage","url":"https:\/\/ztove.com\/wp-content\/uploads\/2022\/11\/Kogegrej-blog.jpg","contentUrl":"https:\/\/ztove.com\/wp-content\/uploads\/2022\/11\/Kogegrej-blog.jpg","width":2048,"height":1794,"caption":"sous vide h\u00e5ndbogen - l\u00e6kre sous vide opskrifter"},{"@type":"BreadcrumbList","@id":"https:\/\/ztove.com\/?post_type=product&p=2680#breadcrumb","itemListElement":[{"@type":"ListItem","position":1,"name":"Hjem","item":"https:\/\/ztove.com\/"},{"@type":"ListItem","position":2,"name":"Products","item":"https:\/\/ztove.com\/products\/"},{"@type":"ListItem","position":3,"name":"Sous Vide H\u00e5ndbogen"}]},{"@type":"WebSite","@id":"https:\/\/ztove.com\/#website","url":"https:\/\/ztove.com\/","name":"Ztove","description":"Oplev pr\u00e6cis temperaturstyring","publisher":{"@id":"https:\/\/ztove.com\/#organization"},"potentialAction":[{"@type":"SearchAction","target":{"@type":"EntryPoint","urlTemplate":"https:\/\/ztove.com\/?s={search_term_string}"},"query-input":{"@type":"PropertyValueSpecification","valueRequired":true,"valueName":"search_term_string"}}],"inLanguage":"da-DK"},{"@type":"Organization","@id":"https:\/\/ztove.com\/#organization","name":"Ztove","url":"https:\/\/ztove.com\/","logo":{"@type":"ImageObject","inLanguage":"da-DK","@id":"https:\/\/ztove.com\/#\/schema\/logo\/image\/","url":"https:\/\/ztove.com\/wp-content\/uploads\/2022\/10\/Ztove-Full-Brand-Horizontal-RGB.png","contentUrl":"https:\/\/ztove.com\/wp-content\/uploads\/2022\/10\/Ztove-Full-Brand-Horizontal-RGB.png","width":2560,"height":801,"caption":"Ztove"},"image":{"@id":"https:\/\/ztove.com\/#\/schema\/logo\/image\/"},"sameAs":["https:\/\/www.facebook.com\/Ztove\/"]}]}},"_links":{"self":[{"href":"https:\/\/ztove.com\/da\/wp-json\/wp\/v2\/product\/2683","targetHints":{"allow":["GET"]}}],"collection":[{"href":"https:\/\/ztove.com\/da\/wp-json\/wp\/v2\/product"}],"about":[{"href":"https:\/\/ztove.com\/da\/wp-json\/wp\/v2\/types\/product"}],"wp:featuredmedia":[{"embeddable":true,"href":"https:\/\/ztove.com\/da\/wp-json\/wp\/v2\/media\/14922"}],"wp:attachment":[{"href":"https:\/\/ztove.com\/da\/wp-json\/wp\/v2\/media?parent=2683"}],"wp:term":[{"taxonomy":"product_brand","embeddable":true,"href":"https:\/\/ztove.com\/da\/wp-json\/wp\/v2\/product_brand?post=2683"},{"taxonomy":"product_cat","embeddable":true,"href":"https:\/\/ztove.com\/da\/wp-json\/wp\/v2\/product_cat?post=2683"},{"taxonomy":"product_tag","embeddable":true,"href":"https:\/\/ztove.com\/da\/wp-json\/wp\/v2\/product_tag?post=2683"}],"curies":[{"name":"wp","href":"https:\/\/api.w.org\/{rel}","templated":true}]}}