{"id":26560,"date":"2025-05-13T15:28:35","date_gmt":"2025-05-13T13:28:35","guid":{"rendered":"https:\/\/ztove.com\/?post_type=product&#038;p=26560"},"modified":"2026-04-02T20:00:16","modified_gmt":"2026-04-02T18:00:16","slug":"kanal-05-meter-89-x-222-mm","status":"publish","type":"product","link":"https:\/\/ztove.com\/da\/produkt\/kanal-05-meter-89-x-222-mm\/","title":{"rendered":"Kanal | 0,5 meter | 89 x 222 mm"},"content":{"rendered":"","protected":false},"excerpt":{"rendered":"<p>0,5 meter lang flad kanal med st\u00f8rrelsen 99 x 222 mm.<\/p>\n","protected":false},"featured_media":26566,"template":"","meta":{"_acf_changed":false},"product_brand":[],"product_cat":[809],"product_tag":[],"class_list":{"0":"post-26560","1":"product","2":"type-product","3":"status-publish","4":"has-post-thumbnail","6":"product_cat-aftraek","8":"first","9":"instock","10":"taxable","11":"shipping-taxable","12":"purchasable","13":"product-type-simple"},"acf":[],"yoast_head":"<!-- This site is optimized with the Yoast SEO plugin v27.2 - https:\/\/yoast.com\/product\/yoast-seo-wordpress\/ -->\n<title>Kanal | 0,5 meter | 89 x 222 mm - Ztove<\/title>\n<meta name=\"description\" content=\"Flad vertikal b\u00f8jning p\u00e5 90 grader med st\u00f8rrelsen 89 x 222 mm. Til installation af emh\u00e6tte.\" \/>\n<meta name=\"robots\" content=\"index, follow, max-snippet:-1, max-image-preview:large, max-video-preview:-1\" \/>\n<link rel=\"canonical\" href=\"https:\/\/ztove.com\/produkt\/exhaust-duct-flat-89-x-222-mm-05-meter\/\" \/>\n<meta property=\"og:locale\" content=\"da_DK\" \/>\n<meta property=\"og:type\" content=\"article\" \/>\n<meta property=\"og:title\" content=\"Kanal | 0,5 meter | 89 x 222 mm - Ztove\" \/>\n<meta property=\"og:description\" content=\"Flad vertikal b\u00f8jning p\u00e5 90 grader med st\u00f8rrelsen 89 x 222 mm. Til installation af emh\u00e6tte.\" \/>\n<meta property=\"og:url\" content=\"https:\/\/ztove.com\/produkt\/exhaust-duct-flat-89-x-222-mm-05-meter\/\" \/>\n<meta property=\"og:site_name\" content=\"Ztove\" \/>\n<meta property=\"article:publisher\" content=\"https:\/\/www.facebook.com\/Ztove\/\" \/>\n<meta property=\"article:modified_time\" content=\"2026-04-02T18:00:16+00:00\" \/>\n<meta property=\"og:image\" content=\"https:\/\/ztove.com\/wp-content\/uploads\/2025\/05\/Draft-installation-manual-ZIGD80401-5.png\" \/>\n\t<meta property=\"og:image:width\" content=\"1650\" \/>\n\t<meta property=\"og:image:height\" content=\"1100\" \/>\n\t<meta property=\"og:image:type\" content=\"image\/png\" \/>\n<meta name=\"twitter:card\" content=\"summary_large_image\" \/>\n<meta name=\"twitter:label1\" content=\"Estimeret l\u00e6setid\" \/>\n\t<meta name=\"twitter:data1\" content=\"1 minut\" \/>\n<script type=\"application\/ld+json\" class=\"yoast-schema-graph\">{\"@context\":\"https:\/\/schema.org\",\"@graph\":[{\"@type\":\"WebPage\",\"@id\":\"https:\/\/ztove.com\/produkt\/exhaust-duct-flat-89-x-222-mm-05-meter\/\",\"url\":\"https:\/\/ztove.com\/produkt\/exhaust-duct-flat-89-x-222-mm-05-meter\/\",\"name\":\"Kanal | 0,5 meter | 89 x 222 mm - Ztove\",\"isPartOf\":{\"@id\":\"https:\/\/ztove.com\/#website\"},\"primaryImageOfPage\":{\"@id\":\"https:\/\/ztove.com\/produkt\/exhaust-duct-flat-89-x-222-mm-05-meter\/#primaryimage\"},\"image\":{\"@id\":\"https:\/\/ztove.com\/produkt\/exhaust-duct-flat-89-x-222-mm-05-meter\/#primaryimage\"},\"thumbnailUrl\":\"https:\/\/ztove.com\/wp-content\/uploads\/2025\/05\/Draft-installation-manual-ZIGD80401-5.png\",\"datePublished\":\"2025-05-13T13:28:35+00:00\",\"dateModified\":\"2026-04-02T18:00:16+00:00\",\"description\":\"Flad vertikal b\u00f8jning p\u00e5 90 grader med st\u00f8rrelsen 89 x 222 mm. Til installation af emh\u00e6tte.\",\"breadcrumb\":{\"@id\":\"https:\/\/ztove.com\/produkt\/exhaust-duct-flat-89-x-222-mm-05-meter\/#breadcrumb\"},\"inLanguage\":\"da-DK\",\"potentialAction\":[{\"@type\":\"ReadAction\",\"target\":[\"https:\/\/ztove.com\/produkt\/exhaust-duct-flat-89-x-222-mm-05-meter\/\"]}]},{\"@type\":\"ImageObject\",\"inLanguage\":\"da-DK\",\"@id\":\"https:\/\/ztove.com\/produkt\/exhaust-duct-flat-89-x-222-mm-05-meter\/#primaryimage\",\"url\":\"https:\/\/ztove.com\/wp-content\/uploads\/2025\/05\/Draft-installation-manual-ZIGD80401-5.png\",\"contentUrl\":\"https:\/\/ztove.com\/wp-content\/uploads\/2025\/05\/Draft-installation-manual-ZIGD80401-5.png\",\"width\":1650,\"height\":1100},{\"@type\":\"BreadcrumbList\",\"@id\":\"https:\/\/ztove.com\/produkt\/exhaust-duct-flat-89-x-222-mm-05-meter\/#breadcrumb\",\"itemListElement\":[{\"@type\":\"ListItem\",\"position\":1,\"name\":\"Hjem\",\"item\":\"https:\/\/ztove.com\/\"},{\"@type\":\"ListItem\",\"position\":2,\"name\":\"Products\",\"item\":\"https:\/\/ztove.com\/products\/\"},{\"@type\":\"ListItem\",\"position\":3,\"name\":\"Kanal | 0,5 meter | 89 x 222 mm\"}]},{\"@type\":\"WebSite\",\"@id\":\"https:\/\/ztove.com\/#website\",\"url\":\"https:\/\/ztove.com\/\",\"name\":\"Ztove\",\"description\":\"Oplev pr\u00e6cis temperaturstyring\",\"publisher\":{\"@id\":\"https:\/\/ztove.com\/#organization\"},\"potentialAction\":[{\"@type\":\"SearchAction\",\"target\":{\"@type\":\"EntryPoint\",\"urlTemplate\":\"https:\/\/ztove.com\/?s={search_term_string}\"},\"query-input\":{\"@type\":\"PropertyValueSpecification\",\"valueRequired\":true,\"valueName\":\"search_term_string\"}}],\"inLanguage\":\"da-DK\"},{\"@type\":\"Organization\",\"@id\":\"https:\/\/ztove.com\/#organization\",\"name\":\"Ztove\",\"url\":\"https:\/\/ztove.com\/\",\"logo\":{\"@type\":\"ImageObject\",\"inLanguage\":\"da-DK\",\"@id\":\"https:\/\/ztove.com\/#\/schema\/logo\/image\/\",\"url\":\"https:\/\/ztove.com\/wp-content\/uploads\/2022\/10\/Ztove-Full-Brand-Horizontal-RGB.png\",\"contentUrl\":\"https:\/\/ztove.com\/wp-content\/uploads\/2022\/10\/Ztove-Full-Brand-Horizontal-RGB.png\",\"width\":2560,\"height\":801,\"caption\":\"Ztove\"},\"image\":{\"@id\":\"https:\/\/ztove.com\/#\/schema\/logo\/image\/\"},\"sameAs\":[\"https:\/\/www.facebook.com\/Ztove\/\"]}]}<\/script>\n<!-- \/ Yoast SEO plugin. -->","yoast_head_json":{"title":"Kanal | 0,5 meter | 89 x 222 mm - Ztove","description":"Flad vertikal b\u00f8jning p\u00e5 90 grader med st\u00f8rrelsen 89 x 222 mm. Til installation af emh\u00e6tte.","robots":{"index":"index","follow":"follow","max-snippet":"max-snippet:-1","max-image-preview":"max-image-preview:large","max-video-preview":"max-video-preview:-1"},"canonical":"https:\/\/ztove.com\/produkt\/exhaust-duct-flat-89-x-222-mm-05-meter\/","og_locale":"da_DK","og_type":"article","og_title":"Kanal | 0,5 meter | 89 x 222 mm - Ztove","og_description":"Flad vertikal b\u00f8jning p\u00e5 90 grader med st\u00f8rrelsen 89 x 222 mm. Til installation af emh\u00e6tte.","og_url":"https:\/\/ztove.com\/produkt\/exhaust-duct-flat-89-x-222-mm-05-meter\/","og_site_name":"Ztove","article_publisher":"https:\/\/www.facebook.com\/Ztove\/","article_modified_time":"2026-04-02T18:00:16+00:00","og_image":[{"width":1650,"height":1100,"url":"https:\/\/ztove.com\/wp-content\/uploads\/2025\/05\/Draft-installation-manual-ZIGD80401-5.png","type":"image\/png"}],"twitter_card":"summary_large_image","twitter_misc":{"Estimeret l\u00e6setid":"1 minut"},"schema":{"@context":"https:\/\/schema.org","@graph":[{"@type":"WebPage","@id":"https:\/\/ztove.com\/produkt\/exhaust-duct-flat-89-x-222-mm-05-meter\/","url":"https:\/\/ztove.com\/produkt\/exhaust-duct-flat-89-x-222-mm-05-meter\/","name":"Kanal | 0,5 meter | 89 x 222 mm - Ztove","isPartOf":{"@id":"https:\/\/ztove.com\/#website"},"primaryImageOfPage":{"@id":"https:\/\/ztove.com\/produkt\/exhaust-duct-flat-89-x-222-mm-05-meter\/#primaryimage"},"image":{"@id":"https:\/\/ztove.com\/produkt\/exhaust-duct-flat-89-x-222-mm-05-meter\/#primaryimage"},"thumbnailUrl":"https:\/\/ztove.com\/wp-content\/uploads\/2025\/05\/Draft-installation-manual-ZIGD80401-5.png","datePublished":"2025-05-13T13:28:35+00:00","dateModified":"2026-04-02T18:00:16+00:00","description":"Flad vertikal b\u00f8jning p\u00e5 90 grader med st\u00f8rrelsen 89 x 222 mm. Til installation af emh\u00e6tte.","breadcrumb":{"@id":"https:\/\/ztove.com\/produkt\/exhaust-duct-flat-89-x-222-mm-05-meter\/#breadcrumb"},"inLanguage":"da-DK","potentialAction":[{"@type":"ReadAction","target":["https:\/\/ztove.com\/produkt\/exhaust-duct-flat-89-x-222-mm-05-meter\/"]}]},{"@type":"ImageObject","inLanguage":"da-DK","@id":"https:\/\/ztove.com\/produkt\/exhaust-duct-flat-89-x-222-mm-05-meter\/#primaryimage","url":"https:\/\/ztove.com\/wp-content\/uploads\/2025\/05\/Draft-installation-manual-ZIGD80401-5.png","contentUrl":"https:\/\/ztove.com\/wp-content\/uploads\/2025\/05\/Draft-installation-manual-ZIGD80401-5.png","width":1650,"height":1100},{"@type":"BreadcrumbList","@id":"https:\/\/ztove.com\/produkt\/exhaust-duct-flat-89-x-222-mm-05-meter\/#breadcrumb","itemListElement":[{"@type":"ListItem","position":1,"name":"Hjem","item":"https:\/\/ztove.com\/"},{"@type":"ListItem","position":2,"name":"Products","item":"https:\/\/ztove.com\/products\/"},{"@type":"ListItem","position":3,"name":"Kanal | 0,5 meter | 89 x 222 mm"}]},{"@type":"WebSite","@id":"https:\/\/ztove.com\/#website","url":"https:\/\/ztove.com\/","name":"Ztove","description":"Oplev pr\u00e6cis temperaturstyring","publisher":{"@id":"https:\/\/ztove.com\/#organization"},"potentialAction":[{"@type":"SearchAction","target":{"@type":"EntryPoint","urlTemplate":"https:\/\/ztove.com\/?s={search_term_string}"},"query-input":{"@type":"PropertyValueSpecification","valueRequired":true,"valueName":"search_term_string"}}],"inLanguage":"da-DK"},{"@type":"Organization","@id":"https:\/\/ztove.com\/#organization","name":"Ztove","url":"https:\/\/ztove.com\/","logo":{"@type":"ImageObject","inLanguage":"da-DK","@id":"https:\/\/ztove.com\/#\/schema\/logo\/image\/","url":"https:\/\/ztove.com\/wp-content\/uploads\/2022\/10\/Ztove-Full-Brand-Horizontal-RGB.png","contentUrl":"https:\/\/ztove.com\/wp-content\/uploads\/2022\/10\/Ztove-Full-Brand-Horizontal-RGB.png","width":2560,"height":801,"caption":"Ztove"},"image":{"@id":"https:\/\/ztove.com\/#\/schema\/logo\/image\/"},"sameAs":["https:\/\/www.facebook.com\/Ztove\/"]}]}},"_links":{"self":[{"href":"https:\/\/ztove.com\/da\/wp-json\/wp\/v2\/product\/26560","targetHints":{"allow":["GET"]}}],"collection":[{"href":"https:\/\/ztove.com\/da\/wp-json\/wp\/v2\/product"}],"about":[{"href":"https:\/\/ztove.com\/da\/wp-json\/wp\/v2\/types\/product"}],"wp:featuredmedia":[{"embeddable":true,"href":"https:\/\/ztove.com\/da\/wp-json\/wp\/v2\/media\/26566"}],"wp:attachment":[{"href":"https:\/\/ztove.com\/da\/wp-json\/wp\/v2\/media?parent=26560"}],"wp:term":[{"taxonomy":"product_brand","embeddable":true,"href":"https:\/\/ztove.com\/da\/wp-json\/wp\/v2\/product_brand?post=26560"},{"taxonomy":"product_cat","embeddable":true,"href":"https:\/\/ztove.com\/da\/wp-json\/wp\/v2\/product_cat?post=26560"},{"taxonomy":"product_tag","embeddable":true,"href":"https:\/\/ztove.com\/da\/wp-json\/wp\/v2\/product_tag?post=26560"}],"curies":[{"name":"wp","href":"https:\/\/api.w.org\/{rel}","templated":true}]}}