{"id":21853,"date":"2024-09-17T14:27:27","date_gmt":"2024-09-17T12:27:27","guid":{"rendered":"https:\/\/ztove.com\/?post_type=product&#038;p=21853"},"modified":"2025-05-15T08:06:03","modified_gmt":"2025-05-15T06:06:03","slug":"jalousispjaeld-inkl-modtryksspjaeld-staal","status":"publish","type":"product","link":"https:\/\/ztove.com\/da\/produkt\/jalousispjaeld-inkl-modtryksspjaeld-staal\/","title":{"rendered":"Udend\u00f8rsventil | \u00d8 150"},"content":{"rendered":"","protected":false},"excerpt":{"rendered":"<p>Silverline Jalousispj\u00e6ld i rustfrit st\u00e5l er en p\u00e5lidelig og holdbar l\u00f8sning til ventilationssystemer. Dette jalousispj\u00e6ld er designet til at opretholde optimal luftstr\u00f8m og sikre effektiv ventilation i ethvert milj\u00f8. Med sin \u00d8150mm indgang og 190&#215;190 mm st\u00f8rrelse passer det perfekt til de fleste ventilationssystemer. Det rustfri st\u00e5lkonstruktion sikrer langvarig holdbarhed og modstandsdygtighed over for korrosion og slid.<\/p>\n","protected":false},"featured_media":21634,"template":"","meta":{"_acf_changed":false},"product_brand":[],"product_cat":[799,812],"product_tag":[],"class_list":{"0":"post-21853","1":"product","2":"type-product","3":"status-publish","4":"has-post-thumbnail","6":"product_cat-ducting-da","7":"product_cat-runde-roer","9":"first","10":"instock","11":"taxable","12":"shipping-taxable","13":"purchasable","14":"product-type-simple"},"acf":[],"yoast_head":"<!-- This site is optimized with the Yoast SEO plugin v27.2 - https:\/\/yoast.com\/product\/yoast-seo-wordpress\/ -->\n<title>Udend\u00f8rsventil | \u00d8 150 - Ztove<\/title>\n<meta name=\"description\" content=\"Med sin \u00d8150mm indgang og 190x190 mm st\u00f8rrelse passer det perfekt til de fleste ventilationssystemer.\" \/>\n<meta name=\"robots\" content=\"index, follow, max-snippet:-1, max-image-preview:large, max-video-preview:-1\" \/>\n<link rel=\"canonical\" href=\"https:\/\/ztove.com\/produkt\/louver-damper-including-backdraft-damper-steel\/\" \/>\n<meta property=\"og:locale\" content=\"da_DK\" \/>\n<meta property=\"og:type\" content=\"article\" \/>\n<meta property=\"og:title\" content=\"Udend\u00f8rsventil | \u00d8 150 - Ztove\" \/>\n<meta property=\"og:description\" content=\"Med sin \u00d8150mm indgang og 190x190 mm st\u00f8rrelse passer det perfekt til de fleste ventilationssystemer.\" \/>\n<meta property=\"og:url\" content=\"https:\/\/ztove.com\/produkt\/louver-damper-including-backdraft-damper-steel\/\" \/>\n<meta property=\"og:site_name\" content=\"Ztove\" \/>\n<meta property=\"article:publisher\" content=\"https:\/\/www.facebook.com\/Ztove\/\" \/>\n<meta property=\"article:modified_time\" content=\"2025-05-15T06:06:03+00:00\" \/>\n<meta property=\"og:image\" content=\"https:\/\/ztove.com\/wp-content\/uploads\/2024\/09\/4022012-scaled.jpg\" \/>\n\t<meta property=\"og:image:width\" content=\"2048\" \/>\n\t<meta property=\"og:image:height\" content=\"2048\" \/>\n\t<meta property=\"og:image:type\" content=\"image\/jpeg\" \/>\n<meta name=\"twitter:card\" content=\"summary_large_image\" \/>\n<meta name=\"twitter:label1\" content=\"Estimeret l\u00e6setid\" \/>\n\t<meta name=\"twitter:data1\" content=\"1 minut\" \/>\n<script type=\"application\/ld+json\" class=\"yoast-schema-graph\">{\"@context\":\"https:\/\/schema.org\",\"@graph\":[{\"@type\":\"WebPage\",\"@id\":\"https:\/\/ztove.com\/produkt\/louver-damper-including-backdraft-damper-steel\/\",\"url\":\"https:\/\/ztove.com\/produkt\/louver-damper-including-backdraft-damper-steel\/\",\"name\":\"Udend\u00f8rsventil | \u00d8 150 - Ztove\",\"isPartOf\":{\"@id\":\"https:\/\/ztove.com\/#website\"},\"primaryImageOfPage\":{\"@id\":\"https:\/\/ztove.com\/produkt\/louver-damper-including-backdraft-damper-steel\/#primaryimage\"},\"image\":{\"@id\":\"https:\/\/ztove.com\/produkt\/louver-damper-including-backdraft-damper-steel\/#primaryimage\"},\"thumbnailUrl\":\"https:\/\/ztove.com\/wp-content\/uploads\/2024\/09\/4022012-scaled.jpg\",\"datePublished\":\"2024-09-17T12:27:27+00:00\",\"dateModified\":\"2025-05-15T06:06:03+00:00\",\"description\":\"Med sin \u00d8150mm indgang og 190x190 mm st\u00f8rrelse passer det perfekt til de fleste ventilationssystemer.\",\"breadcrumb\":{\"@id\":\"https:\/\/ztove.com\/produkt\/louver-damper-including-backdraft-damper-steel\/#breadcrumb\"},\"inLanguage\":\"da-DK\",\"potentialAction\":[{\"@type\":\"ReadAction\",\"target\":[\"https:\/\/ztove.com\/produkt\/louver-damper-including-backdraft-damper-steel\/\"]}]},{\"@type\":\"ImageObject\",\"inLanguage\":\"da-DK\",\"@id\":\"https:\/\/ztove.com\/produkt\/louver-damper-including-backdraft-damper-steel\/#primaryimage\",\"url\":\"https:\/\/ztove.com\/wp-content\/uploads\/2024\/09\/4022012-scaled.jpg\",\"contentUrl\":\"https:\/\/ztove.com\/wp-content\/uploads\/2024\/09\/4022012-scaled.jpg\",\"width\":2048,\"height\":2048},{\"@type\":\"BreadcrumbList\",\"@id\":\"https:\/\/ztove.com\/produkt\/louver-damper-including-backdraft-damper-steel\/#breadcrumb\",\"itemListElement\":[{\"@type\":\"ListItem\",\"position\":1,\"name\":\"Hjem\",\"item\":\"https:\/\/ztove.com\/\"},{\"@type\":\"ListItem\",\"position\":2,\"name\":\"Products\",\"item\":\"https:\/\/ztove.com\/products\/\"},{\"@type\":\"ListItem\",\"position\":3,\"name\":\"Udend\u00f8rsventil | \u00d8 150\"}]},{\"@type\":\"WebSite\",\"@id\":\"https:\/\/ztove.com\/#website\",\"url\":\"https:\/\/ztove.com\/\",\"name\":\"Ztove\",\"description\":\"Oplev pr\u00e6cis temperaturstyring\",\"publisher\":{\"@id\":\"https:\/\/ztove.com\/#organization\"},\"potentialAction\":[{\"@type\":\"SearchAction\",\"target\":{\"@type\":\"EntryPoint\",\"urlTemplate\":\"https:\/\/ztove.com\/?s={search_term_string}\"},\"query-input\":{\"@type\":\"PropertyValueSpecification\",\"valueRequired\":true,\"valueName\":\"search_term_string\"}}],\"inLanguage\":\"da-DK\"},{\"@type\":\"Organization\",\"@id\":\"https:\/\/ztove.com\/#organization\",\"name\":\"Ztove\",\"url\":\"https:\/\/ztove.com\/\",\"logo\":{\"@type\":\"ImageObject\",\"inLanguage\":\"da-DK\",\"@id\":\"https:\/\/ztove.com\/#\/schema\/logo\/image\/\",\"url\":\"https:\/\/ztove.com\/wp-content\/uploads\/2022\/10\/Ztove-Full-Brand-Horizontal-RGB.png\",\"contentUrl\":\"https:\/\/ztove.com\/wp-content\/uploads\/2022\/10\/Ztove-Full-Brand-Horizontal-RGB.png\",\"width\":2560,\"height\":801,\"caption\":\"Ztove\"},\"image\":{\"@id\":\"https:\/\/ztove.com\/#\/schema\/logo\/image\/\"},\"sameAs\":[\"https:\/\/www.facebook.com\/Ztove\/\"]}]}<\/script>\n<!-- \/ Yoast SEO plugin. -->","yoast_head_json":{"title":"Udend\u00f8rsventil | \u00d8 150 - Ztove","description":"Med sin \u00d8150mm indgang og 190x190 mm st\u00f8rrelse passer det perfekt til de fleste ventilationssystemer.","robots":{"index":"index","follow":"follow","max-snippet":"max-snippet:-1","max-image-preview":"max-image-preview:large","max-video-preview":"max-video-preview:-1"},"canonical":"https:\/\/ztove.com\/produkt\/louver-damper-including-backdraft-damper-steel\/","og_locale":"da_DK","og_type":"article","og_title":"Udend\u00f8rsventil | \u00d8 150 - Ztove","og_description":"Med sin \u00d8150mm indgang og 190x190 mm st\u00f8rrelse passer det perfekt til de fleste ventilationssystemer.","og_url":"https:\/\/ztove.com\/produkt\/louver-damper-including-backdraft-damper-steel\/","og_site_name":"Ztove","article_publisher":"https:\/\/www.facebook.com\/Ztove\/","article_modified_time":"2025-05-15T06:06:03+00:00","og_image":[{"width":2048,"height":2048,"url":"https:\/\/ztove.com\/wp-content\/uploads\/2024\/09\/4022012-scaled.jpg","type":"image\/jpeg"}],"twitter_card":"summary_large_image","twitter_misc":{"Estimeret l\u00e6setid":"1 minut"},"schema":{"@context":"https:\/\/schema.org","@graph":[{"@type":"WebPage","@id":"https:\/\/ztove.com\/produkt\/louver-damper-including-backdraft-damper-steel\/","url":"https:\/\/ztove.com\/produkt\/louver-damper-including-backdraft-damper-steel\/","name":"Udend\u00f8rsventil | \u00d8 150 - Ztove","isPartOf":{"@id":"https:\/\/ztove.com\/#website"},"primaryImageOfPage":{"@id":"https:\/\/ztove.com\/produkt\/louver-damper-including-backdraft-damper-steel\/#primaryimage"},"image":{"@id":"https:\/\/ztove.com\/produkt\/louver-damper-including-backdraft-damper-steel\/#primaryimage"},"thumbnailUrl":"https:\/\/ztove.com\/wp-content\/uploads\/2024\/09\/4022012-scaled.jpg","datePublished":"2024-09-17T12:27:27+00:00","dateModified":"2025-05-15T06:06:03+00:00","description":"Med sin \u00d8150mm indgang og 190x190 mm st\u00f8rrelse passer det perfekt til de fleste ventilationssystemer.","breadcrumb":{"@id":"https:\/\/ztove.com\/produkt\/louver-damper-including-backdraft-damper-steel\/#breadcrumb"},"inLanguage":"da-DK","potentialAction":[{"@type":"ReadAction","target":["https:\/\/ztove.com\/produkt\/louver-damper-including-backdraft-damper-steel\/"]}]},{"@type":"ImageObject","inLanguage":"da-DK","@id":"https:\/\/ztove.com\/produkt\/louver-damper-including-backdraft-damper-steel\/#primaryimage","url":"https:\/\/ztove.com\/wp-content\/uploads\/2024\/09\/4022012-scaled.jpg","contentUrl":"https:\/\/ztove.com\/wp-content\/uploads\/2024\/09\/4022012-scaled.jpg","width":2048,"height":2048},{"@type":"BreadcrumbList","@id":"https:\/\/ztove.com\/produkt\/louver-damper-including-backdraft-damper-steel\/#breadcrumb","itemListElement":[{"@type":"ListItem","position":1,"name":"Hjem","item":"https:\/\/ztove.com\/"},{"@type":"ListItem","position":2,"name":"Products","item":"https:\/\/ztove.com\/products\/"},{"@type":"ListItem","position":3,"name":"Udend\u00f8rsventil | \u00d8 150"}]},{"@type":"WebSite","@id":"https:\/\/ztove.com\/#website","url":"https:\/\/ztove.com\/","name":"Ztove","description":"Oplev pr\u00e6cis temperaturstyring","publisher":{"@id":"https:\/\/ztove.com\/#organization"},"potentialAction":[{"@type":"SearchAction","target":{"@type":"EntryPoint","urlTemplate":"https:\/\/ztove.com\/?s={search_term_string}"},"query-input":{"@type":"PropertyValueSpecification","valueRequired":true,"valueName":"search_term_string"}}],"inLanguage":"da-DK"},{"@type":"Organization","@id":"https:\/\/ztove.com\/#organization","name":"Ztove","url":"https:\/\/ztove.com\/","logo":{"@type":"ImageObject","inLanguage":"da-DK","@id":"https:\/\/ztove.com\/#\/schema\/logo\/image\/","url":"https:\/\/ztove.com\/wp-content\/uploads\/2022\/10\/Ztove-Full-Brand-Horizontal-RGB.png","contentUrl":"https:\/\/ztove.com\/wp-content\/uploads\/2022\/10\/Ztove-Full-Brand-Horizontal-RGB.png","width":2560,"height":801,"caption":"Ztove"},"image":{"@id":"https:\/\/ztove.com\/#\/schema\/logo\/image\/"},"sameAs":["https:\/\/www.facebook.com\/Ztove\/"]}]}},"_links":{"self":[{"href":"https:\/\/ztove.com\/da\/wp-json\/wp\/v2\/product\/21853","targetHints":{"allow":["GET"]}}],"collection":[{"href":"https:\/\/ztove.com\/da\/wp-json\/wp\/v2\/product"}],"about":[{"href":"https:\/\/ztove.com\/da\/wp-json\/wp\/v2\/types\/product"}],"wp:featuredmedia":[{"embeddable":true,"href":"https:\/\/ztove.com\/da\/wp-json\/wp\/v2\/media\/21634"}],"wp:attachment":[{"href":"https:\/\/ztove.com\/da\/wp-json\/wp\/v2\/media?parent=21853"}],"wp:term":[{"taxonomy":"product_brand","embeddable":true,"href":"https:\/\/ztove.com\/da\/wp-json\/wp\/v2\/product_brand?post=21853"},{"taxonomy":"product_cat","embeddable":true,"href":"https:\/\/ztove.com\/da\/wp-json\/wp\/v2\/product_cat?post=21853"},{"taxonomy":"product_tag","embeddable":true,"href":"https:\/\/ztove.com\/da\/wp-json\/wp\/v2\/product_tag?post=21853"}],"curies":[{"name":"wp","href":"https:\/\/api.w.org\/{rel}","templated":true}]}}