{"id":21848,"date":"2024-09-17T14:16:45","date_gmt":"2024-09-17T12:16:45","guid":{"rendered":"https:\/\/ztove.com\/?post_type=product&#038;p=21848"},"modified":"2024-09-17T14:53:12","modified_gmt":"2024-09-17T12:53:12","slug":"thermospjaeld-oe-125-mm","status":"publish","type":"product","link":"https:\/\/ztove.com\/da\/produkt\/thermospjaeld-oe-125-mm\/","title":{"rendered":"Thermospj\u00e6ld \u00d8 125 mm."},"content":{"rendered":"","protected":false},"excerpt":{"rendered":"<p>Effektiv varmeisolering med et reflekterende lag for forbedret ydeevne. Spj\u00e6ldet har tre lag med belastede ventiler og en magnetisk \u00e5bne- og lukkefunktion. Det \u00e5bner fuldt, selv ved lave motoromdrejninger, uden vibrationer eller klaprelyde. Kan anvendes b\u00e5de vandret og lodret. Diameteren er \u00d8 125 mm, og lagene er aftagelige. Den samlede l\u00e6ngde er 77 mm med alle tre lag monteret.<\/p>\n","protected":false},"featured_media":21658,"template":"","meta":{"_acf_changed":false},"product_brand":[],"product_cat":[799],"product_tag":[],"class_list":{"0":"post-21848","1":"product","2":"type-product","3":"status-publish","4":"has-post-thumbnail","6":"product_cat-ducting-da","8":"first","9":"instock","10":"taxable","11":"shipping-taxable","12":"purchasable","13":"product-type-simple"},"acf":[],"yoast_head":"<!-- This site is optimized with the Yoast SEO plugin v27.2 - https:\/\/yoast.com\/product\/yoast-seo-wordpress\/ -->\n<title>Thermospj\u00e6ld \u00d8 125 mm. - Ztove<\/title>\n<meta name=\"description\" content=\"Effektiv varmeisolering med et reflekterende lag for forbedret ydeevne. Spj\u00e6ldet har tre lag med belastede ventiler og en magnetisk \u00e5bne- og lukkefunktion.\" \/>\n<meta name=\"robots\" content=\"index, follow, max-snippet:-1, max-image-preview:large, max-video-preview:-1\" \/>\n<link rel=\"canonical\" href=\"https:\/\/ztove.com\/produkt\/thermal-damper-o-125-mm\/\" \/>\n<meta property=\"og:locale\" content=\"da_DK\" \/>\n<meta property=\"og:type\" content=\"article\" \/>\n<meta property=\"og:title\" content=\"Thermospj\u00e6ld \u00d8 125 mm. - Ztove\" \/>\n<meta property=\"og:description\" content=\"Effektiv varmeisolering med et reflekterende lag for forbedret ydeevne. Spj\u00e6ldet har tre lag med belastede ventiler og en magnetisk \u00e5bne- og lukkefunktion.\" \/>\n<meta property=\"og:url\" content=\"https:\/\/ztove.com\/produkt\/thermal-damper-o-125-mm\/\" \/>\n<meta property=\"og:site_name\" content=\"Ztove\" \/>\n<meta property=\"article:publisher\" content=\"https:\/\/www.facebook.com\/Ztove\/\" \/>\n<meta property=\"article:modified_time\" content=\"2024-09-17T12:53:12+00:00\" \/>\n<meta property=\"og:image\" content=\"https:\/\/ztove.com\/wp-content\/uploads\/2024\/09\/4022049-scaled.jpg\" \/>\n\t<meta property=\"og:image:width\" content=\"2048\" \/>\n\t<meta property=\"og:image:height\" content=\"2048\" \/>\n\t<meta property=\"og:image:type\" content=\"image\/jpeg\" \/>\n<meta name=\"twitter:card\" content=\"summary_large_image\" \/>\n<meta name=\"twitter:label1\" content=\"Estimeret l\u00e6setid\" \/>\n\t<meta name=\"twitter:data1\" content=\"1 minut\" \/>\n<script type=\"application\/ld+json\" class=\"yoast-schema-graph\">{\"@context\":\"https:\/\/schema.org\",\"@graph\":[{\"@type\":\"WebPage\",\"@id\":\"https:\/\/ztove.com\/produkt\/thermal-damper-o-125-mm\/\",\"url\":\"https:\/\/ztove.com\/produkt\/thermal-damper-o-125-mm\/\",\"name\":\"Thermospj\u00e6ld \u00d8 125 mm. - Ztove\",\"isPartOf\":{\"@id\":\"https:\/\/ztove.com\/#website\"},\"primaryImageOfPage\":{\"@id\":\"https:\/\/ztove.com\/produkt\/thermal-damper-o-125-mm\/#primaryimage\"},\"image\":{\"@id\":\"https:\/\/ztove.com\/produkt\/thermal-damper-o-125-mm\/#primaryimage\"},\"thumbnailUrl\":\"https:\/\/ztove.com\/wp-content\/uploads\/2024\/09\/4022049-scaled.jpg\",\"datePublished\":\"2024-09-17T12:16:45+00:00\",\"dateModified\":\"2024-09-17T12:53:12+00:00\",\"description\":\"Effektiv varmeisolering med et reflekterende lag for forbedret ydeevne. Spj\u00e6ldet har tre lag med belastede ventiler og en magnetisk \u00e5bne- og lukkefunktion.\",\"breadcrumb\":{\"@id\":\"https:\/\/ztove.com\/produkt\/thermal-damper-o-125-mm\/#breadcrumb\"},\"inLanguage\":\"da-DK\",\"potentialAction\":[{\"@type\":\"ReadAction\",\"target\":[\"https:\/\/ztove.com\/produkt\/thermal-damper-o-125-mm\/\"]}]},{\"@type\":\"ImageObject\",\"inLanguage\":\"da-DK\",\"@id\":\"https:\/\/ztove.com\/produkt\/thermal-damper-o-125-mm\/#primaryimage\",\"url\":\"https:\/\/ztove.com\/wp-content\/uploads\/2024\/09\/4022049-scaled.jpg\",\"contentUrl\":\"https:\/\/ztove.com\/wp-content\/uploads\/2024\/09\/4022049-scaled.jpg\",\"width\":2048,\"height\":2048},{\"@type\":\"BreadcrumbList\",\"@id\":\"https:\/\/ztove.com\/produkt\/thermal-damper-o-125-mm\/#breadcrumb\",\"itemListElement\":[{\"@type\":\"ListItem\",\"position\":1,\"name\":\"Hjem\",\"item\":\"https:\/\/ztove.com\/\"},{\"@type\":\"ListItem\",\"position\":2,\"name\":\"Products\",\"item\":\"https:\/\/ztove.com\/products\/\"},{\"@type\":\"ListItem\",\"position\":3,\"name\":\"Thermospj\u00e6ld \u00d8 125 mm.\"}]},{\"@type\":\"WebSite\",\"@id\":\"https:\/\/ztove.com\/#website\",\"url\":\"https:\/\/ztove.com\/\",\"name\":\"Ztove\",\"description\":\"Oplev pr\u00e6cis temperaturstyring\",\"publisher\":{\"@id\":\"https:\/\/ztove.com\/#organization\"},\"potentialAction\":[{\"@type\":\"SearchAction\",\"target\":{\"@type\":\"EntryPoint\",\"urlTemplate\":\"https:\/\/ztove.com\/?s={search_term_string}\"},\"query-input\":{\"@type\":\"PropertyValueSpecification\",\"valueRequired\":true,\"valueName\":\"search_term_string\"}}],\"inLanguage\":\"da-DK\"},{\"@type\":\"Organization\",\"@id\":\"https:\/\/ztove.com\/#organization\",\"name\":\"Ztove\",\"url\":\"https:\/\/ztove.com\/\",\"logo\":{\"@type\":\"ImageObject\",\"inLanguage\":\"da-DK\",\"@id\":\"https:\/\/ztove.com\/#\/schema\/logo\/image\/\",\"url\":\"https:\/\/ztove.com\/wp-content\/uploads\/2022\/10\/Ztove-Full-Brand-Horizontal-RGB.png\",\"contentUrl\":\"https:\/\/ztove.com\/wp-content\/uploads\/2022\/10\/Ztove-Full-Brand-Horizontal-RGB.png\",\"width\":2560,\"height\":801,\"caption\":\"Ztove\"},\"image\":{\"@id\":\"https:\/\/ztove.com\/#\/schema\/logo\/image\/\"},\"sameAs\":[\"https:\/\/www.facebook.com\/Ztove\/\"]}]}<\/script>\n<!-- \/ Yoast SEO plugin. -->","yoast_head_json":{"title":"Thermospj\u00e6ld \u00d8 125 mm. - Ztove","description":"Effektiv varmeisolering med et reflekterende lag for forbedret ydeevne. Spj\u00e6ldet har tre lag med belastede ventiler og en magnetisk \u00e5bne- og lukkefunktion.","robots":{"index":"index","follow":"follow","max-snippet":"max-snippet:-1","max-image-preview":"max-image-preview:large","max-video-preview":"max-video-preview:-1"},"canonical":"https:\/\/ztove.com\/produkt\/thermal-damper-o-125-mm\/","og_locale":"da_DK","og_type":"article","og_title":"Thermospj\u00e6ld \u00d8 125 mm. - Ztove","og_description":"Effektiv varmeisolering med et reflekterende lag for forbedret ydeevne. Spj\u00e6ldet har tre lag med belastede ventiler og en magnetisk \u00e5bne- og lukkefunktion.","og_url":"https:\/\/ztove.com\/produkt\/thermal-damper-o-125-mm\/","og_site_name":"Ztove","article_publisher":"https:\/\/www.facebook.com\/Ztove\/","article_modified_time":"2024-09-17T12:53:12+00:00","og_image":[{"width":2048,"height":2048,"url":"https:\/\/ztove.com\/wp-content\/uploads\/2024\/09\/4022049-scaled.jpg","type":"image\/jpeg"}],"twitter_card":"summary_large_image","twitter_misc":{"Estimeret l\u00e6setid":"1 minut"},"schema":{"@context":"https:\/\/schema.org","@graph":[{"@type":"WebPage","@id":"https:\/\/ztove.com\/produkt\/thermal-damper-o-125-mm\/","url":"https:\/\/ztove.com\/produkt\/thermal-damper-o-125-mm\/","name":"Thermospj\u00e6ld \u00d8 125 mm. - Ztove","isPartOf":{"@id":"https:\/\/ztove.com\/#website"},"primaryImageOfPage":{"@id":"https:\/\/ztove.com\/produkt\/thermal-damper-o-125-mm\/#primaryimage"},"image":{"@id":"https:\/\/ztove.com\/produkt\/thermal-damper-o-125-mm\/#primaryimage"},"thumbnailUrl":"https:\/\/ztove.com\/wp-content\/uploads\/2024\/09\/4022049-scaled.jpg","datePublished":"2024-09-17T12:16:45+00:00","dateModified":"2024-09-17T12:53:12+00:00","description":"Effektiv varmeisolering med et reflekterende lag for forbedret ydeevne. Spj\u00e6ldet har tre lag med belastede ventiler og en magnetisk \u00e5bne- og lukkefunktion.","breadcrumb":{"@id":"https:\/\/ztove.com\/produkt\/thermal-damper-o-125-mm\/#breadcrumb"},"inLanguage":"da-DK","potentialAction":[{"@type":"ReadAction","target":["https:\/\/ztove.com\/produkt\/thermal-damper-o-125-mm\/"]}]},{"@type":"ImageObject","inLanguage":"da-DK","@id":"https:\/\/ztove.com\/produkt\/thermal-damper-o-125-mm\/#primaryimage","url":"https:\/\/ztove.com\/wp-content\/uploads\/2024\/09\/4022049-scaled.jpg","contentUrl":"https:\/\/ztove.com\/wp-content\/uploads\/2024\/09\/4022049-scaled.jpg","width":2048,"height":2048},{"@type":"BreadcrumbList","@id":"https:\/\/ztove.com\/produkt\/thermal-damper-o-125-mm\/#breadcrumb","itemListElement":[{"@type":"ListItem","position":1,"name":"Hjem","item":"https:\/\/ztove.com\/"},{"@type":"ListItem","position":2,"name":"Products","item":"https:\/\/ztove.com\/products\/"},{"@type":"ListItem","position":3,"name":"Thermospj\u00e6ld \u00d8 125 mm."}]},{"@type":"WebSite","@id":"https:\/\/ztove.com\/#website","url":"https:\/\/ztove.com\/","name":"Ztove","description":"Oplev pr\u00e6cis temperaturstyring","publisher":{"@id":"https:\/\/ztove.com\/#organization"},"potentialAction":[{"@type":"SearchAction","target":{"@type":"EntryPoint","urlTemplate":"https:\/\/ztove.com\/?s={search_term_string}"},"query-input":{"@type":"PropertyValueSpecification","valueRequired":true,"valueName":"search_term_string"}}],"inLanguage":"da-DK"},{"@type":"Organization","@id":"https:\/\/ztove.com\/#organization","name":"Ztove","url":"https:\/\/ztove.com\/","logo":{"@type":"ImageObject","inLanguage":"da-DK","@id":"https:\/\/ztove.com\/#\/schema\/logo\/image\/","url":"https:\/\/ztove.com\/wp-content\/uploads\/2022\/10\/Ztove-Full-Brand-Horizontal-RGB.png","contentUrl":"https:\/\/ztove.com\/wp-content\/uploads\/2022\/10\/Ztove-Full-Brand-Horizontal-RGB.png","width":2560,"height":801,"caption":"Ztove"},"image":{"@id":"https:\/\/ztove.com\/#\/schema\/logo\/image\/"},"sameAs":["https:\/\/www.facebook.com\/Ztove\/"]}]}},"_links":{"self":[{"href":"https:\/\/ztove.com\/da\/wp-json\/wp\/v2\/product\/21848","targetHints":{"allow":["GET"]}}],"collection":[{"href":"https:\/\/ztove.com\/da\/wp-json\/wp\/v2\/product"}],"about":[{"href":"https:\/\/ztove.com\/da\/wp-json\/wp\/v2\/types\/product"}],"wp:featuredmedia":[{"embeddable":true,"href":"https:\/\/ztove.com\/da\/wp-json\/wp\/v2\/media\/21658"}],"wp:attachment":[{"href":"https:\/\/ztove.com\/da\/wp-json\/wp\/v2\/media?parent=21848"}],"wp:term":[{"taxonomy":"product_brand","embeddable":true,"href":"https:\/\/ztove.com\/da\/wp-json\/wp\/v2\/product_brand?post=21848"},{"taxonomy":"product_cat","embeddable":true,"href":"https:\/\/ztove.com\/da\/wp-json\/wp\/v2\/product_cat?post=21848"},{"taxonomy":"product_tag","embeddable":true,"href":"https:\/\/ztove.com\/da\/wp-json\/wp\/v2\/product_tag?post=21848"}],"curies":[{"name":"wp","href":"https:\/\/api.w.org\/{rel}","templated":true}]}}