{"id":21842,"date":"2024-09-17T15:28:27","date_gmt":"2024-09-17T13:28:27","guid":{"rendered":"https:\/\/ztove.com\/?post_type=product&#038;p=21842"},"modified":"2025-11-11T21:55:28","modified_gmt":"2025-11-11T20:55:28","slug":"90-boejning-vertikal-flad-89-x-222-mm","status":"publish","type":"product","link":"https:\/\/ztove.com\/da\/produkt\/90-boejning-vertikal-flad-89-x-222-mm\/","title":{"rendered":"90\u00b0 vertikal b\u00f8jning | 89 x 222 mm"},"content":{"rendered":"","protected":false},"excerpt":{"rendered":"<p>Flad vertikal b\u00f8jning p\u00e5 90 grader med st\u00f8rrelsen 89 x 222 mm. Til installation af emh\u00e6tte.<\/p>\n","protected":false},"featured_media":21693,"template":"","meta":{"_acf_changed":false},"product_brand":[],"product_cat":[809,799,50],"product_tag":[],"class_list":{"0":"post-21842","1":"product","2":"type-product","3":"status-publish","4":"has-post-thumbnail","6":"product_cat-aftraek","7":"product_cat-ducting-da","8":"product_cat-ukategoriseret-da","10":"first","11":"instock","12":"taxable","13":"shipping-taxable","14":"purchasable","15":"product-type-simple"},"acf":[],"yoast_head":"<!-- This site is optimized with the Yoast SEO plugin v27.2 - https:\/\/yoast.com\/product\/yoast-seo-wordpress\/ -->\n<title>90\u00b0 vertikal b\u00f8jning | 89 x 222 mm - Ztove<\/title>\n<meta name=\"description\" content=\"Flad vertikal b\u00f8jning p\u00e5 90 grader med st\u00f8rrelsen 89 x 222 mm. Til installation af emh\u00e6tte.\" \/>\n<meta name=\"robots\" content=\"index, follow, max-snippet:-1, max-image-preview:large, max-video-preview:-1\" \/>\n<link rel=\"canonical\" href=\"https:\/\/ztove.com\/produkt\/90-bend-vertical-flat-89-x-222-mm\/\" \/>\n<meta property=\"og:locale\" content=\"da_DK\" \/>\n<meta property=\"og:type\" content=\"article\" \/>\n<meta property=\"og:title\" content=\"90\u00b0 vertikal b\u00f8jning | 89 x 222 mm - Ztove\" \/>\n<meta property=\"og:description\" content=\"Flad vertikal b\u00f8jning p\u00e5 90 grader med st\u00f8rrelsen 89 x 222 mm. Til installation af emh\u00e6tte.\" \/>\n<meta property=\"og:url\" content=\"https:\/\/ztove.com\/produkt\/90-bend-vertical-flat-89-x-222-mm\/\" \/>\n<meta property=\"og:site_name\" content=\"Ztove\" \/>\n<meta property=\"article:publisher\" content=\"https:\/\/www.facebook.com\/Ztove\/\" \/>\n<meta property=\"article:modified_time\" content=\"2025-11-11T20:55:28+00:00\" \/>\n<meta property=\"og:image\" content=\"https:\/\/ztove.com\/wp-content\/uploads\/2024\/09\/4043004-scaled.jpg\" \/>\n\t<meta property=\"og:image:width\" content=\"2048\" \/>\n\t<meta property=\"og:image:height\" content=\"2048\" \/>\n\t<meta property=\"og:image:type\" content=\"image\/jpeg\" \/>\n<meta name=\"twitter:card\" content=\"summary_large_image\" \/>\n<meta name=\"twitter:label1\" content=\"Estimeret l\u00e6setid\" \/>\n\t<meta name=\"twitter:data1\" content=\"1 minut\" \/>\n<script type=\"application\/ld+json\" class=\"yoast-schema-graph\">{\"@context\":\"https:\/\/schema.org\",\"@graph\":[{\"@type\":\"WebPage\",\"@id\":\"https:\/\/ztove.com\/produkt\/90-bend-vertical-flat-89-x-222-mm\/\",\"url\":\"https:\/\/ztove.com\/produkt\/90-bend-vertical-flat-89-x-222-mm\/\",\"name\":\"90\u00b0 vertikal b\u00f8jning | 89 x 222 mm - Ztove\",\"isPartOf\":{\"@id\":\"https:\/\/ztove.com\/#website\"},\"primaryImageOfPage\":{\"@id\":\"https:\/\/ztove.com\/produkt\/90-bend-vertical-flat-89-x-222-mm\/#primaryimage\"},\"image\":{\"@id\":\"https:\/\/ztove.com\/produkt\/90-bend-vertical-flat-89-x-222-mm\/#primaryimage\"},\"thumbnailUrl\":\"https:\/\/ztove.com\/wp-content\/uploads\/2024\/09\/4043004-scaled.jpg\",\"datePublished\":\"2024-09-17T13:28:27+00:00\",\"dateModified\":\"2025-11-11T20:55:28+00:00\",\"description\":\"Flad vertikal b\u00f8jning p\u00e5 90 grader med st\u00f8rrelsen 89 x 222 mm. Til installation af emh\u00e6tte.\",\"breadcrumb\":{\"@id\":\"https:\/\/ztove.com\/produkt\/90-bend-vertical-flat-89-x-222-mm\/#breadcrumb\"},\"inLanguage\":\"da-DK\",\"potentialAction\":[{\"@type\":\"ReadAction\",\"target\":[\"https:\/\/ztove.com\/produkt\/90-bend-vertical-flat-89-x-222-mm\/\"]}]},{\"@type\":\"ImageObject\",\"inLanguage\":\"da-DK\",\"@id\":\"https:\/\/ztove.com\/produkt\/90-bend-vertical-flat-89-x-222-mm\/#primaryimage\",\"url\":\"https:\/\/ztove.com\/wp-content\/uploads\/2024\/09\/4043004-scaled.jpg\",\"contentUrl\":\"https:\/\/ztove.com\/wp-content\/uploads\/2024\/09\/4043004-scaled.jpg\",\"width\":2048,\"height\":2048},{\"@type\":\"BreadcrumbList\",\"@id\":\"https:\/\/ztove.com\/produkt\/90-bend-vertical-flat-89-x-222-mm\/#breadcrumb\",\"itemListElement\":[{\"@type\":\"ListItem\",\"position\":1,\"name\":\"Hjem\",\"item\":\"https:\/\/ztove.com\/\"},{\"@type\":\"ListItem\",\"position\":2,\"name\":\"Products\",\"item\":\"https:\/\/ztove.com\/products\/\"},{\"@type\":\"ListItem\",\"position\":3,\"name\":\"90\u00b0 vertikal b\u00f8jning | 89 x 222 mm\"}]},{\"@type\":\"WebSite\",\"@id\":\"https:\/\/ztove.com\/#website\",\"url\":\"https:\/\/ztove.com\/\",\"name\":\"Ztove\",\"description\":\"Oplev pr\u00e6cis temperaturstyring\",\"publisher\":{\"@id\":\"https:\/\/ztove.com\/#organization\"},\"potentialAction\":[{\"@type\":\"SearchAction\",\"target\":{\"@type\":\"EntryPoint\",\"urlTemplate\":\"https:\/\/ztove.com\/?s={search_term_string}\"},\"query-input\":{\"@type\":\"PropertyValueSpecification\",\"valueRequired\":true,\"valueName\":\"search_term_string\"}}],\"inLanguage\":\"da-DK\"},{\"@type\":\"Organization\",\"@id\":\"https:\/\/ztove.com\/#organization\",\"name\":\"Ztove\",\"url\":\"https:\/\/ztove.com\/\",\"logo\":{\"@type\":\"ImageObject\",\"inLanguage\":\"da-DK\",\"@id\":\"https:\/\/ztove.com\/#\/schema\/logo\/image\/\",\"url\":\"https:\/\/ztove.com\/wp-content\/uploads\/2022\/10\/Ztove-Full-Brand-Horizontal-RGB.png\",\"contentUrl\":\"https:\/\/ztove.com\/wp-content\/uploads\/2022\/10\/Ztove-Full-Brand-Horizontal-RGB.png\",\"width\":2560,\"height\":801,\"caption\":\"Ztove\"},\"image\":{\"@id\":\"https:\/\/ztove.com\/#\/schema\/logo\/image\/\"},\"sameAs\":[\"https:\/\/www.facebook.com\/Ztove\/\"]}]}<\/script>\n<!-- \/ Yoast SEO plugin. -->","yoast_head_json":{"title":"90\u00b0 vertikal b\u00f8jning | 89 x 222 mm - Ztove","description":"Flad vertikal b\u00f8jning p\u00e5 90 grader med st\u00f8rrelsen 89 x 222 mm. Til installation af emh\u00e6tte.","robots":{"index":"index","follow":"follow","max-snippet":"max-snippet:-1","max-image-preview":"max-image-preview:large","max-video-preview":"max-video-preview:-1"},"canonical":"https:\/\/ztove.com\/produkt\/90-bend-vertical-flat-89-x-222-mm\/","og_locale":"da_DK","og_type":"article","og_title":"90\u00b0 vertikal b\u00f8jning | 89 x 222 mm - Ztove","og_description":"Flad vertikal b\u00f8jning p\u00e5 90 grader med st\u00f8rrelsen 89 x 222 mm. Til installation af emh\u00e6tte.","og_url":"https:\/\/ztove.com\/produkt\/90-bend-vertical-flat-89-x-222-mm\/","og_site_name":"Ztove","article_publisher":"https:\/\/www.facebook.com\/Ztove\/","article_modified_time":"2025-11-11T20:55:28+00:00","og_image":[{"width":2048,"height":2048,"url":"https:\/\/ztove.com\/wp-content\/uploads\/2024\/09\/4043004-scaled.jpg","type":"image\/jpeg"}],"twitter_card":"summary_large_image","twitter_misc":{"Estimeret l\u00e6setid":"1 minut"},"schema":{"@context":"https:\/\/schema.org","@graph":[{"@type":"WebPage","@id":"https:\/\/ztove.com\/produkt\/90-bend-vertical-flat-89-x-222-mm\/","url":"https:\/\/ztove.com\/produkt\/90-bend-vertical-flat-89-x-222-mm\/","name":"90\u00b0 vertikal b\u00f8jning | 89 x 222 mm - Ztove","isPartOf":{"@id":"https:\/\/ztove.com\/#website"},"primaryImageOfPage":{"@id":"https:\/\/ztove.com\/produkt\/90-bend-vertical-flat-89-x-222-mm\/#primaryimage"},"image":{"@id":"https:\/\/ztove.com\/produkt\/90-bend-vertical-flat-89-x-222-mm\/#primaryimage"},"thumbnailUrl":"https:\/\/ztove.com\/wp-content\/uploads\/2024\/09\/4043004-scaled.jpg","datePublished":"2024-09-17T13:28:27+00:00","dateModified":"2025-11-11T20:55:28+00:00","description":"Flad vertikal b\u00f8jning p\u00e5 90 grader med st\u00f8rrelsen 89 x 222 mm. Til installation af emh\u00e6tte.","breadcrumb":{"@id":"https:\/\/ztove.com\/produkt\/90-bend-vertical-flat-89-x-222-mm\/#breadcrumb"},"inLanguage":"da-DK","potentialAction":[{"@type":"ReadAction","target":["https:\/\/ztove.com\/produkt\/90-bend-vertical-flat-89-x-222-mm\/"]}]},{"@type":"ImageObject","inLanguage":"da-DK","@id":"https:\/\/ztove.com\/produkt\/90-bend-vertical-flat-89-x-222-mm\/#primaryimage","url":"https:\/\/ztove.com\/wp-content\/uploads\/2024\/09\/4043004-scaled.jpg","contentUrl":"https:\/\/ztove.com\/wp-content\/uploads\/2024\/09\/4043004-scaled.jpg","width":2048,"height":2048},{"@type":"BreadcrumbList","@id":"https:\/\/ztove.com\/produkt\/90-bend-vertical-flat-89-x-222-mm\/#breadcrumb","itemListElement":[{"@type":"ListItem","position":1,"name":"Hjem","item":"https:\/\/ztove.com\/"},{"@type":"ListItem","position":2,"name":"Products","item":"https:\/\/ztove.com\/products\/"},{"@type":"ListItem","position":3,"name":"90\u00b0 vertikal b\u00f8jning | 89 x 222 mm"}]},{"@type":"WebSite","@id":"https:\/\/ztove.com\/#website","url":"https:\/\/ztove.com\/","name":"Ztove","description":"Oplev pr\u00e6cis temperaturstyring","publisher":{"@id":"https:\/\/ztove.com\/#organization"},"potentialAction":[{"@type":"SearchAction","target":{"@type":"EntryPoint","urlTemplate":"https:\/\/ztove.com\/?s={search_term_string}"},"query-input":{"@type":"PropertyValueSpecification","valueRequired":true,"valueName":"search_term_string"}}],"inLanguage":"da-DK"},{"@type":"Organization","@id":"https:\/\/ztove.com\/#organization","name":"Ztove","url":"https:\/\/ztove.com\/","logo":{"@type":"ImageObject","inLanguage":"da-DK","@id":"https:\/\/ztove.com\/#\/schema\/logo\/image\/","url":"https:\/\/ztove.com\/wp-content\/uploads\/2022\/10\/Ztove-Full-Brand-Horizontal-RGB.png","contentUrl":"https:\/\/ztove.com\/wp-content\/uploads\/2022\/10\/Ztove-Full-Brand-Horizontal-RGB.png","width":2560,"height":801,"caption":"Ztove"},"image":{"@id":"https:\/\/ztove.com\/#\/schema\/logo\/image\/"},"sameAs":["https:\/\/www.facebook.com\/Ztove\/"]}]}},"_links":{"self":[{"href":"https:\/\/ztove.com\/da\/wp-json\/wp\/v2\/product\/21842","targetHints":{"allow":["GET"]}}],"collection":[{"href":"https:\/\/ztove.com\/da\/wp-json\/wp\/v2\/product"}],"about":[{"href":"https:\/\/ztove.com\/da\/wp-json\/wp\/v2\/types\/product"}],"wp:featuredmedia":[{"embeddable":true,"href":"https:\/\/ztove.com\/da\/wp-json\/wp\/v2\/media\/21693"}],"wp:attachment":[{"href":"https:\/\/ztove.com\/da\/wp-json\/wp\/v2\/media?parent=21842"}],"wp:term":[{"taxonomy":"product_brand","embeddable":true,"href":"https:\/\/ztove.com\/da\/wp-json\/wp\/v2\/product_brand?post=21842"},{"taxonomy":"product_cat","embeddable":true,"href":"https:\/\/ztove.com\/da\/wp-json\/wp\/v2\/product_cat?post=21842"},{"taxonomy":"product_tag","embeddable":true,"href":"https:\/\/ztove.com\/da\/wp-json\/wp\/v2\/product_tag?post=21842"}],"curies":[{"name":"wp","href":"https:\/\/api.w.org\/{rel}","templated":true}]}}