{"id":21825,"date":"2024-09-17T14:26:18","date_gmt":"2024-09-17T12:26:18","guid":{"rendered":"https:\/\/ztove.com\/?post_type=product&#038;p=21825"},"modified":"2026-04-02T20:00:16","modified_gmt":"2026-04-02T18:00:16","slug":"taetningstape-10-meter","status":"publish","type":"product","link":"https:\/\/ztove.com\/da\/produkt\/taetningstape-10-meter\/","title":{"rendered":"Tape 10 meter"},"content":{"rendered":"","protected":false},"excerpt":{"rendered":"<article class=\"text-token-text-primary w-full focus:outline-none scroll-mt-[calc(var(--header-height)+min(200px,max(70px,20svh)))]\" dir=\"auto\" tabindex=\"-1\" data-turn-id=\"c5a0c5f0-ced2-45a5-b0b3-cd6b4f9272e2\" data-testid=\"conversation-turn-2\" data-scroll-anchor=\"true\" data-turn=\"assistant\">\n<div class=\"text-base my-auto mx-auto pb-10 [--thread-content-margin:--spacing(4)] @[37rem]:[--thread-content-margin:--spacing(6)] @[72rem]:[--thread-content-margin:--spacing(16)] px-(--thread-content-margin)\">\n<div class=\"[--thread-content-max-width:32rem] @[34rem]:[--thread-content-max-width:40rem] @[64rem]:[--thread-content-max-width:48rem] mx-auto max-w-(--thread-content-max-width) flex-1 group\/turn-messages focus-visible:outline-hidden relative flex w-full min-w-0 flex-col agent-turn\" tabindex=\"-1\" data-prokeyscachednode=\"false\">\n<div class=\"flex max-w-full flex-col grow\">\n<div class=\"min-h-8 text-message relative flex w-full flex-col items-end gap-2 text-start break-words whitespace-normal [.text-message+&amp;]:mt-5\" dir=\"auto\" data-message-author-role=\"assistant\" data-message-id=\"6a88da61-fed0-4197-aa86-4e0604a633b0\" data-message-model-slug=\"gpt-5\">\n<div class=\"flex w-full flex-col gap-1 empty:hidden first:pt-[3px]\">\n<div class=\"markdown prose dark:prose-invert w-full break-words dark markdown-new-styling\">\n<p data-start=\"0\" data-end=\"152\" data-is-last-node=\"\" data-is-only-node=\"\">T\u00e6tningstape til ventilationskanaler. Tapen bruges til at t\u00e6tne isoleringen, n\u00e5r r\u00f8ret er sk\u00e5ret over og isoleringen er brudt, samt til samlinger i PVC.<\/p>\n<\/div>\n<\/div>\n<\/div>\n<\/div>\n<\/div>\n<\/div>\n<\/article>\n","protected":false},"featured_media":21628,"template":"","meta":{"_acf_changed":false},"product_brand":[],"product_cat":[809,799],"product_tag":[],"class_list":{"0":"post-21825","1":"product","2":"type-product","3":"status-publish","4":"has-post-thumbnail","6":"product_cat-aftraek","7":"product_cat-ducting-da","9":"first","10":"instock","11":"taxable","12":"shipping-taxable","13":"purchasable","14":"product-type-simple"},"acf":[],"yoast_head":"<!-- This site is optimized with the Yoast SEO plugin v27.2 - https:\/\/yoast.com\/product\/yoast-seo-wordpress\/ -->\n<title>Tape 10 meter - Ztove<\/title>\n<meta name=\"description\" content=\"Sealing tape for ventilation ducts. The tape is used to seal the insulation when the pipe has been cut and the insulation is broken, and for joints in PVC.\" \/>\n<meta name=\"robots\" content=\"index, follow, max-snippet:-1, max-image-preview:large, max-video-preview:-1\" \/>\n<link rel=\"canonical\" href=\"https:\/\/ztove.com\/produkt\/sealing-tape-10-meters\/\" \/>\n<meta property=\"og:locale\" content=\"da_DK\" \/>\n<meta property=\"og:type\" content=\"article\" \/>\n<meta property=\"og:title\" content=\"Tape 10 meter - Ztove\" \/>\n<meta property=\"og:description\" content=\"Sealing tape for ventilation ducts. The tape is used to seal the insulation when the pipe has been cut and the insulation is broken, and for joints in PVC.\" \/>\n<meta property=\"og:url\" content=\"https:\/\/ztove.com\/produkt\/sealing-tape-10-meters\/\" \/>\n<meta property=\"og:site_name\" content=\"Ztove\" \/>\n<meta property=\"article:publisher\" content=\"https:\/\/www.facebook.com\/Ztove\/\" \/>\n<meta property=\"article:modified_time\" content=\"2026-04-02T18:00:16+00:00\" \/>\n<meta property=\"og:image\" content=\"https:\/\/ztove.com\/wp-content\/uploads\/2024\/09\/4021128-scaled.jpg\" \/>\n\t<meta property=\"og:image:width\" content=\"2048\" \/>\n\t<meta property=\"og:image:height\" content=\"2048\" \/>\n\t<meta property=\"og:image:type\" content=\"image\/jpeg\" \/>\n<meta name=\"twitter:card\" content=\"summary_large_image\" \/>\n<meta name=\"twitter:label1\" content=\"Estimeret l\u00e6setid\" \/>\n\t<meta name=\"twitter:data1\" content=\"1 minut\" \/>\n<script type=\"application\/ld+json\" class=\"yoast-schema-graph\">{\"@context\":\"https:\/\/schema.org\",\"@graph\":[{\"@type\":\"WebPage\",\"@id\":\"https:\/\/ztove.com\/produkt\/sealing-tape-10-meters\/\",\"url\":\"https:\/\/ztove.com\/produkt\/sealing-tape-10-meters\/\",\"name\":\"Tape 10 meter - Ztove\",\"isPartOf\":{\"@id\":\"https:\/\/ztove.com\/#website\"},\"primaryImageOfPage\":{\"@id\":\"https:\/\/ztove.com\/produkt\/sealing-tape-10-meters\/#primaryimage\"},\"image\":{\"@id\":\"https:\/\/ztove.com\/produkt\/sealing-tape-10-meters\/#primaryimage\"},\"thumbnailUrl\":\"https:\/\/ztove.com\/wp-content\/uploads\/2024\/09\/4021128-scaled.jpg\",\"datePublished\":\"2024-09-17T12:26:18+00:00\",\"dateModified\":\"2026-04-02T18:00:16+00:00\",\"description\":\"Sealing tape for ventilation ducts. The tape is used to seal the insulation when the pipe has been cut and the insulation is broken, and for joints in PVC.\",\"breadcrumb\":{\"@id\":\"https:\/\/ztove.com\/produkt\/sealing-tape-10-meters\/#breadcrumb\"},\"inLanguage\":\"da-DK\",\"potentialAction\":[{\"@type\":\"ReadAction\",\"target\":[\"https:\/\/ztove.com\/produkt\/sealing-tape-10-meters\/\"]}]},{\"@type\":\"ImageObject\",\"inLanguage\":\"da-DK\",\"@id\":\"https:\/\/ztove.com\/produkt\/sealing-tape-10-meters\/#primaryimage\",\"url\":\"https:\/\/ztove.com\/wp-content\/uploads\/2024\/09\/4021128-scaled.jpg\",\"contentUrl\":\"https:\/\/ztove.com\/wp-content\/uploads\/2024\/09\/4021128-scaled.jpg\",\"width\":2048,\"height\":2048},{\"@type\":\"BreadcrumbList\",\"@id\":\"https:\/\/ztove.com\/produkt\/sealing-tape-10-meters\/#breadcrumb\",\"itemListElement\":[{\"@type\":\"ListItem\",\"position\":1,\"name\":\"Hjem\",\"item\":\"https:\/\/ztove.com\/\"},{\"@type\":\"ListItem\",\"position\":2,\"name\":\"Products\",\"item\":\"https:\/\/ztove.com\/products\/\"},{\"@type\":\"ListItem\",\"position\":3,\"name\":\"Tape 10 meter\"}]},{\"@type\":\"WebSite\",\"@id\":\"https:\/\/ztove.com\/#website\",\"url\":\"https:\/\/ztove.com\/\",\"name\":\"Ztove\",\"description\":\"Oplev pr\u00e6cis temperaturstyring\",\"publisher\":{\"@id\":\"https:\/\/ztove.com\/#organization\"},\"potentialAction\":[{\"@type\":\"SearchAction\",\"target\":{\"@type\":\"EntryPoint\",\"urlTemplate\":\"https:\/\/ztove.com\/?s={search_term_string}\"},\"query-input\":{\"@type\":\"PropertyValueSpecification\",\"valueRequired\":true,\"valueName\":\"search_term_string\"}}],\"inLanguage\":\"da-DK\"},{\"@type\":\"Organization\",\"@id\":\"https:\/\/ztove.com\/#organization\",\"name\":\"Ztove\",\"url\":\"https:\/\/ztove.com\/\",\"logo\":{\"@type\":\"ImageObject\",\"inLanguage\":\"da-DK\",\"@id\":\"https:\/\/ztove.com\/#\/schema\/logo\/image\/\",\"url\":\"https:\/\/ztove.com\/wp-content\/uploads\/2022\/10\/Ztove-Full-Brand-Horizontal-RGB.png\",\"contentUrl\":\"https:\/\/ztove.com\/wp-content\/uploads\/2022\/10\/Ztove-Full-Brand-Horizontal-RGB.png\",\"width\":2560,\"height\":801,\"caption\":\"Ztove\"},\"image\":{\"@id\":\"https:\/\/ztove.com\/#\/schema\/logo\/image\/\"},\"sameAs\":[\"https:\/\/www.facebook.com\/Ztove\/\"]}]}<\/script>\n<!-- \/ Yoast SEO plugin. -->","yoast_head_json":{"title":"Tape 10 meter - Ztove","description":"Sealing tape for ventilation ducts. The tape is used to seal the insulation when the pipe has been cut and the insulation is broken, and for joints in PVC.","robots":{"index":"index","follow":"follow","max-snippet":"max-snippet:-1","max-image-preview":"max-image-preview:large","max-video-preview":"max-video-preview:-1"},"canonical":"https:\/\/ztove.com\/produkt\/sealing-tape-10-meters\/","og_locale":"da_DK","og_type":"article","og_title":"Tape 10 meter - Ztove","og_description":"Sealing tape for ventilation ducts. The tape is used to seal the insulation when the pipe has been cut and the insulation is broken, and for joints in PVC.","og_url":"https:\/\/ztove.com\/produkt\/sealing-tape-10-meters\/","og_site_name":"Ztove","article_publisher":"https:\/\/www.facebook.com\/Ztove\/","article_modified_time":"2026-04-02T18:00:16+00:00","og_image":[{"width":2048,"height":2048,"url":"https:\/\/ztove.com\/wp-content\/uploads\/2024\/09\/4021128-scaled.jpg","type":"image\/jpeg"}],"twitter_card":"summary_large_image","twitter_misc":{"Estimeret l\u00e6setid":"1 minut"},"schema":{"@context":"https:\/\/schema.org","@graph":[{"@type":"WebPage","@id":"https:\/\/ztove.com\/produkt\/sealing-tape-10-meters\/","url":"https:\/\/ztove.com\/produkt\/sealing-tape-10-meters\/","name":"Tape 10 meter - Ztove","isPartOf":{"@id":"https:\/\/ztove.com\/#website"},"primaryImageOfPage":{"@id":"https:\/\/ztove.com\/produkt\/sealing-tape-10-meters\/#primaryimage"},"image":{"@id":"https:\/\/ztove.com\/produkt\/sealing-tape-10-meters\/#primaryimage"},"thumbnailUrl":"https:\/\/ztove.com\/wp-content\/uploads\/2024\/09\/4021128-scaled.jpg","datePublished":"2024-09-17T12:26:18+00:00","dateModified":"2026-04-02T18:00:16+00:00","description":"Sealing tape for ventilation ducts. The tape is used to seal the insulation when the pipe has been cut and the insulation is broken, and for joints in PVC.","breadcrumb":{"@id":"https:\/\/ztove.com\/produkt\/sealing-tape-10-meters\/#breadcrumb"},"inLanguage":"da-DK","potentialAction":[{"@type":"ReadAction","target":["https:\/\/ztove.com\/produkt\/sealing-tape-10-meters\/"]}]},{"@type":"ImageObject","inLanguage":"da-DK","@id":"https:\/\/ztove.com\/produkt\/sealing-tape-10-meters\/#primaryimage","url":"https:\/\/ztove.com\/wp-content\/uploads\/2024\/09\/4021128-scaled.jpg","contentUrl":"https:\/\/ztove.com\/wp-content\/uploads\/2024\/09\/4021128-scaled.jpg","width":2048,"height":2048},{"@type":"BreadcrumbList","@id":"https:\/\/ztove.com\/produkt\/sealing-tape-10-meters\/#breadcrumb","itemListElement":[{"@type":"ListItem","position":1,"name":"Hjem","item":"https:\/\/ztove.com\/"},{"@type":"ListItem","position":2,"name":"Products","item":"https:\/\/ztove.com\/products\/"},{"@type":"ListItem","position":3,"name":"Tape 10 meter"}]},{"@type":"WebSite","@id":"https:\/\/ztove.com\/#website","url":"https:\/\/ztove.com\/","name":"Ztove","description":"Oplev pr\u00e6cis temperaturstyring","publisher":{"@id":"https:\/\/ztove.com\/#organization"},"potentialAction":[{"@type":"SearchAction","target":{"@type":"EntryPoint","urlTemplate":"https:\/\/ztove.com\/?s={search_term_string}"},"query-input":{"@type":"PropertyValueSpecification","valueRequired":true,"valueName":"search_term_string"}}],"inLanguage":"da-DK"},{"@type":"Organization","@id":"https:\/\/ztove.com\/#organization","name":"Ztove","url":"https:\/\/ztove.com\/","logo":{"@type":"ImageObject","inLanguage":"da-DK","@id":"https:\/\/ztove.com\/#\/schema\/logo\/image\/","url":"https:\/\/ztove.com\/wp-content\/uploads\/2022\/10\/Ztove-Full-Brand-Horizontal-RGB.png","contentUrl":"https:\/\/ztove.com\/wp-content\/uploads\/2022\/10\/Ztove-Full-Brand-Horizontal-RGB.png","width":2560,"height":801,"caption":"Ztove"},"image":{"@id":"https:\/\/ztove.com\/#\/schema\/logo\/image\/"},"sameAs":["https:\/\/www.facebook.com\/Ztove\/"]}]}},"_links":{"self":[{"href":"https:\/\/ztove.com\/da\/wp-json\/wp\/v2\/product\/21825","targetHints":{"allow":["GET"]}}],"collection":[{"href":"https:\/\/ztove.com\/da\/wp-json\/wp\/v2\/product"}],"about":[{"href":"https:\/\/ztove.com\/da\/wp-json\/wp\/v2\/types\/product"}],"wp:featuredmedia":[{"embeddable":true,"href":"https:\/\/ztove.com\/da\/wp-json\/wp\/v2\/media\/21628"}],"wp:attachment":[{"href":"https:\/\/ztove.com\/da\/wp-json\/wp\/v2\/media?parent=21825"}],"wp:term":[{"taxonomy":"product_brand","embeddable":true,"href":"https:\/\/ztove.com\/da\/wp-json\/wp\/v2\/product_brand?post=21825"},{"taxonomy":"product_cat","embeddable":true,"href":"https:\/\/ztove.com\/da\/wp-json\/wp\/v2\/product_cat?post=21825"},{"taxonomy":"product_tag","embeddable":true,"href":"https:\/\/ztove.com\/da\/wp-json\/wp\/v2\/product_tag?post=21825"}],"curies":[{"name":"wp","href":"https:\/\/api.w.org\/{rel}","templated":true}]}}