{"id":1886,"date":"2022-09-28T10:17:06","date_gmt":"2022-09-28T08:17:06","guid":{"rendered":"https:\/\/ztove.com\/product\/extra-glass-lid\/"},"modified":"2024-02-28T14:46:36","modified_gmt":"2024-02-28T13:46:36","slug":"ekstra-glaslaag","status":"publish","type":"product","link":"https:\/\/ztove.com\/da\/produkt\/ekstra-glaslaag\/","title":{"rendered":"Ekstra glasl\u00e5g"},"content":{"rendered":"","protected":false},"excerpt":{"rendered":"<p>Glasl\u00e5g er inkluderet n\u00e5r du k\u00f8ber kogegrej fra Ztove. K\u00f8b kun dette hvis du har behov for et ekstra glasl\u00e5g.<\/p>\n","protected":false},"featured_media":1881,"template":"","meta":{"_acf_changed":false},"product_brand":[],"product_cat":[68],"product_tag":[],"class_list":{"0":"post-1886","1":"product","2":"type-product","3":"status-publish","4":"has-post-thumbnail","6":"product_cat-tilbehoer","8":"first","9":"instock","10":"taxable","11":"shipping-taxable","12":"purchasable","13":"product-type-variable"},"acf":[],"yoast_head":"<!-- This site is optimized with the Yoast SEO plugin v27.2 - https:\/\/yoast.com\/product\/yoast-seo-wordpress\/ -->\n<title>Ekstra glasl\u00e5g - Ztove<\/title>\n<meta name=\"description\" content=\"Glasl\u00e5g 16 cm til en Ztove 1.5L kasserolle. Glasl\u00e5g medf\u00f8lger altid ved k\u00f8b af Ztove kogegrej, s\u00e5 k\u00f8b kun dette, hvis du har brug for ekstra.\" \/>\n<meta name=\"robots\" content=\"index, follow, max-snippet:-1, max-image-preview:large, max-video-preview:-1\" \/>\n<link rel=\"canonical\" href=\"https:\/\/ztove.com\/produkt\/extra-glass-lid\/\" \/>\n<meta property=\"og:locale\" content=\"da_DK\" \/>\n<meta property=\"og:type\" content=\"article\" \/>\n<meta property=\"og:title\" content=\"Ekstra glasl\u00e5g - Ztove\" \/>\n<meta property=\"og:description\" content=\"Glasl\u00e5g 16 cm til en Ztove 1.5L kasserolle. Glasl\u00e5g medf\u00f8lger altid ved k\u00f8b af Ztove kogegrej, s\u00e5 k\u00f8b kun dette, hvis du har brug for ekstra.\" \/>\n<meta property=\"og:url\" content=\"https:\/\/ztove.com\/produkt\/extra-glass-lid\/\" \/>\n<meta property=\"og:site_name\" content=\"Ztove\" \/>\n<meta property=\"article:publisher\" content=\"https:\/\/www.facebook.com\/Ztove\/\" \/>\n<meta property=\"article:modified_time\" content=\"2024-02-28T13:46:36+00:00\" \/>\n<meta property=\"og:image\" content=\"https:\/\/ztove.com\/wp-content\/uploads\/2022\/09\/Screenshot_2022-10-09_at_14.08.56-removebg-preview.png\" \/>\n\t<meta property=\"og:image:width\" content=\"500\" \/>\n\t<meta property=\"og:image:height\" content=\"500\" \/>\n\t<meta property=\"og:image:type\" content=\"image\/png\" \/>\n<meta name=\"twitter:card\" content=\"summary_large_image\" \/>\n<meta name=\"twitter:label1\" content=\"Estimeret l\u00e6setid\" \/>\n\t<meta name=\"twitter:data1\" content=\"1 minut\" \/>\n<script type=\"application\/ld+json\" class=\"yoast-schema-graph\">{\"@context\":\"https:\/\/schema.org\",\"@graph\":[{\"@type\":\"WebPage\",\"@id\":\"https:\/\/ztove.com\/produkt\/extra-glass-lid\/\",\"url\":\"https:\/\/ztove.com\/produkt\/extra-glass-lid\/\",\"name\":\"Ekstra glasl\u00e5g - Ztove\",\"isPartOf\":{\"@id\":\"https:\/\/ztove.com\/#website\"},\"primaryImageOfPage\":{\"@id\":\"https:\/\/ztove.com\/produkt\/extra-glass-lid\/#primaryimage\"},\"image\":{\"@id\":\"https:\/\/ztove.com\/produkt\/extra-glass-lid\/#primaryimage\"},\"thumbnailUrl\":\"https:\/\/ztove.com\/wp-content\/uploads\/2022\/09\/Screenshot_2022-10-09_at_14.08.56-removebg-preview.png\",\"datePublished\":\"2022-09-28T08:17:06+00:00\",\"dateModified\":\"2024-02-28T13:46:36+00:00\",\"description\":\"Glasl\u00e5g 16 cm til en Ztove 1.5L kasserolle. Glasl\u00e5g medf\u00f8lger altid ved k\u00f8b af Ztove kogegrej, s\u00e5 k\u00f8b kun dette, hvis du har brug for ekstra.\",\"breadcrumb\":{\"@id\":\"https:\/\/ztove.com\/produkt\/extra-glass-lid\/#breadcrumb\"},\"inLanguage\":\"da-DK\",\"potentialAction\":[{\"@type\":\"ReadAction\",\"target\":[\"https:\/\/ztove.com\/produkt\/extra-glass-lid\/\"]}]},{\"@type\":\"ImageObject\",\"inLanguage\":\"da-DK\",\"@id\":\"https:\/\/ztove.com\/produkt\/extra-glass-lid\/#primaryimage\",\"url\":\"https:\/\/ztove.com\/wp-content\/uploads\/2022\/09\/Screenshot_2022-10-09_at_14.08.56-removebg-preview.png\",\"contentUrl\":\"https:\/\/ztove.com\/wp-content\/uploads\/2022\/09\/Screenshot_2022-10-09_at_14.08.56-removebg-preview.png\",\"width\":500,\"height\":500},{\"@type\":\"BreadcrumbList\",\"@id\":\"https:\/\/ztove.com\/produkt\/extra-glass-lid\/#breadcrumb\",\"itemListElement\":[{\"@type\":\"ListItem\",\"position\":1,\"name\":\"Hjem\",\"item\":\"https:\/\/ztove.com\/\"},{\"@type\":\"ListItem\",\"position\":2,\"name\":\"Products\",\"item\":\"https:\/\/ztove.com\/products\/\"},{\"@type\":\"ListItem\",\"position\":3,\"name\":\"Ekstra glasl\u00e5g\"}]},{\"@type\":\"WebSite\",\"@id\":\"https:\/\/ztove.com\/#website\",\"url\":\"https:\/\/ztove.com\/\",\"name\":\"Ztove\",\"description\":\"Oplev pr\u00e6cis temperaturstyring\",\"publisher\":{\"@id\":\"https:\/\/ztove.com\/#organization\"},\"potentialAction\":[{\"@type\":\"SearchAction\",\"target\":{\"@type\":\"EntryPoint\",\"urlTemplate\":\"https:\/\/ztove.com\/?s={search_term_string}\"},\"query-input\":{\"@type\":\"PropertyValueSpecification\",\"valueRequired\":true,\"valueName\":\"search_term_string\"}}],\"inLanguage\":\"da-DK\"},{\"@type\":\"Organization\",\"@id\":\"https:\/\/ztove.com\/#organization\",\"name\":\"Ztove\",\"url\":\"https:\/\/ztove.com\/\",\"logo\":{\"@type\":\"ImageObject\",\"inLanguage\":\"da-DK\",\"@id\":\"https:\/\/ztove.com\/#\/schema\/logo\/image\/\",\"url\":\"https:\/\/ztove.com\/wp-content\/uploads\/2022\/10\/Ztove-Full-Brand-Horizontal-RGB.png\",\"contentUrl\":\"https:\/\/ztove.com\/wp-content\/uploads\/2022\/10\/Ztove-Full-Brand-Horizontal-RGB.png\",\"width\":2560,\"height\":801,\"caption\":\"Ztove\"},\"image\":{\"@id\":\"https:\/\/ztove.com\/#\/schema\/logo\/image\/\"},\"sameAs\":[\"https:\/\/www.facebook.com\/Ztove\/\"]}]}<\/script>\n<!-- \/ Yoast SEO plugin. -->","yoast_head_json":{"title":"Ekstra glasl\u00e5g - Ztove","description":"Glasl\u00e5g 16 cm til en Ztove 1.5L kasserolle. Glasl\u00e5g medf\u00f8lger altid ved k\u00f8b af Ztove kogegrej, s\u00e5 k\u00f8b kun dette, hvis du har brug for ekstra.","robots":{"index":"index","follow":"follow","max-snippet":"max-snippet:-1","max-image-preview":"max-image-preview:large","max-video-preview":"max-video-preview:-1"},"canonical":"https:\/\/ztove.com\/produkt\/extra-glass-lid\/","og_locale":"da_DK","og_type":"article","og_title":"Ekstra glasl\u00e5g - Ztove","og_description":"Glasl\u00e5g 16 cm til en Ztove 1.5L kasserolle. Glasl\u00e5g medf\u00f8lger altid ved k\u00f8b af Ztove kogegrej, s\u00e5 k\u00f8b kun dette, hvis du har brug for ekstra.","og_url":"https:\/\/ztove.com\/produkt\/extra-glass-lid\/","og_site_name":"Ztove","article_publisher":"https:\/\/www.facebook.com\/Ztove\/","article_modified_time":"2024-02-28T13:46:36+00:00","og_image":[{"width":500,"height":500,"url":"https:\/\/ztove.com\/wp-content\/uploads\/2022\/09\/Screenshot_2022-10-09_at_14.08.56-removebg-preview.png","type":"image\/png"}],"twitter_card":"summary_large_image","twitter_misc":{"Estimeret l\u00e6setid":"1 minut"},"schema":{"@context":"https:\/\/schema.org","@graph":[{"@type":"WebPage","@id":"https:\/\/ztove.com\/produkt\/extra-glass-lid\/","url":"https:\/\/ztove.com\/produkt\/extra-glass-lid\/","name":"Ekstra glasl\u00e5g - Ztove","isPartOf":{"@id":"https:\/\/ztove.com\/#website"},"primaryImageOfPage":{"@id":"https:\/\/ztove.com\/produkt\/extra-glass-lid\/#primaryimage"},"image":{"@id":"https:\/\/ztove.com\/produkt\/extra-glass-lid\/#primaryimage"},"thumbnailUrl":"https:\/\/ztove.com\/wp-content\/uploads\/2022\/09\/Screenshot_2022-10-09_at_14.08.56-removebg-preview.png","datePublished":"2022-09-28T08:17:06+00:00","dateModified":"2024-02-28T13:46:36+00:00","description":"Glasl\u00e5g 16 cm til en Ztove 1.5L kasserolle. Glasl\u00e5g medf\u00f8lger altid ved k\u00f8b af Ztove kogegrej, s\u00e5 k\u00f8b kun dette, hvis du har brug for ekstra.","breadcrumb":{"@id":"https:\/\/ztove.com\/produkt\/extra-glass-lid\/#breadcrumb"},"inLanguage":"da-DK","potentialAction":[{"@type":"ReadAction","target":["https:\/\/ztove.com\/produkt\/extra-glass-lid\/"]}]},{"@type":"ImageObject","inLanguage":"da-DK","@id":"https:\/\/ztove.com\/produkt\/extra-glass-lid\/#primaryimage","url":"https:\/\/ztove.com\/wp-content\/uploads\/2022\/09\/Screenshot_2022-10-09_at_14.08.56-removebg-preview.png","contentUrl":"https:\/\/ztove.com\/wp-content\/uploads\/2022\/09\/Screenshot_2022-10-09_at_14.08.56-removebg-preview.png","width":500,"height":500},{"@type":"BreadcrumbList","@id":"https:\/\/ztove.com\/produkt\/extra-glass-lid\/#breadcrumb","itemListElement":[{"@type":"ListItem","position":1,"name":"Hjem","item":"https:\/\/ztove.com\/"},{"@type":"ListItem","position":2,"name":"Products","item":"https:\/\/ztove.com\/products\/"},{"@type":"ListItem","position":3,"name":"Ekstra glasl\u00e5g"}]},{"@type":"WebSite","@id":"https:\/\/ztove.com\/#website","url":"https:\/\/ztove.com\/","name":"Ztove","description":"Oplev pr\u00e6cis temperaturstyring","publisher":{"@id":"https:\/\/ztove.com\/#organization"},"potentialAction":[{"@type":"SearchAction","target":{"@type":"EntryPoint","urlTemplate":"https:\/\/ztove.com\/?s={search_term_string}"},"query-input":{"@type":"PropertyValueSpecification","valueRequired":true,"valueName":"search_term_string"}}],"inLanguage":"da-DK"},{"@type":"Organization","@id":"https:\/\/ztove.com\/#organization","name":"Ztove","url":"https:\/\/ztove.com\/","logo":{"@type":"ImageObject","inLanguage":"da-DK","@id":"https:\/\/ztove.com\/#\/schema\/logo\/image\/","url":"https:\/\/ztove.com\/wp-content\/uploads\/2022\/10\/Ztove-Full-Brand-Horizontal-RGB.png","contentUrl":"https:\/\/ztove.com\/wp-content\/uploads\/2022\/10\/Ztove-Full-Brand-Horizontal-RGB.png","width":2560,"height":801,"caption":"Ztove"},"image":{"@id":"https:\/\/ztove.com\/#\/schema\/logo\/image\/"},"sameAs":["https:\/\/www.facebook.com\/Ztove\/"]}]}},"_links":{"self":[{"href":"https:\/\/ztove.com\/da\/wp-json\/wp\/v2\/product\/1886","targetHints":{"allow":["GET"]}}],"collection":[{"href":"https:\/\/ztove.com\/da\/wp-json\/wp\/v2\/product"}],"about":[{"href":"https:\/\/ztove.com\/da\/wp-json\/wp\/v2\/types\/product"}],"wp:featuredmedia":[{"embeddable":true,"href":"https:\/\/ztove.com\/da\/wp-json\/wp\/v2\/media\/1881"}],"wp:attachment":[{"href":"https:\/\/ztove.com\/da\/wp-json\/wp\/v2\/media?parent=1886"}],"wp:term":[{"taxonomy":"product_brand","embeddable":true,"href":"https:\/\/ztove.com\/da\/wp-json\/wp\/v2\/product_brand?post=1886"},{"taxonomy":"product_cat","embeddable":true,"href":"https:\/\/ztove.com\/da\/wp-json\/wp\/v2\/product_cat?post=1886"},{"taxonomy":"product_tag","embeddable":true,"href":"https:\/\/ztove.com\/da\/wp-json\/wp\/v2\/product_tag?post=1886"}],"curies":[{"name":"wp","href":"https:\/\/api.w.org\/{rel}","templated":true}]}}