{"id":1884,"date":"2022-09-23T21:03:51","date_gmt":"2022-09-23T19:03:51","guid":{"rendered":"https:\/\/ztove.com\/product\/ztove-pot-5-l\/"},"modified":"2026-03-23T20:03:15","modified_gmt":"2026-03-23T19:03:15","slug":"ztove-gryde-5-l","status":"publish","type":"product","link":"https:\/\/ztove.com\/da\/produkt\/ztove-gryde-5-l\/","title":{"rendered":"Ztove Gryde &#8211; 5 L"},"content":{"rendered":"","protected":false},"excerpt":{"rendered":"<p>Ztove Smart Cookware m\u00e5ler temperaturen med 1 \u00baC pr\u00e6cision. Forbind til Ztove kogepladen for at styre temperaturen fra 0-250 \u00b0C. Intet br\u00e6nder p\u00e5 eller koger over.<\/p>\n<ul>\n<li><strong>Indbygget temperatursensor:<\/strong> M\u00e5ler temperaturen med \u00b1 1 \u00baC pr\u00e6cision.<\/li>\n<li><strong>Tyk 3-lags bund af st\u00e5l og aluminium:<\/strong> Giver perfekt varmefordeling.<\/li>\n<li><strong>Drypfri h\u00e6ldekanter:<\/strong> H\u00e6ld uden at spilde.<\/li>\n<\/ul>\n<p>Gryden p\u00e5 5 liter er god til at lave st\u00f8rre portioner, sous vide store stykker k\u00f8d eller lave friture. Glasl\u00e5g medf\u00f8lger.<\/p>\n","protected":false},"featured_media":12402,"template":"","meta":{"_acf_changed":false},"product_brand":[],"product_cat":[69],"product_tag":[],"class_list":{"0":"post-1884","1":"product","2":"type-product","3":"status-publish","4":"has-post-thumbnail","6":"product_cat-kogegrej-mix-match","8":"first","9":"instock","10":"taxable","11":"shipping-taxable","12":"purchasable","13":"product-type-simple"},"acf":[],"yoast_head":"<!-- This site is optimized with the Yoast SEO plugin v27.2 - https:\/\/yoast.com\/product\/yoast-seo-wordpress\/ -->\n<title>Gryde 5 liter fra Ztove - Rustfrit st\u00e5l og glasl\u00e5g<\/title>\n<meta name=\"description\" content=\"En 5 liter gryde fra Ztove er lavet af rustfrit st\u00e5l og leveres med et glasl\u00e5g. F\u00e5 temperaturstyring med en induktionskogeplade fra Ztove.\" \/>\n<meta name=\"robots\" content=\"index, follow, max-snippet:-1, max-image-preview:large, max-video-preview:-1\" \/>\n<link rel=\"canonical\" href=\"https:\/\/ztove.com\/produkt\/ztove-pot-5-l\/\" \/>\n<meta property=\"og:locale\" content=\"da_DK\" \/>\n<meta property=\"og:type\" content=\"article\" \/>\n<meta property=\"og:title\" content=\"Gryde 5 liter fra Ztove - Rustfrit st\u00e5l og glasl\u00e5g\" \/>\n<meta property=\"og:description\" content=\"En 5 liter gryde fra Ztove er lavet af rustfrit st\u00e5l og leveres med et glasl\u00e5g. F\u00e5 temperaturstyring med en induktionskogeplade fra Ztove.\" \/>\n<meta property=\"og:url\" content=\"https:\/\/ztove.com\/produkt\/ztove-pot-5-l\/\" \/>\n<meta property=\"og:site_name\" content=\"Ztove\" \/>\n<meta property=\"article:publisher\" content=\"https:\/\/www.facebook.com\/Ztove\/\" \/>\n<meta property=\"article:modified_time\" content=\"2026-03-23T19:03:15+00:00\" \/>\n<meta property=\"og:image\" content=\"https:\/\/ztove.com\/wp-content\/uploads\/2022\/09\/5L-pot-scaled.jpeg\" \/>\n\t<meta property=\"og:image:width\" content=\"2048\" \/>\n\t<meta property=\"og:image:height\" content=\"1365\" \/>\n\t<meta property=\"og:image:type\" content=\"image\/jpeg\" \/>\n<meta name=\"twitter:card\" content=\"summary_large_image\" \/>\n<meta name=\"twitter:label1\" content=\"Estimeret l\u00e6setid\" \/>\n\t<meta name=\"twitter:data1\" content=\"1 minut\" \/>\n<script type=\"application\/ld+json\" class=\"yoast-schema-graph\">{\"@context\":\"https:\/\/schema.org\",\"@graph\":[{\"@type\":\"WebPage\",\"@id\":\"https:\/\/ztove.com\/produkt\/ztove-pot-5-l\/\",\"url\":\"https:\/\/ztove.com\/produkt\/ztove-pot-5-l\/\",\"name\":\"Gryde 5 liter fra Ztove - Rustfrit st\u00e5l og glasl\u00e5g\",\"isPartOf\":{\"@id\":\"https:\/\/ztove.com\/#website\"},\"primaryImageOfPage\":{\"@id\":\"https:\/\/ztove.com\/produkt\/ztove-pot-5-l\/#primaryimage\"},\"image\":{\"@id\":\"https:\/\/ztove.com\/produkt\/ztove-pot-5-l\/#primaryimage\"},\"thumbnailUrl\":\"https:\/\/ztove.com\/wp-content\/uploads\/2022\/09\/5L-pot-scaled.jpeg\",\"datePublished\":\"2022-09-23T19:03:51+00:00\",\"dateModified\":\"2026-03-23T19:03:15+00:00\",\"description\":\"En 5 liter gryde fra Ztove er lavet af rustfrit st\u00e5l og leveres med et glasl\u00e5g. F\u00e5 temperaturstyring med en induktionskogeplade fra Ztove.\",\"breadcrumb\":{\"@id\":\"https:\/\/ztove.com\/produkt\/ztove-pot-5-l\/#breadcrumb\"},\"inLanguage\":\"da-DK\",\"potentialAction\":[{\"@type\":\"ReadAction\",\"target\":[\"https:\/\/ztove.com\/produkt\/ztove-pot-5-l\/\"]}]},{\"@type\":\"ImageObject\",\"inLanguage\":\"da-DK\",\"@id\":\"https:\/\/ztove.com\/produkt\/ztove-pot-5-l\/#primaryimage\",\"url\":\"https:\/\/ztove.com\/wp-content\/uploads\/2022\/09\/5L-pot-scaled.jpeg\",\"contentUrl\":\"https:\/\/ztove.com\/wp-content\/uploads\/2022\/09\/5L-pot-scaled.jpeg\",\"width\":2048,\"height\":1365,\"caption\":\"Ztove 5 liter induktionsgryde i rustfrit st\u00e5l, velegnet til familieportioner, med smart temperaturteknologi\"},{\"@type\":\"BreadcrumbList\",\"@id\":\"https:\/\/ztove.com\/produkt\/ztove-pot-5-l\/#breadcrumb\",\"itemListElement\":[{\"@type\":\"ListItem\",\"position\":1,\"name\":\"Hjem\",\"item\":\"https:\/\/ztove.com\/\"},{\"@type\":\"ListItem\",\"position\":2,\"name\":\"Products\",\"item\":\"https:\/\/ztove.com\/products\/\"},{\"@type\":\"ListItem\",\"position\":3,\"name\":\"Ztove Gryde &#8211; 5 L\"}]},{\"@type\":\"WebSite\",\"@id\":\"https:\/\/ztove.com\/#website\",\"url\":\"https:\/\/ztove.com\/\",\"name\":\"Ztove\",\"description\":\"Oplev pr\u00e6cis temperaturstyring\",\"publisher\":{\"@id\":\"https:\/\/ztove.com\/#organization\"},\"potentialAction\":[{\"@type\":\"SearchAction\",\"target\":{\"@type\":\"EntryPoint\",\"urlTemplate\":\"https:\/\/ztove.com\/?s={search_term_string}\"},\"query-input\":{\"@type\":\"PropertyValueSpecification\",\"valueRequired\":true,\"valueName\":\"search_term_string\"}}],\"inLanguage\":\"da-DK\"},{\"@type\":\"Organization\",\"@id\":\"https:\/\/ztove.com\/#organization\",\"name\":\"Ztove\",\"url\":\"https:\/\/ztove.com\/\",\"logo\":{\"@type\":\"ImageObject\",\"inLanguage\":\"da-DK\",\"@id\":\"https:\/\/ztove.com\/#\/schema\/logo\/image\/\",\"url\":\"https:\/\/ztove.com\/wp-content\/uploads\/2022\/10\/Ztove-Full-Brand-Horizontal-RGB.png\",\"contentUrl\":\"https:\/\/ztove.com\/wp-content\/uploads\/2022\/10\/Ztove-Full-Brand-Horizontal-RGB.png\",\"width\":2560,\"height\":801,\"caption\":\"Ztove\"},\"image\":{\"@id\":\"https:\/\/ztove.com\/#\/schema\/logo\/image\/\"},\"sameAs\":[\"https:\/\/www.facebook.com\/Ztove\/\"]}]}<\/script>\n<!-- \/ Yoast SEO plugin. -->","yoast_head_json":{"title":"Gryde 5 liter fra Ztove - Rustfrit st\u00e5l og glasl\u00e5g","description":"En 5 liter gryde fra Ztove er lavet af rustfrit st\u00e5l og leveres med et glasl\u00e5g. F\u00e5 temperaturstyring med en induktionskogeplade fra Ztove.","robots":{"index":"index","follow":"follow","max-snippet":"max-snippet:-1","max-image-preview":"max-image-preview:large","max-video-preview":"max-video-preview:-1"},"canonical":"https:\/\/ztove.com\/produkt\/ztove-pot-5-l\/","og_locale":"da_DK","og_type":"article","og_title":"Gryde 5 liter fra Ztove - Rustfrit st\u00e5l og glasl\u00e5g","og_description":"En 5 liter gryde fra Ztove er lavet af rustfrit st\u00e5l og leveres med et glasl\u00e5g. F\u00e5 temperaturstyring med en induktionskogeplade fra Ztove.","og_url":"https:\/\/ztove.com\/produkt\/ztove-pot-5-l\/","og_site_name":"Ztove","article_publisher":"https:\/\/www.facebook.com\/Ztove\/","article_modified_time":"2026-03-23T19:03:15+00:00","og_image":[{"width":2048,"height":1365,"url":"https:\/\/ztove.com\/wp-content\/uploads\/2022\/09\/5L-pot-scaled.jpeg","type":"image\/jpeg"}],"twitter_card":"summary_large_image","twitter_misc":{"Estimeret l\u00e6setid":"1 minut"},"schema":{"@context":"https:\/\/schema.org","@graph":[{"@type":"WebPage","@id":"https:\/\/ztove.com\/produkt\/ztove-pot-5-l\/","url":"https:\/\/ztove.com\/produkt\/ztove-pot-5-l\/","name":"Gryde 5 liter fra Ztove - Rustfrit st\u00e5l og glasl\u00e5g","isPartOf":{"@id":"https:\/\/ztove.com\/#website"},"primaryImageOfPage":{"@id":"https:\/\/ztove.com\/produkt\/ztove-pot-5-l\/#primaryimage"},"image":{"@id":"https:\/\/ztove.com\/produkt\/ztove-pot-5-l\/#primaryimage"},"thumbnailUrl":"https:\/\/ztove.com\/wp-content\/uploads\/2022\/09\/5L-pot-scaled.jpeg","datePublished":"2022-09-23T19:03:51+00:00","dateModified":"2026-03-23T19:03:15+00:00","description":"En 5 liter gryde fra Ztove er lavet af rustfrit st\u00e5l og leveres med et glasl\u00e5g. F\u00e5 temperaturstyring med en induktionskogeplade fra Ztove.","breadcrumb":{"@id":"https:\/\/ztove.com\/produkt\/ztove-pot-5-l\/#breadcrumb"},"inLanguage":"da-DK","potentialAction":[{"@type":"ReadAction","target":["https:\/\/ztove.com\/produkt\/ztove-pot-5-l\/"]}]},{"@type":"ImageObject","inLanguage":"da-DK","@id":"https:\/\/ztove.com\/produkt\/ztove-pot-5-l\/#primaryimage","url":"https:\/\/ztove.com\/wp-content\/uploads\/2022\/09\/5L-pot-scaled.jpeg","contentUrl":"https:\/\/ztove.com\/wp-content\/uploads\/2022\/09\/5L-pot-scaled.jpeg","width":2048,"height":1365,"caption":"Ztove 5 liter induktionsgryde i rustfrit st\u00e5l, velegnet til familieportioner, med smart temperaturteknologi"},{"@type":"BreadcrumbList","@id":"https:\/\/ztove.com\/produkt\/ztove-pot-5-l\/#breadcrumb","itemListElement":[{"@type":"ListItem","position":1,"name":"Hjem","item":"https:\/\/ztove.com\/"},{"@type":"ListItem","position":2,"name":"Products","item":"https:\/\/ztove.com\/products\/"},{"@type":"ListItem","position":3,"name":"Ztove Gryde &#8211; 5 L"}]},{"@type":"WebSite","@id":"https:\/\/ztove.com\/#website","url":"https:\/\/ztove.com\/","name":"Ztove","description":"Oplev pr\u00e6cis temperaturstyring","publisher":{"@id":"https:\/\/ztove.com\/#organization"},"potentialAction":[{"@type":"SearchAction","target":{"@type":"EntryPoint","urlTemplate":"https:\/\/ztove.com\/?s={search_term_string}"},"query-input":{"@type":"PropertyValueSpecification","valueRequired":true,"valueName":"search_term_string"}}],"inLanguage":"da-DK"},{"@type":"Organization","@id":"https:\/\/ztove.com\/#organization","name":"Ztove","url":"https:\/\/ztove.com\/","logo":{"@type":"ImageObject","inLanguage":"da-DK","@id":"https:\/\/ztove.com\/#\/schema\/logo\/image\/","url":"https:\/\/ztove.com\/wp-content\/uploads\/2022\/10\/Ztove-Full-Brand-Horizontal-RGB.png","contentUrl":"https:\/\/ztove.com\/wp-content\/uploads\/2022\/10\/Ztove-Full-Brand-Horizontal-RGB.png","width":2560,"height":801,"caption":"Ztove"},"image":{"@id":"https:\/\/ztove.com\/#\/schema\/logo\/image\/"},"sameAs":["https:\/\/www.facebook.com\/Ztove\/"]}]}},"_links":{"self":[{"href":"https:\/\/ztove.com\/da\/wp-json\/wp\/v2\/product\/1884","targetHints":{"allow":["GET"]}}],"collection":[{"href":"https:\/\/ztove.com\/da\/wp-json\/wp\/v2\/product"}],"about":[{"href":"https:\/\/ztove.com\/da\/wp-json\/wp\/v2\/types\/product"}],"wp:featuredmedia":[{"embeddable":true,"href":"https:\/\/ztove.com\/da\/wp-json\/wp\/v2\/media\/12402"}],"wp:attachment":[{"href":"https:\/\/ztove.com\/da\/wp-json\/wp\/v2\/media?parent=1884"}],"wp:term":[{"taxonomy":"product_brand","embeddable":true,"href":"https:\/\/ztove.com\/da\/wp-json\/wp\/v2\/product_brand?post=1884"},{"taxonomy":"product_cat","embeddable":true,"href":"https:\/\/ztove.com\/da\/wp-json\/wp\/v2\/product_cat?post=1884"},{"taxonomy":"product_tag","embeddable":true,"href":"https:\/\/ztove.com\/da\/wp-json\/wp\/v2\/product_tag?post=1884"}],"curies":[{"name":"wp","href":"https:\/\/api.w.org\/{rel}","templated":true}]}}