{"id":1883,"date":"2022-09-22T13:24:29","date_gmt":"2022-09-22T11:24:29","guid":{"rendered":"https:\/\/ztove.com\/product\/ztove-pan-24-cm\/"},"modified":"2026-03-23T20:03:15","modified_gmt":"2026-03-23T19:03:15","slug":"ztove-pande-24-cm","status":"publish","type":"product","link":"https:\/\/ztove.com\/da\/produkt\/ztove-pande-24-cm\/","title":{"rendered":"Ztove Stegepande &#8211; 24 cm"},"content":{"rendered":"","protected":false},"excerpt":{"rendered":"<p>Ztove Smart Cookware m\u00e5ler temperaturen med 1 \u00baC pr\u00e6cision. Forbind til Ztove kogepladen for at styre temperaturen fra 0-250 \u00b0C. Intet br\u00e6nder p\u00e5 eller koger over.<\/p>\n<ul>\n<li><strong>Indbygget temperatursensor:<\/strong> M\u00e5ler temperaturen med \u00b1 1 \u00baC pr\u00e6cision.<\/li>\n<li><strong>Tyk 3-lags bund af st\u00e5l og aluminium:<\/strong> Giver perfekt varmefordeling.<\/li>\n<li><strong>Hold temperatur under 220 \u00b0C:<\/strong> Giver langtidsholdbar non-stick.<\/li>\n<\/ul>\n<p>Ztove-panden p\u00e5 24 cm er perfekt til hverdagsbrug. Non-stick bel\u00e6gningen sikrer, at intet sidder fast i panden. Glasl\u00e5g medf\u00f8lger.<\/p>\n","protected":false},"featured_media":12406,"template":"","meta":{"_acf_changed":false},"product_brand":[],"product_cat":[69],"product_tag":[],"class_list":{"0":"post-1883","1":"product","2":"type-product","3":"status-publish","4":"has-post-thumbnail","6":"product_cat-kogegrej-mix-match","8":"first","9":"instock","10":"taxable","11":"shipping-taxable","12":"purchasable","13":"product-type-simple"},"acf":[],"yoast_head":"<!-- This site is optimized with the Yoast SEO plugin v27.2 - https:\/\/yoast.com\/product\/yoast-seo-wordpress\/ -->\n<title>Stegepande 24cm fra Ztove - Langtidsholdbar non-stick bel\u00e6gning<\/title>\n<meta name=\"description\" content=\"Denne Ztove stegepande har non-stick-bel\u00e6gning og kan ikke opvarmes til mere end 250 \u00baC p\u00e5 en Ztove kogeplade. Det \u00f8ger holdbarheden markant.\" \/>\n<meta name=\"robots\" content=\"index, follow, max-snippet:-1, max-image-preview:large, max-video-preview:-1\" \/>\n<link rel=\"canonical\" href=\"https:\/\/ztove.com\/produkt\/ztove-pan-24-cm\/\" \/>\n<meta property=\"og:locale\" content=\"da_DK\" \/>\n<meta property=\"og:type\" content=\"article\" \/>\n<meta property=\"og:title\" content=\"Stegepande 24cm fra Ztove - Langtidsholdbar non-stick bel\u00e6gning\" \/>\n<meta property=\"og:description\" content=\"Denne Ztove stegepande har non-stick-bel\u00e6gning og kan ikke opvarmes til mere end 250 \u00baC p\u00e5 en Ztove kogeplade. Det \u00f8ger holdbarheden markant.\" \/>\n<meta property=\"og:url\" content=\"https:\/\/ztove.com\/produkt\/ztove-pan-24-cm\/\" \/>\n<meta property=\"og:site_name\" content=\"Ztove\" \/>\n<meta property=\"article:publisher\" content=\"https:\/\/www.facebook.com\/Ztove\/\" \/>\n<meta property=\"article:modified_time\" content=\"2026-03-23T19:03:15+00:00\" \/>\n<meta property=\"og:image\" content=\"https:\/\/ztove.com\/wp-content\/uploads\/2022\/09\/24-cm-pan-scaled.jpeg\" \/>\n\t<meta property=\"og:image:width\" content=\"2048\" \/>\n\t<meta property=\"og:image:height\" content=\"1365\" \/>\n\t<meta property=\"og:image:type\" content=\"image\/jpeg\" \/>\n<meta name=\"twitter:card\" content=\"summary_large_image\" \/>\n<meta name=\"twitter:label1\" content=\"Estimeret l\u00e6setid\" \/>\n\t<meta name=\"twitter:data1\" content=\"1 minut\" \/>\n<script type=\"application\/ld+json\" class=\"yoast-schema-graph\">{\"@context\":\"https:\/\/schema.org\",\"@graph\":[{\"@type\":\"WebPage\",\"@id\":\"https:\/\/ztove.com\/produkt\/ztove-pan-24-cm\/\",\"url\":\"https:\/\/ztove.com\/produkt\/ztove-pan-24-cm\/\",\"name\":\"Stegepande 24cm fra Ztove - Langtidsholdbar non-stick bel\u00e6gning\",\"isPartOf\":{\"@id\":\"https:\/\/ztove.com\/#website\"},\"primaryImageOfPage\":{\"@id\":\"https:\/\/ztove.com\/produkt\/ztove-pan-24-cm\/#primaryimage\"},\"image\":{\"@id\":\"https:\/\/ztove.com\/produkt\/ztove-pan-24-cm\/#primaryimage\"},\"thumbnailUrl\":\"https:\/\/ztove.com\/wp-content\/uploads\/2022\/09\/24-cm-pan-scaled.jpeg\",\"datePublished\":\"2022-09-22T11:24:29+00:00\",\"dateModified\":\"2026-03-23T19:03:15+00:00\",\"description\":\"Denne Ztove stegepande har non-stick-bel\u00e6gning og kan ikke opvarmes til mere end 250 \u00baC p\u00e5 en Ztove kogeplade. Det \u00f8ger holdbarheden markant.\",\"breadcrumb\":{\"@id\":\"https:\/\/ztove.com\/produkt\/ztove-pan-24-cm\/#breadcrumb\"},\"inLanguage\":\"da-DK\",\"potentialAction\":[{\"@type\":\"ReadAction\",\"target\":[\"https:\/\/ztove.com\/produkt\/ztove-pan-24-cm\/\"]}]},{\"@type\":\"ImageObject\",\"inLanguage\":\"da-DK\",\"@id\":\"https:\/\/ztove.com\/produkt\/ztove-pan-24-cm\/#primaryimage\",\"url\":\"https:\/\/ztove.com\/wp-content\/uploads\/2022\/09\/24-cm-pan-scaled.jpeg\",\"contentUrl\":\"https:\/\/ztove.com\/wp-content\/uploads\/2022\/09\/24-cm-pan-scaled.jpeg\",\"width\":2048,\"height\":1365,\"caption\":\"Ztove 24 cm non-stick induktionspande, perfekt til hverdagsbrug, med unik temperaturkontrol for ensartet madlavning\"},{\"@type\":\"BreadcrumbList\",\"@id\":\"https:\/\/ztove.com\/produkt\/ztove-pan-24-cm\/#breadcrumb\",\"itemListElement\":[{\"@type\":\"ListItem\",\"position\":1,\"name\":\"Hjem\",\"item\":\"https:\/\/ztove.com\/\"},{\"@type\":\"ListItem\",\"position\":2,\"name\":\"Products\",\"item\":\"https:\/\/ztove.com\/products\/\"},{\"@type\":\"ListItem\",\"position\":3,\"name\":\"Ztove Stegepande &#8211; 24 cm\"}]},{\"@type\":\"WebSite\",\"@id\":\"https:\/\/ztove.com\/#website\",\"url\":\"https:\/\/ztove.com\/\",\"name\":\"Ztove\",\"description\":\"Oplev pr\u00e6cis temperaturstyring\",\"publisher\":{\"@id\":\"https:\/\/ztove.com\/#organization\"},\"potentialAction\":[{\"@type\":\"SearchAction\",\"target\":{\"@type\":\"EntryPoint\",\"urlTemplate\":\"https:\/\/ztove.com\/?s={search_term_string}\"},\"query-input\":{\"@type\":\"PropertyValueSpecification\",\"valueRequired\":true,\"valueName\":\"search_term_string\"}}],\"inLanguage\":\"da-DK\"},{\"@type\":\"Organization\",\"@id\":\"https:\/\/ztove.com\/#organization\",\"name\":\"Ztove\",\"url\":\"https:\/\/ztove.com\/\",\"logo\":{\"@type\":\"ImageObject\",\"inLanguage\":\"da-DK\",\"@id\":\"https:\/\/ztove.com\/#\/schema\/logo\/image\/\",\"url\":\"https:\/\/ztove.com\/wp-content\/uploads\/2022\/10\/Ztove-Full-Brand-Horizontal-RGB.png\",\"contentUrl\":\"https:\/\/ztove.com\/wp-content\/uploads\/2022\/10\/Ztove-Full-Brand-Horizontal-RGB.png\",\"width\":2560,\"height\":801,\"caption\":\"Ztove\"},\"image\":{\"@id\":\"https:\/\/ztove.com\/#\/schema\/logo\/image\/\"},\"sameAs\":[\"https:\/\/www.facebook.com\/Ztove\/\"]}]}<\/script>\n<!-- \/ Yoast SEO plugin. -->","yoast_head_json":{"title":"Stegepande 24cm fra Ztove - Langtidsholdbar non-stick bel\u00e6gning","description":"Denne Ztove stegepande har non-stick-bel\u00e6gning og kan ikke opvarmes til mere end 250 \u00baC p\u00e5 en Ztove kogeplade. Det \u00f8ger holdbarheden markant.","robots":{"index":"index","follow":"follow","max-snippet":"max-snippet:-1","max-image-preview":"max-image-preview:large","max-video-preview":"max-video-preview:-1"},"canonical":"https:\/\/ztove.com\/produkt\/ztove-pan-24-cm\/","og_locale":"da_DK","og_type":"article","og_title":"Stegepande 24cm fra Ztove - Langtidsholdbar non-stick bel\u00e6gning","og_description":"Denne Ztove stegepande har non-stick-bel\u00e6gning og kan ikke opvarmes til mere end 250 \u00baC p\u00e5 en Ztove kogeplade. Det \u00f8ger holdbarheden markant.","og_url":"https:\/\/ztove.com\/produkt\/ztove-pan-24-cm\/","og_site_name":"Ztove","article_publisher":"https:\/\/www.facebook.com\/Ztove\/","article_modified_time":"2026-03-23T19:03:15+00:00","og_image":[{"width":2048,"height":1365,"url":"https:\/\/ztove.com\/wp-content\/uploads\/2022\/09\/24-cm-pan-scaled.jpeg","type":"image\/jpeg"}],"twitter_card":"summary_large_image","twitter_misc":{"Estimeret l\u00e6setid":"1 minut"},"schema":{"@context":"https:\/\/schema.org","@graph":[{"@type":"WebPage","@id":"https:\/\/ztove.com\/produkt\/ztove-pan-24-cm\/","url":"https:\/\/ztove.com\/produkt\/ztove-pan-24-cm\/","name":"Stegepande 24cm fra Ztove - Langtidsholdbar non-stick bel\u00e6gning","isPartOf":{"@id":"https:\/\/ztove.com\/#website"},"primaryImageOfPage":{"@id":"https:\/\/ztove.com\/produkt\/ztove-pan-24-cm\/#primaryimage"},"image":{"@id":"https:\/\/ztove.com\/produkt\/ztove-pan-24-cm\/#primaryimage"},"thumbnailUrl":"https:\/\/ztove.com\/wp-content\/uploads\/2022\/09\/24-cm-pan-scaled.jpeg","datePublished":"2022-09-22T11:24:29+00:00","dateModified":"2026-03-23T19:03:15+00:00","description":"Denne Ztove stegepande har non-stick-bel\u00e6gning og kan ikke opvarmes til mere end 250 \u00baC p\u00e5 en Ztove kogeplade. Det \u00f8ger holdbarheden markant.","breadcrumb":{"@id":"https:\/\/ztove.com\/produkt\/ztove-pan-24-cm\/#breadcrumb"},"inLanguage":"da-DK","potentialAction":[{"@type":"ReadAction","target":["https:\/\/ztove.com\/produkt\/ztove-pan-24-cm\/"]}]},{"@type":"ImageObject","inLanguage":"da-DK","@id":"https:\/\/ztove.com\/produkt\/ztove-pan-24-cm\/#primaryimage","url":"https:\/\/ztove.com\/wp-content\/uploads\/2022\/09\/24-cm-pan-scaled.jpeg","contentUrl":"https:\/\/ztove.com\/wp-content\/uploads\/2022\/09\/24-cm-pan-scaled.jpeg","width":2048,"height":1365,"caption":"Ztove 24 cm non-stick induktionspande, perfekt til hverdagsbrug, med unik temperaturkontrol for ensartet madlavning"},{"@type":"BreadcrumbList","@id":"https:\/\/ztove.com\/produkt\/ztove-pan-24-cm\/#breadcrumb","itemListElement":[{"@type":"ListItem","position":1,"name":"Hjem","item":"https:\/\/ztove.com\/"},{"@type":"ListItem","position":2,"name":"Products","item":"https:\/\/ztove.com\/products\/"},{"@type":"ListItem","position":3,"name":"Ztove Stegepande &#8211; 24 cm"}]},{"@type":"WebSite","@id":"https:\/\/ztove.com\/#website","url":"https:\/\/ztove.com\/","name":"Ztove","description":"Oplev pr\u00e6cis temperaturstyring","publisher":{"@id":"https:\/\/ztove.com\/#organization"},"potentialAction":[{"@type":"SearchAction","target":{"@type":"EntryPoint","urlTemplate":"https:\/\/ztove.com\/?s={search_term_string}"},"query-input":{"@type":"PropertyValueSpecification","valueRequired":true,"valueName":"search_term_string"}}],"inLanguage":"da-DK"},{"@type":"Organization","@id":"https:\/\/ztove.com\/#organization","name":"Ztove","url":"https:\/\/ztove.com\/","logo":{"@type":"ImageObject","inLanguage":"da-DK","@id":"https:\/\/ztove.com\/#\/schema\/logo\/image\/","url":"https:\/\/ztove.com\/wp-content\/uploads\/2022\/10\/Ztove-Full-Brand-Horizontal-RGB.png","contentUrl":"https:\/\/ztove.com\/wp-content\/uploads\/2022\/10\/Ztove-Full-Brand-Horizontal-RGB.png","width":2560,"height":801,"caption":"Ztove"},"image":{"@id":"https:\/\/ztove.com\/#\/schema\/logo\/image\/"},"sameAs":["https:\/\/www.facebook.com\/Ztove\/"]}]}},"_links":{"self":[{"href":"https:\/\/ztove.com\/da\/wp-json\/wp\/v2\/product\/1883","targetHints":{"allow":["GET"]}}],"collection":[{"href":"https:\/\/ztove.com\/da\/wp-json\/wp\/v2\/product"}],"about":[{"href":"https:\/\/ztove.com\/da\/wp-json\/wp\/v2\/types\/product"}],"wp:featuredmedia":[{"embeddable":true,"href":"https:\/\/ztove.com\/da\/wp-json\/wp\/v2\/media\/12406"}],"wp:attachment":[{"href":"https:\/\/ztove.com\/da\/wp-json\/wp\/v2\/media?parent=1883"}],"wp:term":[{"taxonomy":"product_brand","embeddable":true,"href":"https:\/\/ztove.com\/da\/wp-json\/wp\/v2\/product_brand?post=1883"},{"taxonomy":"product_cat","embeddable":true,"href":"https:\/\/ztove.com\/da\/wp-json\/wp\/v2\/product_cat?post=1883"},{"taxonomy":"product_tag","embeddable":true,"href":"https:\/\/ztove.com\/da\/wp-json\/wp\/v2\/product_tag?post=1883"}],"curies":[{"name":"wp","href":"https:\/\/api.w.org\/{rel}","templated":true}]}}