{"id":1506,"date":"2022-08-24T11:19:15","date_gmt":"2022-08-24T09:19:15","guid":{"rendered":"https:\/\/ztove.com\/frequently-asked-questions\/"},"modified":"2025-11-02T16:45:28","modified_gmt":"2025-11-02T15:45:28","slug":"ofte-stillede-spoergsmaal","status":"publish","type":"page","link":"https:\/\/ztove.com\/da\/ofte-stillede-spoergsmaal\/","title":{"rendered":"Ofte stillede sp\u00f8rgsm\u00e5l"},"content":{"rendered":"","protected":false},"excerpt":{"rendered":"","protected":false},"author":2,"featured_media":0,"parent":0,"menu_order":0,"comment_status":"closed","ping_status":"closed","template":"","meta":{"_acf_changed":false,"footnotes":""},"class_list":["post-1506","page","type-page","status-publish","hentry"],"acf":[],"yoast_head":"<!-- This site is optimized with the Yoast SEO plugin v27.2 - https:\/\/yoast.com\/product\/yoast-seo-wordpress\/ -->\n<title>F\u00e5 svar p\u00e5 dine sp\u00f8rgsm\u00e5l | Find ofte stillede sp\u00f8rgsm\u00e5l om Ztove<\/title>\n<meta name=\"description\" content=\"Hvis du har sp\u00f8rgsm\u00e5l til Ztove finder du dem her. L\u00e6s om Ztove, handel og madlavning. Har du yderligere sp\u00f8rgsm\u00e5l kan du altid kontakte os.\" \/>\n<meta name=\"robots\" content=\"index, follow, max-snippet:-1, max-image-preview:large, max-video-preview:-1\" \/>\n<link rel=\"canonical\" href=\"https:\/\/ztove.com\/faq\/\" \/>\n<meta property=\"og:locale\" content=\"da_DK\" \/>\n<meta property=\"og:type\" content=\"article\" \/>\n<meta property=\"og:title\" content=\"F\u00e5 svar p\u00e5 dine sp\u00f8rgsm\u00e5l | Find ofte stillede sp\u00f8rgsm\u00e5l om Ztove\" \/>\n<meta property=\"og:description\" content=\"Hvis du har sp\u00f8rgsm\u00e5l til Ztove finder du dem her. L\u00e6s om Ztove, handel og madlavning. Har du yderligere sp\u00f8rgsm\u00e5l kan du altid kontakte os.\" \/>\n<meta property=\"og:url\" content=\"https:\/\/ztove.com\/faq\/\" \/>\n<meta property=\"og:site_name\" content=\"Ztove\" \/>\n<meta property=\"article:publisher\" content=\"https:\/\/www.facebook.com\/Ztove\/\" \/>\n<meta property=\"article:modified_time\" content=\"2025-11-02T15:45:28+00:00\" \/>\n<meta property=\"og:image\" content=\"https:\/\/ztove.com\/wp-content\/uploads\/2024\/01\/Ztove.png\" \/>\n\t<meta property=\"og:image:width\" content=\"1200\" \/>\n\t<meta property=\"og:image:height\" content=\"675\" \/>\n\t<meta property=\"og:image:type\" content=\"image\/png\" \/>\n<meta name=\"twitter:card\" content=\"summary_large_image\" \/>\n<script type=\"application\/ld+json\" class=\"yoast-schema-graph\">{\"@context\":\"https:\/\/schema.org\",\"@graph\":[{\"@type\":\"WebPage\",\"@id\":\"https:\/\/ztove.com\/faq\/\",\"url\":\"https:\/\/ztove.com\/faq\/\",\"name\":\"F\u00e5 svar p\u00e5 dine sp\u00f8rgsm\u00e5l | Find ofte stillede sp\u00f8rgsm\u00e5l om Ztove\",\"isPartOf\":{\"@id\":\"https:\/\/ztove.com\/#website\"},\"datePublished\":\"2022-08-24T09:19:15+00:00\",\"dateModified\":\"2025-11-02T15:45:28+00:00\",\"description\":\"Hvis du har sp\u00f8rgsm\u00e5l til Ztove finder du dem her. L\u00e6s om Ztove, handel og madlavning. Har du yderligere sp\u00f8rgsm\u00e5l kan du altid kontakte os.\",\"breadcrumb\":{\"@id\":\"https:\/\/ztove.com\/faq\/#breadcrumb\"},\"inLanguage\":\"da-DK\",\"potentialAction\":[{\"@type\":\"ReadAction\",\"target\":[\"https:\/\/ztove.com\/faq\/\"]}]},{\"@type\":\"BreadcrumbList\",\"@id\":\"https:\/\/ztove.com\/faq\/#breadcrumb\",\"itemListElement\":[{\"@type\":\"ListItem\",\"position\":1,\"name\":\"Hjem\",\"item\":\"https:\/\/ztove.com\/\"},{\"@type\":\"ListItem\",\"position\":2,\"name\":\"Ofte stillede sp\u00f8rgsm\u00e5l\"}]},{\"@type\":\"WebSite\",\"@id\":\"https:\/\/ztove.com\/#website\",\"url\":\"https:\/\/ztove.com\/\",\"name\":\"Ztove\",\"description\":\"Oplev pr\u00e6cis temperaturstyring\",\"publisher\":{\"@id\":\"https:\/\/ztove.com\/#organization\"},\"potentialAction\":[{\"@type\":\"SearchAction\",\"target\":{\"@type\":\"EntryPoint\",\"urlTemplate\":\"https:\/\/ztove.com\/?s={search_term_string}\"},\"query-input\":{\"@type\":\"PropertyValueSpecification\",\"valueRequired\":true,\"valueName\":\"search_term_string\"}}],\"inLanguage\":\"da-DK\"},{\"@type\":\"Organization\",\"@id\":\"https:\/\/ztove.com\/#organization\",\"name\":\"Ztove\",\"url\":\"https:\/\/ztove.com\/\",\"logo\":{\"@type\":\"ImageObject\",\"inLanguage\":\"da-DK\",\"@id\":\"https:\/\/ztove.com\/#\/schema\/logo\/image\/\",\"url\":\"https:\/\/ztove.com\/wp-content\/uploads\/2022\/10\/Ztove-Full-Brand-Horizontal-RGB.png\",\"contentUrl\":\"https:\/\/ztove.com\/wp-content\/uploads\/2022\/10\/Ztove-Full-Brand-Horizontal-RGB.png\",\"width\":2560,\"height\":801,\"caption\":\"Ztove\"},\"image\":{\"@id\":\"https:\/\/ztove.com\/#\/schema\/logo\/image\/\"},\"sameAs\":[\"https:\/\/www.facebook.com\/Ztove\/\"]}]}<\/script>\n<!-- \/ Yoast SEO plugin. -->","yoast_head_json":{"title":"F\u00e5 svar p\u00e5 dine sp\u00f8rgsm\u00e5l | Find ofte stillede sp\u00f8rgsm\u00e5l om Ztove","description":"Hvis du har sp\u00f8rgsm\u00e5l til Ztove finder du dem her. L\u00e6s om Ztove, handel og madlavning. Har du yderligere sp\u00f8rgsm\u00e5l kan du altid kontakte os.","robots":{"index":"index","follow":"follow","max-snippet":"max-snippet:-1","max-image-preview":"max-image-preview:large","max-video-preview":"max-video-preview:-1"},"canonical":"https:\/\/ztove.com\/faq\/","og_locale":"da_DK","og_type":"article","og_title":"F\u00e5 svar p\u00e5 dine sp\u00f8rgsm\u00e5l | Find ofte stillede sp\u00f8rgsm\u00e5l om Ztove","og_description":"Hvis du har sp\u00f8rgsm\u00e5l til Ztove finder du dem her. L\u00e6s om Ztove, handel og madlavning. Har du yderligere sp\u00f8rgsm\u00e5l kan du altid kontakte os.","og_url":"https:\/\/ztove.com\/faq\/","og_site_name":"Ztove","article_publisher":"https:\/\/www.facebook.com\/Ztove\/","article_modified_time":"2025-11-02T15:45:28+00:00","og_image":[{"width":1200,"height":675,"url":"https:\/\/ztove.com\/wp-content\/uploads\/2024\/01\/Ztove.png","type":"image\/png"}],"twitter_card":"summary_large_image","schema":{"@context":"https:\/\/schema.org","@graph":[{"@type":"WebPage","@id":"https:\/\/ztove.com\/faq\/","url":"https:\/\/ztove.com\/faq\/","name":"F\u00e5 svar p\u00e5 dine sp\u00f8rgsm\u00e5l | Find ofte stillede sp\u00f8rgsm\u00e5l om Ztove","isPartOf":{"@id":"https:\/\/ztove.com\/#website"},"datePublished":"2022-08-24T09:19:15+00:00","dateModified":"2025-11-02T15:45:28+00:00","description":"Hvis du har sp\u00f8rgsm\u00e5l til Ztove finder du dem her. L\u00e6s om Ztove, handel og madlavning. Har du yderligere sp\u00f8rgsm\u00e5l kan du altid kontakte os.","breadcrumb":{"@id":"https:\/\/ztove.com\/faq\/#breadcrumb"},"inLanguage":"da-DK","potentialAction":[{"@type":"ReadAction","target":["https:\/\/ztove.com\/faq\/"]}]},{"@type":"BreadcrumbList","@id":"https:\/\/ztove.com\/faq\/#breadcrumb","itemListElement":[{"@type":"ListItem","position":1,"name":"Hjem","item":"https:\/\/ztove.com\/"},{"@type":"ListItem","position":2,"name":"Ofte stillede sp\u00f8rgsm\u00e5l"}]},{"@type":"WebSite","@id":"https:\/\/ztove.com\/#website","url":"https:\/\/ztove.com\/","name":"Ztove","description":"Oplev pr\u00e6cis temperaturstyring","publisher":{"@id":"https:\/\/ztove.com\/#organization"},"potentialAction":[{"@type":"SearchAction","target":{"@type":"EntryPoint","urlTemplate":"https:\/\/ztove.com\/?s={search_term_string}"},"query-input":{"@type":"PropertyValueSpecification","valueRequired":true,"valueName":"search_term_string"}}],"inLanguage":"da-DK"},{"@type":"Organization","@id":"https:\/\/ztove.com\/#organization","name":"Ztove","url":"https:\/\/ztove.com\/","logo":{"@type":"ImageObject","inLanguage":"da-DK","@id":"https:\/\/ztove.com\/#\/schema\/logo\/image\/","url":"https:\/\/ztove.com\/wp-content\/uploads\/2022\/10\/Ztove-Full-Brand-Horizontal-RGB.png","contentUrl":"https:\/\/ztove.com\/wp-content\/uploads\/2022\/10\/Ztove-Full-Brand-Horizontal-RGB.png","width":2560,"height":801,"caption":"Ztove"},"image":{"@id":"https:\/\/ztove.com\/#\/schema\/logo\/image\/"},"sameAs":["https:\/\/www.facebook.com\/Ztove\/"]}]}},"_links":{"self":[{"href":"https:\/\/ztove.com\/da\/wp-json\/wp\/v2\/pages\/1506","targetHints":{"allow":["GET"]}}],"collection":[{"href":"https:\/\/ztove.com\/da\/wp-json\/wp\/v2\/pages"}],"about":[{"href":"https:\/\/ztove.com\/da\/wp-json\/wp\/v2\/types\/page"}],"author":[{"embeddable":true,"href":"https:\/\/ztove.com\/da\/wp-json\/wp\/v2\/users\/2"}],"replies":[{"embeddable":true,"href":"https:\/\/ztove.com\/da\/wp-json\/wp\/v2\/comments?post=1506"}],"version-history":[{"count":0,"href":"https:\/\/ztove.com\/da\/wp-json\/wp\/v2\/pages\/1506\/revisions"}],"wp:attachment":[{"href":"https:\/\/ztove.com\/da\/wp-json\/wp\/v2\/media?parent=1506"}],"curies":[{"name":"wp","href":"https:\/\/api.w.org\/{rel}","templated":true}]}}