{"id":1498,"date":"2022-08-19T08:36:45","date_gmt":"2022-08-19T06:36:45","guid":{"rendered":"https:\/\/ztove.com\/cookies\/"},"modified":"2022-10-16T23:17:21","modified_gmt":"2022-10-16T21:17:21","slug":"cookiepolitik","status":"publish","type":"page","link":"https:\/\/ztove.com\/da\/cookiepolitik\/","title":{"rendered":"Cookiepolitik"},"content":{"rendered":"","protected":false},"excerpt":{"rendered":"","protected":false},"author":1,"featured_media":0,"parent":0,"menu_order":0,"comment_status":"closed","ping_status":"closed","template":"","meta":{"_acf_changed":false,"footnotes":""},"class_list":["post-1498","page","type-page","status-publish","hentry"],"acf":[],"yoast_head":"<!-- This site is optimized with the Yoast SEO plugin v27.2 - https:\/\/yoast.com\/product\/yoast-seo-wordpress\/ -->\n<title>Cookiepolitik - Ztove<\/title>\n<meta name=\"description\" content=\"L\u00e6s mere om hvordan dine data bliver brugt p\u00e5 ztove.com. Du kan altid selv \u00e6ndre dine indstillinger efter dit behov.\" \/>\n<meta name=\"robots\" content=\"index, follow, max-snippet:-1, max-image-preview:large, max-video-preview:-1\" \/>\n<link rel=\"canonical\" href=\"https:\/\/ztove.com\/cookies\/\" \/>\n<meta property=\"og:locale\" content=\"da_DK\" \/>\n<meta property=\"og:type\" content=\"article\" \/>\n<meta property=\"og:title\" content=\"Cookiepolitik - Ztove\" \/>\n<meta property=\"og:description\" content=\"L\u00e6s mere om hvordan dine data bliver brugt p\u00e5 ztove.com. Du kan altid selv \u00e6ndre dine indstillinger efter dit behov.\" \/>\n<meta property=\"og:url\" content=\"https:\/\/ztove.com\/cookies\/\" \/>\n<meta property=\"og:site_name\" content=\"Ztove\" \/>\n<meta property=\"article:publisher\" content=\"https:\/\/www.facebook.com\/Ztove\/\" \/>\n<meta property=\"article:modified_time\" content=\"2022-10-16T21:17:21+00:00\" \/>\n<meta property=\"og:image\" content=\"https:\/\/ztove.com\/wp-content\/uploads\/2024\/01\/Ztove.png\" \/>\n\t<meta property=\"og:image:width\" content=\"1200\" \/>\n\t<meta property=\"og:image:height\" content=\"675\" \/>\n\t<meta property=\"og:image:type\" content=\"image\/png\" \/>\n<meta name=\"twitter:card\" content=\"summary_large_image\" \/>\n<script type=\"application\/ld+json\" class=\"yoast-schema-graph\">{\"@context\":\"https:\/\/schema.org\",\"@graph\":[{\"@type\":\"WebPage\",\"@id\":\"https:\/\/ztove.com\/cookies\/\",\"url\":\"https:\/\/ztove.com\/cookies\/\",\"name\":\"Cookiepolitik - Ztove\",\"isPartOf\":{\"@id\":\"https:\/\/ztove.com\/#website\"},\"datePublished\":\"2022-08-19T06:36:45+00:00\",\"dateModified\":\"2022-10-16T21:17:21+00:00\",\"description\":\"L\u00e6s mere om hvordan dine data bliver brugt p\u00e5 ztove.com. Du kan altid selv \u00e6ndre dine indstillinger efter dit behov.\",\"breadcrumb\":{\"@id\":\"https:\/\/ztove.com\/cookies\/#breadcrumb\"},\"inLanguage\":\"da-DK\",\"potentialAction\":[{\"@type\":\"ReadAction\",\"target\":[\"https:\/\/ztove.com\/cookies\/\"]}]},{\"@type\":\"BreadcrumbList\",\"@id\":\"https:\/\/ztove.com\/cookies\/#breadcrumb\",\"itemListElement\":[{\"@type\":\"ListItem\",\"position\":1,\"name\":\"Hjem\",\"item\":\"https:\/\/ztove.com\/\"},{\"@type\":\"ListItem\",\"position\":2,\"name\":\"Cookiepolitik\"}]},{\"@type\":\"WebSite\",\"@id\":\"https:\/\/ztove.com\/#website\",\"url\":\"https:\/\/ztove.com\/\",\"name\":\"Ztove\",\"description\":\"Oplev pr\u00e6cis temperaturstyring\",\"publisher\":{\"@id\":\"https:\/\/ztove.com\/#organization\"},\"potentialAction\":[{\"@type\":\"SearchAction\",\"target\":{\"@type\":\"EntryPoint\",\"urlTemplate\":\"https:\/\/ztove.com\/?s={search_term_string}\"},\"query-input\":{\"@type\":\"PropertyValueSpecification\",\"valueRequired\":true,\"valueName\":\"search_term_string\"}}],\"inLanguage\":\"da-DK\"},{\"@type\":\"Organization\",\"@id\":\"https:\/\/ztove.com\/#organization\",\"name\":\"Ztove\",\"url\":\"https:\/\/ztove.com\/\",\"logo\":{\"@type\":\"ImageObject\",\"inLanguage\":\"da-DK\",\"@id\":\"https:\/\/ztove.com\/#\/schema\/logo\/image\/\",\"url\":\"https:\/\/ztove.com\/wp-content\/uploads\/2022\/10\/Ztove-Full-Brand-Horizontal-RGB.png\",\"contentUrl\":\"https:\/\/ztove.com\/wp-content\/uploads\/2022\/10\/Ztove-Full-Brand-Horizontal-RGB.png\",\"width\":2560,\"height\":801,\"caption\":\"Ztove\"},\"image\":{\"@id\":\"https:\/\/ztove.com\/#\/schema\/logo\/image\/\"},\"sameAs\":[\"https:\/\/www.facebook.com\/Ztove\/\"]}]}<\/script>\n<!-- \/ Yoast SEO plugin. -->","yoast_head_json":{"title":"Cookiepolitik - Ztove","description":"L\u00e6s mere om hvordan dine data bliver brugt p\u00e5 ztove.com. Du kan altid selv \u00e6ndre dine indstillinger efter dit behov.","robots":{"index":"index","follow":"follow","max-snippet":"max-snippet:-1","max-image-preview":"max-image-preview:large","max-video-preview":"max-video-preview:-1"},"canonical":"https:\/\/ztove.com\/cookies\/","og_locale":"da_DK","og_type":"article","og_title":"Cookiepolitik - Ztove","og_description":"L\u00e6s mere om hvordan dine data bliver brugt p\u00e5 ztove.com. Du kan altid selv \u00e6ndre dine indstillinger efter dit behov.","og_url":"https:\/\/ztove.com\/cookies\/","og_site_name":"Ztove","article_publisher":"https:\/\/www.facebook.com\/Ztove\/","article_modified_time":"2022-10-16T21:17:21+00:00","og_image":[{"width":1200,"height":675,"url":"https:\/\/ztove.com\/wp-content\/uploads\/2024\/01\/Ztove.png","type":"image\/png"}],"twitter_card":"summary_large_image","schema":{"@context":"https:\/\/schema.org","@graph":[{"@type":"WebPage","@id":"https:\/\/ztove.com\/cookies\/","url":"https:\/\/ztove.com\/cookies\/","name":"Cookiepolitik - Ztove","isPartOf":{"@id":"https:\/\/ztove.com\/#website"},"datePublished":"2022-08-19T06:36:45+00:00","dateModified":"2022-10-16T21:17:21+00:00","description":"L\u00e6s mere om hvordan dine data bliver brugt p\u00e5 ztove.com. Du kan altid selv \u00e6ndre dine indstillinger efter dit behov.","breadcrumb":{"@id":"https:\/\/ztove.com\/cookies\/#breadcrumb"},"inLanguage":"da-DK","potentialAction":[{"@type":"ReadAction","target":["https:\/\/ztove.com\/cookies\/"]}]},{"@type":"BreadcrumbList","@id":"https:\/\/ztove.com\/cookies\/#breadcrumb","itemListElement":[{"@type":"ListItem","position":1,"name":"Hjem","item":"https:\/\/ztove.com\/"},{"@type":"ListItem","position":2,"name":"Cookiepolitik"}]},{"@type":"WebSite","@id":"https:\/\/ztove.com\/#website","url":"https:\/\/ztove.com\/","name":"Ztove","description":"Oplev pr\u00e6cis temperaturstyring","publisher":{"@id":"https:\/\/ztove.com\/#organization"},"potentialAction":[{"@type":"SearchAction","target":{"@type":"EntryPoint","urlTemplate":"https:\/\/ztove.com\/?s={search_term_string}"},"query-input":{"@type":"PropertyValueSpecification","valueRequired":true,"valueName":"search_term_string"}}],"inLanguage":"da-DK"},{"@type":"Organization","@id":"https:\/\/ztove.com\/#organization","name":"Ztove","url":"https:\/\/ztove.com\/","logo":{"@type":"ImageObject","inLanguage":"da-DK","@id":"https:\/\/ztove.com\/#\/schema\/logo\/image\/","url":"https:\/\/ztove.com\/wp-content\/uploads\/2022\/10\/Ztove-Full-Brand-Horizontal-RGB.png","contentUrl":"https:\/\/ztove.com\/wp-content\/uploads\/2022\/10\/Ztove-Full-Brand-Horizontal-RGB.png","width":2560,"height":801,"caption":"Ztove"},"image":{"@id":"https:\/\/ztove.com\/#\/schema\/logo\/image\/"},"sameAs":["https:\/\/www.facebook.com\/Ztove\/"]}]}},"_links":{"self":[{"href":"https:\/\/ztove.com\/da\/wp-json\/wp\/v2\/pages\/1498","targetHints":{"allow":["GET"]}}],"collection":[{"href":"https:\/\/ztove.com\/da\/wp-json\/wp\/v2\/pages"}],"about":[{"href":"https:\/\/ztove.com\/da\/wp-json\/wp\/v2\/types\/page"}],"author":[{"embeddable":true,"href":"https:\/\/ztove.com\/da\/wp-json\/wp\/v2\/users\/1"}],"replies":[{"embeddable":true,"href":"https:\/\/ztove.com\/da\/wp-json\/wp\/v2\/comments?post=1498"}],"version-history":[{"count":0,"href":"https:\/\/ztove.com\/da\/wp-json\/wp\/v2\/pages\/1498\/revisions"}],"wp:attachment":[{"href":"https:\/\/ztove.com\/da\/wp-json\/wp\/v2\/media?parent=1498"}],"curies":[{"name":"wp","href":"https:\/\/api.w.org\/{rel}","templated":true}]}}